{"id":11363,"date":"2025-04-21T18:49:08","date_gmt":"2025-04-21T16:49:08","guid":{"rendered":"https:\/\/comlm.fr\/?post_type=product&#038;p=11363"},"modified":"2025-04-21T18:54:40","modified_gmt":"2025-04-21T16:54:40","slug":"brightsign-4k","status":"publish","type":"product","link":"https:\/\/comlm.fr\/index.php\/produit\/brightsign-4k\/","title":{"rendered":"BRIGHTSIGN 4K"},"content":{"rendered":"<h4>BRIGHTSIGN 4K XT4-T<\/h4>\n<p>Performances in\u00e9gal\u00e9es pour les applications gouvernementales<\/p>\n<ul>\n<li>Conforme \u00e0 la Loi sur les accords commerciaux (LAF)<\/li>\n<li>Alimente plusieurs graphiques HTML5 simultan\u00e9ment<\/li>\n<li>Ex\u00e9cute deux vid\u00e9os 4K \u00e0 partir d\u2019un seul lecteur<\/li>\n<li>Ultra-rapide et fiable avec un r\u00e9seau Gigabit et des capacit\u00e9s PoE+<\/li>\n<li>G\u00e9rez \u00e0 distance la s\u00e9curit\u00e9 et l\u2019\u00e9tat des joueurs<\/li>\n<\/ul>\n","protected":false},"excerpt":{"rendered":"<p>BRIGHTSIGN 4K XT4-T Performances in\u00e9gal\u00e9es pour les applications gouvernementales Conforme \u00e0 la Loi sur les accords commerciaux (LAF) Alimente plusieurs graphiques HTML5 simultan\u00e9ment Ex\u00e9cute deux vid\u00e9os 4K \u00e0 partir d\u2019un [&hellip;]<\/p>\n","protected":false},"featured_media":11364,"template":"","meta":[],"product_brand":[],"product_cat":[275,273,229],"product_tag":[],"class_list":{"0":"post-11363","1":"product","2":"type-product","3":"status-publish","4":"has-post-thumbnail","6":"product_cat-diffusion-serveurs","7":"product_cat-peripherique-videos","8":"product_cat-video","11":"first","12":"instock","13":"taxable","14":"shipping-taxable","15":"product-type-simple"},"aioseo_notices":[],"_links":{"self":[{"href":"https:\/\/comlm.fr\/index.php\/wp-json\/wp\/v2\/product\/11363","targetHints":{"allow":["GET"]}}],"collection":[{"href":"https:\/\/comlm.fr\/index.php\/wp-json\/wp\/v2\/product"}],"about":[{"href":"https:\/\/comlm.fr\/index.php\/wp-json\/wp\/v2\/types\/product"}],"version-history":[{"count":1,"href":"https:\/\/comlm.fr\/index.php\/wp-json\/wp\/v2\/product\/11363\/revisions"}],"predecessor-version":[{"id":11365,"href":"https:\/\/comlm.fr\/index.php\/wp-json\/wp\/v2\/product\/11363\/revisions\/11365"}],"wp:featuredmedia":[{"embeddable":true,"href":"https:\/\/comlm.fr\/index.php\/wp-json\/wp\/v2\/media\/11364"}],"wp:attachment":[{"href":"https:\/\/comlm.fr\/index.php\/wp-json\/wp\/v2\/media?parent=11363"}],"wp:term":[{"taxonomy":"product_brand","embeddable":true,"href":"https:\/\/comlm.fr\/index.php\/wp-json\/wp\/v2\/product_brand?post=11363"},{"taxonomy":"product_cat","embeddable":true,"href":"https:\/\/comlm.fr\/index.php\/wp-json\/wp\/v2\/product_cat?post=11363"},{"taxonomy":"product_tag","embeddable":true,"href":"https:\/\/comlm.fr\/index.php\/wp-json\/wp\/v2\/product_tag?post=11363"}],"curies":[{"name":"wp","href":"https:\/\/api.w.org\/{rel}","templated":true}]}}