{"id":11355,"date":"2025-04-21T18:22:51","date_gmt":"2025-04-21T16:22:51","guid":{"rendered":"https:\/\/comlm.fr\/?post_type=product&#038;p=11355"},"modified":"2025-04-21T18:31:51","modified_gmt":"2025-04-21T16:31:51","slug":"regie-dinterpretation-bosch-ccu1-et-ccu2","status":"publish","type":"product","link":"https:\/\/comlm.fr\/index.php\/produit\/regie-dinterpretation-bosch-ccu1-et-ccu2\/","title":{"rendered":"R\u00e9gie d&#8217;interpr\u00e9tation Bosch CCU1 et CCU2"},"content":{"rendered":"<h3 class=\"titre_produit\">R\u00e9gie d&#8217;interpr\u00e9tation Bosch CCU1 et CCU2<\/h3>\n<p>Pour les syst\u00e8mes DCN Next Generation ou les sys<br \/>\nt\u00e8mes sans fil DCN, ou une combinaison des deux<br \/>\nu Avec une seule unit\u00e9 centrale ; jusqu&#8217;\u00e0 245 postes<br \/>\nde contribution c\u00e2bl\u00e9s, plus 245 postes de d\u00e9l\u00e9gu\u00e9<br \/>\nsans fil<br \/>\nu Pour plusieurs unit\u00e9s centrales, \u00e0 hauteur de 30 uni<br \/>\nt\u00e9s centrales et avec un total de 4 000 postes de<br \/>\ncontribution<br \/>\nu Microphones activ\u00e9s par la voix pour syst\u00e8mes c\u00e2<br \/>\nbl\u00e9s et sans fil<br \/>\nu Connexion Ethernet pour ordinateurs de configura<br \/>\ntion et de contr\u00f4le<\/p>\n<div class=\"product attribute a_specs_complement\">\n<div class=\"value\">\n<p>&nbsp;<\/p>\n<\/div>\n<\/div>\n","protected":false},"excerpt":{"rendered":"<p>R\u00e9gie d&#8217;interpr\u00e9tation Bosch CCU1 et CCU2 Pour les syst\u00e8mes DCN Next Generation ou les sys t\u00e8mes sans fil DCN, ou une combinaison des deux u Avec une seule unit\u00e9 centrale [&hellip;]<\/p>\n","protected":false},"featured_media":11356,"template":"","meta":[],"product_brand":[],"product_cat":[255,231],"product_tag":[],"class_list":{"0":"post-11355","1":"product","2":"type-product","3":"status-publish","4":"has-post-thumbnail","6":"product_cat-regies","7":"product_cat-traduction","10":"first","11":"instock","12":"taxable","13":"shipping-taxable","14":"product-type-simple"},"aioseo_notices":[],"_links":{"self":[{"href":"https:\/\/comlm.fr\/index.php\/wp-json\/wp\/v2\/product\/11355","targetHints":{"allow":["GET"]}}],"collection":[{"href":"https:\/\/comlm.fr\/index.php\/wp-json\/wp\/v2\/product"}],"about":[{"href":"https:\/\/comlm.fr\/index.php\/wp-json\/wp\/v2\/types\/product"}],"version-history":[{"count":1,"href":"https:\/\/comlm.fr\/index.php\/wp-json\/wp\/v2\/product\/11355\/revisions"}],"predecessor-version":[{"id":11357,"href":"https:\/\/comlm.fr\/index.php\/wp-json\/wp\/v2\/product\/11355\/revisions\/11357"}],"wp:featuredmedia":[{"embeddable":true,"href":"https:\/\/comlm.fr\/index.php\/wp-json\/wp\/v2\/media\/11356"}],"wp:attachment":[{"href":"https:\/\/comlm.fr\/index.php\/wp-json\/wp\/v2\/media?parent=11355"}],"wp:term":[{"taxonomy":"product_brand","embeddable":true,"href":"https:\/\/comlm.fr\/index.php\/wp-json\/wp\/v2\/product_brand?post=11355"},{"taxonomy":"product_cat","embeddable":true,"href":"https:\/\/comlm.fr\/index.php\/wp-json\/wp\/v2\/product_cat?post=11355"},{"taxonomy":"product_tag","embeddable":true,"href":"https:\/\/comlm.fr\/index.php\/wp-json\/wp\/v2\/product_tag?post=11355"}],"curies":[{"name":"wp","href":"https:\/\/api.w.org\/{rel}","templated":true}]}}