{"id":11347,"date":"2025-04-21T18:10:13","date_gmt":"2025-04-21T16:10:13","guid":{"rendered":"https:\/\/comlm.fr\/?post_type=product&#038;p=11347"},"modified":"2025-04-21T18:14:58","modified_gmt":"2025-04-21T16:14:58","slug":"systeme-integrus-infrarouge","status":"publish","type":"product","link":"https:\/\/comlm.fr\/index.php\/produit\/systeme-integrus-infrarouge\/","title":{"rendered":"Syst\u00e8me Integrus Infrarouge"},"content":{"rendered":"<h1 id=\"pdpItemName\" class=\"title\">Syst\u00e8me Integrus Infrarouge<\/h1>\n<ul>\n<li>INTEGRUS est un syst\u00e8me de distribution sans fil de signaux audio par rayonnement infrarouge. Il peut \u00eatre utilis\u00e9 dans un syst\u00e8me d\u2019interpr\u00e9tation simultan\u00e9e pour des conf\u00e9rences internationales o\u00f9 plusieurs langues sont utilis\u00e9es. L\u2019\u00e9metteur INT-TXO OMNEO permet \u00e0 INTEGRUS d\u2019interagir avec le syst\u00e8me de conf\u00e9rence DICENTIS. En combinaison avec l\u2019INT-L1A1, il permet un total de 31 langues.<\/li>\n<li>Radiateur LBB4512\/00 pour grande surface Radiateur haute puissance Integrus pour couvrir jusqu\u2019\u00e0 2600 m2 (27986 ft2). R\u00e9f. d\u2019article LBB4512\/00 | R\u00e9f. F.01U.074.363<\/li>\n<\/ul>\n<div class=\"product attribute a_specs_complement\">\n<div class=\"value\">\n<p>&nbsp;<\/p>\n<\/div>\n<\/div>\n","protected":false},"excerpt":{"rendered":"<p>Syst\u00e8me Integrus Infrarouge INTEGRUS est un syst\u00e8me de distribution sans fil de signaux audio par rayonnement infrarouge. Il peut \u00eatre utilis\u00e9 dans un syst\u00e8me d\u2019interpr\u00e9tation simultan\u00e9e pour des conf\u00e9rences internationales [&hellip;]<\/p>\n","protected":false},"featured_media":11348,"template":"","meta":[],"product_brand":[],"product_cat":[257,231],"product_tag":[],"class_list":{"0":"post-11347","1":"product","2":"type-product","3":"status-publish","4":"has-post-thumbnail","6":"product_cat-infra-rouge","7":"product_cat-traduction","10":"first","11":"instock","12":"taxable","13":"shipping-taxable","14":"product-type-simple"},"aioseo_notices":[],"_links":{"self":[{"href":"https:\/\/comlm.fr\/index.php\/wp-json\/wp\/v2\/product\/11347","targetHints":{"allow":["GET"]}}],"collection":[{"href":"https:\/\/comlm.fr\/index.php\/wp-json\/wp\/v2\/product"}],"about":[{"href":"https:\/\/comlm.fr\/index.php\/wp-json\/wp\/v2\/types\/product"}],"version-history":[{"count":1,"href":"https:\/\/comlm.fr\/index.php\/wp-json\/wp\/v2\/product\/11347\/revisions"}],"predecessor-version":[{"id":11349,"href":"https:\/\/comlm.fr\/index.php\/wp-json\/wp\/v2\/product\/11347\/revisions\/11349"}],"wp:featuredmedia":[{"embeddable":true,"href":"https:\/\/comlm.fr\/index.php\/wp-json\/wp\/v2\/media\/11348"}],"wp:attachment":[{"href":"https:\/\/comlm.fr\/index.php\/wp-json\/wp\/v2\/media?parent=11347"}],"wp:term":[{"taxonomy":"product_brand","embeddable":true,"href":"https:\/\/comlm.fr\/index.php\/wp-json\/wp\/v2\/product_brand?post=11347"},{"taxonomy":"product_cat","embeddable":true,"href":"https:\/\/comlm.fr\/index.php\/wp-json\/wp\/v2\/product_cat?post=11347"},{"taxonomy":"product_tag","embeddable":true,"href":"https:\/\/comlm.fr\/index.php\/wp-json\/wp\/v2\/product_tag?post=11347"}],"curies":[{"name":"wp","href":"https:\/\/api.w.org\/{rel}","templated":true}]}}