{"id":11319,"date":"2025-04-20T11:12:46","date_gmt":"2025-04-20T09:12:46","guid":{"rendered":"https:\/\/comlm.fr\/?post_type=product&#038;p=11319"},"modified":"2025-04-20T11:15:10","modified_gmt":"2025-04-20T09:15:10","slug":"tour-de-levage-line-array-hauteur-6-5m-charge-300kg-pour-palan","status":"publish","type":"product","link":"https:\/\/comlm.fr\/index.php\/produit\/tour-de-levage-line-array-hauteur-6-5m-charge-300kg-pour-palan\/","title":{"rendered":"Tour de levage line array &#8211; hauteur 6.5m &#8211; charge 300kg &#8211; pour palan"},"content":{"rendered":"<h4><span id=\"MainPanel_FormViewArticle_LabelDescription\">Tour de levage line array &#8211; hauteur 6.5m &#8211; charge 300kg &#8211; pour palan<\/span><\/h4>\n<div class=\"product attribute a_specs_complement\">\n<p class=\"DocumentationParagraphe\">Tour livr\u00e9e compl\u00e8te, sauf palan<br \/>\nFonctionne avec palan manuel ou \u00e9lectrique. Embase acier \u00e9quip\u00e9e de 2 pattes longues et 2 pattes courtes acier \u00e9poxy noir anti-reflet avec stabilisateur, 1 support pour accroche palan. Structure SC300<\/p>\n<table class=\"StyleTAble\">\n<tbody>\n<tr>\n<td class=\"caracteLibelle\" valign=\"top\"><span class=\"strongitem\">Charge admissible :\u00a0<\/span><span class=\"CarValue\">300,00\u00a0<\/span>kg<\/td>\n<\/tr>\n<\/tbody>\n<\/table>\n<table class=\"StyleTAble\">\n<tbody>\n<tr>\n<td><span class=\"strongitem\">Poids (net)<\/span>\u00a0:\u00a0135 kg<\/td>\n<\/tr>\n<\/tbody>\n<\/table>\n<\/div>\n","protected":false},"excerpt":{"rendered":"<p>Tour de levage line array &#8211; hauteur 6.5m &#8211; charge 300kg &#8211; pour palan Tour livr\u00e9e compl\u00e8te, sauf palan Fonctionne avec palan manuel ou \u00e9lectrique. Embase acier \u00e9quip\u00e9e de 2 [&hellip;]<\/p>\n","protected":false},"featured_media":11320,"template":"","meta":[],"product_brand":[],"product_cat":[267,261,116,245],"product_tag":[],"class_list":{"0":"post-11319","1":"product","2":"type-product","3":"status-publish","4":"has-post-thumbnail","6":"product_cat-accessoires-sonorisation","7":"product_cat-diffusion","8":"product_cat-sonorisation","9":"product_cat-tours-et-echafaudage","12":"first","13":"instock","14":"taxable","15":"shipping-taxable","16":"product-type-simple"},"aioseo_notices":[],"_links":{"self":[{"href":"https:\/\/comlm.fr\/index.php\/wp-json\/wp\/v2\/product\/11319","targetHints":{"allow":["GET"]}}],"collection":[{"href":"https:\/\/comlm.fr\/index.php\/wp-json\/wp\/v2\/product"}],"about":[{"href":"https:\/\/comlm.fr\/index.php\/wp-json\/wp\/v2\/types\/product"}],"version-history":[{"count":1,"href":"https:\/\/comlm.fr\/index.php\/wp-json\/wp\/v2\/product\/11319\/revisions"}],"predecessor-version":[{"id":11321,"href":"https:\/\/comlm.fr\/index.php\/wp-json\/wp\/v2\/product\/11319\/revisions\/11321"}],"wp:featuredmedia":[{"embeddable":true,"href":"https:\/\/comlm.fr\/index.php\/wp-json\/wp\/v2\/media\/11320"}],"wp:attachment":[{"href":"https:\/\/comlm.fr\/index.php\/wp-json\/wp\/v2\/media?parent=11319"}],"wp:term":[{"taxonomy":"product_brand","embeddable":true,"href":"https:\/\/comlm.fr\/index.php\/wp-json\/wp\/v2\/product_brand?post=11319"},{"taxonomy":"product_cat","embeddable":true,"href":"https:\/\/comlm.fr\/index.php\/wp-json\/wp\/v2\/product_cat?post=11319"},{"taxonomy":"product_tag","embeddable":true,"href":"https:\/\/comlm.fr\/index.php\/wp-json\/wp\/v2\/product_tag?post=11319"}],"curies":[{"name":"wp","href":"https:\/\/api.w.org\/{rel}","templated":true}]}}