{"id":11316,"date":"2025-04-20T11:09:01","date_gmt":"2025-04-20T09:09:01","guid":{"rendered":"https:\/\/comlm.fr\/?post_type=product&#038;p=11316"},"modified":"2025-04-20T11:11:14","modified_gmt":"2025-04-20T09:11:14","slug":"pied-asd-a-treuil-alt600-charge-250kg-hauteur-maxi-600m","status":"publish","type":"product","link":"https:\/\/comlm.fr\/index.php\/produit\/pied-asd-a-treuil-alt600-charge-250kg-hauteur-maxi-600m\/","title":{"rendered":"Pied ASD \u00e0 treuil ALT600 &#8211; charge 250kg &#8211; Hauteur maxi 6,00m"},"content":{"rendered":"<h4><span id=\"MainPanel_FormViewArticle_LabelDescription\">Pied ASD \u00e0 treuil ALT600 &#8211; charge 250kg &#8211; Hauteur maxi 6,00m<\/span><\/h4>\n<div class=\"product attribute a_specs_complement\">L\u2019ALT 600 est con\u00e7u pour monter des charges verticalement. Son syst\u00e8me de chariot lui permet de charger la structure \u00e0 57 cm du sol. Il est \u00e9quip\u00e9 de rattrapage de jeux, de poulies sur roulement \u00e0 billes autolubrifi\u00e9 et d\u2019un treuil auto-frein\u00e9. Il sera le produit incontournable des professionnels de l\u2019\u00e9clairage. &#8211; Treuil anti-retour \u00e9quip\u00e9 d\u2019un frein \u00e0 friction, &#8211; M\u00e2ts avec syst\u00e8me de blocage et de rattrapage de jeu &#8211; Molette de serrage et goupilles de s\u00e9curit\u00e9 &#8211; Chariot permettant un chargement lat\u00e9ral ou frontal \u00e0 57 cm du sol &#8211; 4 roulettes \u00d8 125 pour transport vertical &#8211; 4 roulettes \u00d8 125 et poign\u00e9e pour transport horizontal &#8211; 4 pattes ind\u00e9pendantes mont\u00e9es sur v\u00e9rin<\/div>\n<div>\n<p class=\"DocumentationParagraphe\">Diam\u00e8tre au sol : 2.65m. Terminaison m\u00e2t sup\u00e9rieur 80 x 80mm carr\u00e9.<\/p>\n<table class=\"StyleTAble\">\n<tbody>\n<tr>\n<td class=\"caracteLibelle\" valign=\"top\"><span class=\"strongitem\">Charge admissible :\u00a0<\/span><span class=\"CarValue\">250,00\u00a0<\/span>kg<\/td>\n<\/tr>\n<tr>\n<td class=\"caracteLibelle\" valign=\"top\"><span class=\"strongitem\">Hauteur maximum :\u00a0<\/span><span class=\"CarValue\">600,0\u00a0<\/span>cm<\/td>\n<\/tr>\n<tr>\n<td class=\"caracteLibelle\" valign=\"top\"><span class=\"strongitem\">Hauteur minimum :\u00a0<\/span><span class=\"CarValue\">57,0\u00a0<\/span>cm<\/td>\n<\/tr>\n<tr>\n<td class=\"caracteLibelle\" valign=\"top\"><span class=\"strongitem\">Longueur repli\u00e9e :\u00a0<\/span><span class=\"CarValue\">219,0\u00a0<\/span>cm<\/td>\n<\/tr>\n<\/tbody>\n<\/table>\n<table class=\"StyleTAble\">\n<tbody>\n<tr>\n<td><span class=\"strongitem\">Poids (net)<\/span>\u00a0:\u00a0190 kg<\/td>\n<\/tr>\n<\/tbody>\n<\/table>\n<\/div>\n","protected":false},"excerpt":{"rendered":"<p>Pied ASD \u00e0 treuil ALT600 &#8211; charge 250kg &#8211; Hauteur maxi 6,00m L\u2019ALT 600 est con\u00e7u pour monter des charges verticalement. Son syst\u00e8me de chariot lui permet de charger la [&hellip;]<\/p>\n","protected":false},"featured_media":11317,"template":"","meta":[],"product_brand":[],"product_cat":[243,245],"product_tag":[],"class_list":{"0":"post-11316","1":"product","2":"type-product","3":"status-publish","4":"has-post-thumbnail","6":"product_cat-structure-installation","7":"product_cat-tours-et-echafaudage","10":"first","11":"instock","12":"taxable","13":"shipping-taxable","14":"product-type-simple"},"aioseo_notices":[],"_links":{"self":[{"href":"https:\/\/comlm.fr\/index.php\/wp-json\/wp\/v2\/product\/11316","targetHints":{"allow":["GET"]}}],"collection":[{"href":"https:\/\/comlm.fr\/index.php\/wp-json\/wp\/v2\/product"}],"about":[{"href":"https:\/\/comlm.fr\/index.php\/wp-json\/wp\/v2\/types\/product"}],"version-history":[{"count":1,"href":"https:\/\/comlm.fr\/index.php\/wp-json\/wp\/v2\/product\/11316\/revisions"}],"predecessor-version":[{"id":11318,"href":"https:\/\/comlm.fr\/index.php\/wp-json\/wp\/v2\/product\/11316\/revisions\/11318"}],"wp:featuredmedia":[{"embeddable":true,"href":"https:\/\/comlm.fr\/index.php\/wp-json\/wp\/v2\/media\/11317"}],"wp:attachment":[{"href":"https:\/\/comlm.fr\/index.php\/wp-json\/wp\/v2\/media?parent=11316"}],"wp:term":[{"taxonomy":"product_brand","embeddable":true,"href":"https:\/\/comlm.fr\/index.php\/wp-json\/wp\/v2\/product_brand?post=11316"},{"taxonomy":"product_cat","embeddable":true,"href":"https:\/\/comlm.fr\/index.php\/wp-json\/wp\/v2\/product_cat?post=11316"},{"taxonomy":"product_tag","embeddable":true,"href":"https:\/\/comlm.fr\/index.php\/wp-json\/wp\/v2\/product_tag?post=11316"}],"curies":[{"name":"wp","href":"https:\/\/api.w.org\/{rel}","templated":true}]}}