{"id":11286,"date":"2025-04-20T10:23:11","date_gmt":"2025-04-20T08:23:11","guid":{"rendered":"https:\/\/comlm.fr\/?post_type=product&#038;p=11286"},"modified":"2025-04-20T10:28:18","modified_gmt":"2025-04-20T08:28:18","slug":"pied-denceinte-sur-socle-en-fonte-moulee-gravity-ssp-wb-set-1","status":"publish","type":"product","link":"https:\/\/comlm.fr\/index.php\/produit\/pied-denceinte-sur-socle-en-fonte-moulee-gravity-ssp-wb-set-1\/","title":{"rendered":"Pied d\u2019enceinte sur socle en fonte moul\u00e9e Gravity SSP WB SET 1"},"content":{"rendered":"<h4>Pied d\u2019enceinte sur socle en fonte moul\u00e9e<\/h4>\n<div class=\"product attribute a_specs_complement\">\n<div class=\"value\">\n<div class=\"js-full-text\">\n<h5 class=\"h2 mtn\"><span class=\"h4 mtl mbxl display-inline\">Pied d\u2019enceinte, socle en fonte moul\u00e9e<\/span><\/h5>\n<div class=\"info-description mtl-sm\">\n<ul>\n<li>Construction acier + fonte extr\u00eamement solide<\/li>\n<li>Empreinte au sol r\u00e9duite<\/li>\n<li>Manchon de serrage de grande solidit\u00e9, pour un r\u00e9glage en hauteur s\u00e9curis\u00e9<\/li>\n<li>Hauteur maximale 1,8 m<\/li>\n<li>Comprend un disque de lest VARIWEIGHT\u00ae<\/li>\n<\/ul>\n<\/div>\n<\/div>\n<\/div>\n<\/div>\n","protected":false},"excerpt":{"rendered":"<p>Pied d\u2019enceinte sur socle en fonte moul\u00e9e Pied d\u2019enceinte, socle en fonte moul\u00e9e Construction acier + fonte extr\u00eamement solide Empreinte au sol r\u00e9duite Manchon de serrage de grande solidit\u00e9, pour [&hellip;]<\/p>\n","protected":false},"featured_media":11287,"template":"","meta":[],"product_brand":[],"product_cat":[267,116],"product_tag":[],"class_list":{"0":"post-11286","1":"product","2":"type-product","3":"status-publish","4":"has-post-thumbnail","6":"product_cat-accessoires-sonorisation","7":"product_cat-sonorisation","10":"first","11":"instock","12":"taxable","13":"shipping-taxable","14":"product-type-simple"},"aioseo_notices":[],"_links":{"self":[{"href":"https:\/\/comlm.fr\/index.php\/wp-json\/wp\/v2\/product\/11286","targetHints":{"allow":["GET"]}}],"collection":[{"href":"https:\/\/comlm.fr\/index.php\/wp-json\/wp\/v2\/product"}],"about":[{"href":"https:\/\/comlm.fr\/index.php\/wp-json\/wp\/v2\/types\/product"}],"version-history":[{"count":1,"href":"https:\/\/comlm.fr\/index.php\/wp-json\/wp\/v2\/product\/11286\/revisions"}],"predecessor-version":[{"id":11289,"href":"https:\/\/comlm.fr\/index.php\/wp-json\/wp\/v2\/product\/11286\/revisions\/11289"}],"wp:featuredmedia":[{"embeddable":true,"href":"https:\/\/comlm.fr\/index.php\/wp-json\/wp\/v2\/media\/11287"}],"wp:attachment":[{"href":"https:\/\/comlm.fr\/index.php\/wp-json\/wp\/v2\/media?parent=11286"}],"wp:term":[{"taxonomy":"product_brand","embeddable":true,"href":"https:\/\/comlm.fr\/index.php\/wp-json\/wp\/v2\/product_brand?post=11286"},{"taxonomy":"product_cat","embeddable":true,"href":"https:\/\/comlm.fr\/index.php\/wp-json\/wp\/v2\/product_cat?post=11286"},{"taxonomy":"product_tag","embeddable":true,"href":"https:\/\/comlm.fr\/index.php\/wp-json\/wp\/v2\/product_tag?post=11286"}],"curies":[{"name":"wp","href":"https:\/\/api.w.org\/{rel}","templated":true}]}}