{"id":11282,"date":"2025-04-20T10:19:18","date_gmt":"2025-04-20T08:19:18","guid":{"rendered":"https:\/\/comlm.fr\/?post_type=product&#038;p=11282"},"modified":"2025-04-20T10:27:39","modified_gmt":"2025-04-20T08:27:39","slug":"passage-de-cable-adam-hall-defender","status":"publish","type":"product","link":"https:\/\/comlm.fr\/index.php\/produit\/passage-de-cable-adam-hall-defender\/","title":{"rendered":"Passage de c\u00e2ble Adam Hall Defender"},"content":{"rendered":"<h4>Passage de c\u00e2ble Adam Hall Defender<\/h4>\n<div class=\"product attribute a_specs_complement\">\n<div class=\"value\">\n<div class=\"actions-wrapper js-actions-wrapper\" data-product-ordernumber=\"85150BLK\">\n<h5 class=\"article-subtitle\">Passage de C\u00e2ble 6 Canaux avec Couvercle noir<\/h5>\n<\/div>\n<div class=\"js-full-text\">\n<ul>\n<li>Passage de c\u00e2bles antid\u00e9rapant particuli\u00e8rement plat, en polyur\u00e9thane noir recyclable, sp\u00e9cialement con\u00e7u pour les fauteuils roulants<\/li>\n<li>Couvercle noir en polyur\u00e9thane avec verrouillage s\u00e9curis\u00e9<\/li>\n<li>Charni\u00e8re du couvercle autonettoyante brevet\u00e9e<\/li>\n<li>6 canaux de 17 x 18 mm<\/li>\n<li>Capacit\u00e9 de charge d&#8217;environ 2 t \/ 20 x 20 cm<\/li>\n<li>Classe de protection incendie B2 (DIN 4102), certifi\u00e9 DEKRA (DIN 31000, EN 61537)<\/li>\n<li>R\u00e9sistant au p\u00e9trole, aux acides, \u00e0 l&#8217;essence et au contact de courte dur\u00e9e avec les solvants<\/li>\n<li>Dimensions 110 x 28,5 x 3,2 cm ; masse de 4,8 kg seulement<\/li>\n<li>Protection des c\u00e2bles et des personnes \u00e9prouv\u00e9e pour une utilisation en int\u00e9rieur et en ext\u00e9rieur<\/li>\n<li>Ne convient pas au trafic routier<\/li>\n<li>Sorties de c\u00e2bles pour entr\u00e9e et sortie des c\u00e2bles disponibles en tant qu&#8217;accessoires<\/li>\n<\/ul>\n<\/div>\n<\/div>\n<\/div>\n<p>&nbsp;<\/p>\n","protected":false},"excerpt":{"rendered":"<p>Passage de c\u00e2ble Adam Hall Defender Passage de C\u00e2ble 6 Canaux avec Couvercle noir Passage de c\u00e2bles antid\u00e9rapant particuli\u00e8rement plat, en polyur\u00e9thane noir recyclable, sp\u00e9cialement con\u00e7u pour les fauteuils roulants [&hellip;]<\/p>\n","protected":false},"featured_media":11283,"template":"","meta":[],"product_brand":[],"product_cat":[252],"product_tag":[],"class_list":{"0":"post-11282","1":"product","2":"type-product","3":"status-publish","4":"has-post-thumbnail","6":"product_cat-securite","9":"first","10":"instock","11":"taxable","12":"shipping-taxable","13":"product-type-simple"},"aioseo_notices":[],"_links":{"self":[{"href":"https:\/\/comlm.fr\/index.php\/wp-json\/wp\/v2\/product\/11282","targetHints":{"allow":["GET"]}}],"collection":[{"href":"https:\/\/comlm.fr\/index.php\/wp-json\/wp\/v2\/product"}],"about":[{"href":"https:\/\/comlm.fr\/index.php\/wp-json\/wp\/v2\/types\/product"}],"version-history":[{"count":1,"href":"https:\/\/comlm.fr\/index.php\/wp-json\/wp\/v2\/product\/11282\/revisions"}],"predecessor-version":[{"id":11285,"href":"https:\/\/comlm.fr\/index.php\/wp-json\/wp\/v2\/product\/11282\/revisions\/11285"}],"wp:featuredmedia":[{"embeddable":true,"href":"https:\/\/comlm.fr\/index.php\/wp-json\/wp\/v2\/media\/11283"}],"wp:attachment":[{"href":"https:\/\/comlm.fr\/index.php\/wp-json\/wp\/v2\/media?parent=11282"}],"wp:term":[{"taxonomy":"product_brand","embeddable":true,"href":"https:\/\/comlm.fr\/index.php\/wp-json\/wp\/v2\/product_brand?post=11282"},{"taxonomy":"product_cat","embeddable":true,"href":"https:\/\/comlm.fr\/index.php\/wp-json\/wp\/v2\/product_cat?post=11282"},{"taxonomy":"product_tag","embeddable":true,"href":"https:\/\/comlm.fr\/index.php\/wp-json\/wp\/v2\/product_tag?post=11282"}],"curies":[{"name":"wp","href":"https:\/\/api.w.org\/{rel}","templated":true}]}}