{"id":11268,"date":"2025-04-20T10:03:11","date_gmt":"2025-04-20T08:03:11","guid":{"rendered":"https:\/\/comlm.fr\/?post_type=product&#038;p=11268"},"modified":"2025-04-20T10:07:58","modified_gmt":"2025-04-20T08:07:58","slug":"allen-heath-console-numerique-qu-24","status":"publish","type":"product","link":"https:\/\/comlm.fr\/index.php\/produit\/allen-heath-console-numerique-qu-24\/","title":{"rendered":"Allen &#038; Heath Console num\u00e9rique Qu-24"},"content":{"rendered":"<h4><strong>Console son <\/strong><span class=\"base\" data-ui-id=\"page-title-wrapper\">Allen &amp; Heath Console num\u00e9rique Qu-24<\/span><\/h4>\n<div class=\"product attribute a_specs_complement\">\n<div class=\"value\">\n<h5>L&#8217;exp\u00e9rience de mixage live par Allen &amp; Heath.<\/h5>\n<p>Mise au point en Cornouailles (Grande-Bretagne), la Qu a su s&#8217;imposer en peu de temps comme la console de mixage num\u00e9rique professionnelle de r\u00e9f\u00e9rence. Et pour cause : outre sa puissance de calcul colossale gr\u00e2ce \u00e0 5 processeurs en parall\u00e8le supportant 10 DSP de derni\u00e8re g\u00e9n\u00e9ration, la Qu offre surtout \u00e0 son utilisateur une interface d&#8217;une efficacit\u00e9 hors du commun. Avec notamment un \u00e9cran tactile couleur de 5&#8243; et un encodeur rotatif d\u00e9di\u00e9, qui donnent \u00e0 l&#8217;ing\u00e9nieur du son un acc\u00e8s ultrarapide \u00e0 l&#8217;ensemble des r\u00e9glages et param\u00e8tres sans omettre les 6 boutons d&#8217;acc\u00e8s aux menus de traitement du son, de gestion des effets et de param\u00e9trages avanc\u00e9s asservis \u00e0 l&#8217;\u00e9cran.<\/p>\n<\/div>\n<div>\n<h5>Sp\u00e9cifications compl\u00e9mentaires<\/h5>\n<div class=\"product attribute a_specs_complement\">\n<div class=\"value\">&#8211; 4 retours d\u2019effets st\u00e9r\u00e9o et 4 moteurs d\u2019effets<br \/>\n&#8211; 10 touches utilisateurs<br \/>\n&#8211; \u00c9cran tactile 5&#8243; 800 x 480 16 millions de couleurs<br \/>\n&#8211; Sur toutes les entr\u00e9es : trim, polarit\u00e9, HPF, gate, ducker, insert, \u00e9galiseur param\u00e9trique 4-bandes, compresseur et d\u00e9lai<br \/>\n&#8211; Sur toutes les sorties : insert, \u00e9galiseur graphique 1\/3 d&#8217;octave, compresseur et d\u00e9lai sur sortie Main LR et Mono Mix<br \/>\n&#8211; Sur toutes les sorties st\u00e9r\u00e9o : insert, \u00e9galiseur param\u00e9trique 4-bandes, compresseur et d\u00e9lai<br \/>\n&#8211; Pr\u00e9amplis : AnalogiQ 24-bits haut de gamme \u00e0 tr\u00e8s faible latence assurant un niveau de distorsion extr\u00eamement faible<br \/>\n&#8211; 4 moteurs d&#8217;effets st\u00e9r\u00e9o, banque d\u2019effets d\u00e9riv\u00e9s des effets professionnels des iLive<br \/>\n&#8211; Qu-Drive : enregistrement et playback des 18 pistes et des pistes st\u00e9r\u00e9o directement \u00e0 partir d&#8217;une cl\u00e9 USB ou d&#8217;un disque dur externe<br \/>\n&#8211; Streaming audio USB 32 x 30 : jusqu&#8217;\u00e0 32 pistes s\u00e9lectionnables peuvent \u00eatre transmises sur un PC ou un Mac. Les retours du PC ou du Mac peuvent \u00eatre assign\u00e9s aux canaux d&#8217;entr\u00e9es<br \/>\n&#8211; Plug &amp; play sur Mac, drivers MDM et ASIO pour Windows<br \/>\n&#8211; Contr\u00f4leur Midi pour logiciel de MAO via l&#8217;interface USB<br \/>\n&#8211; D\u00e9port audio pour contr\u00f4le \u00e0 distance dSnake via un c\u00e2ble de Cat5 pour connexion \u00e0 un audiorack AB168, AR2412 ou AR84<br \/>\n&#8211; Mixeur automatique de micros sur 16 tranches<br \/>\n&#8211; Compatible avec le syst\u00e8me de monitoring personnel ME : connexion via le port dSnake de la console ou d&#8217;un audiorack AR2412<br \/>\n&#8211; Application Qu-Pad : contr\u00f4le \u00e0 distance avec un iPad via wifi (routeur wifi non inclus)<br \/>\n&#8211; Application Qu-You : retour personnel sur iPhone, iPad, iPod Touch et Android.<br \/>\n&#8211; Application Qu-Control : interface de contr\u00f4le sans-fil personnalisable par l&#8217;utilisateur sur iPhone, iPad ou iPod Touch<\/div>\n<\/div>\n<\/div>\n<\/div>\n<p>&nbsp;<\/p>\n","protected":false},"excerpt":{"rendered":"<p>Console son Allen &amp; Heath Console num\u00e9rique Qu-24 L&#8217;exp\u00e9rience de mixage live par Allen &amp; Heath. Mise au point en Cornouailles (Grande-Bretagne), la Qu a su s&#8217;imposer en peu de [&hellip;]<\/p>\n","protected":false},"featured_media":11269,"template":"","meta":[],"product_brand":[],"product_cat":[260,116],"product_tag":[],"class_list":{"0":"post-11268","1":"product","2":"type-product","3":"status-publish","4":"has-post-thumbnail","6":"product_cat-consoles-sonorisation","7":"product_cat-sonorisation","10":"first","11":"instock","12":"taxable","13":"shipping-taxable","14":"product-type-simple"},"aioseo_notices":[],"_links":{"self":[{"href":"https:\/\/comlm.fr\/index.php\/wp-json\/wp\/v2\/product\/11268","targetHints":{"allow":["GET"]}}],"collection":[{"href":"https:\/\/comlm.fr\/index.php\/wp-json\/wp\/v2\/product"}],"about":[{"href":"https:\/\/comlm.fr\/index.php\/wp-json\/wp\/v2\/types\/product"}],"version-history":[{"count":2,"href":"https:\/\/comlm.fr\/index.php\/wp-json\/wp\/v2\/product\/11268\/revisions"}],"predecessor-version":[{"id":11272,"href":"https:\/\/comlm.fr\/index.php\/wp-json\/wp\/v2\/product\/11268\/revisions\/11272"}],"wp:featuredmedia":[{"embeddable":true,"href":"https:\/\/comlm.fr\/index.php\/wp-json\/wp\/v2\/media\/11269"}],"wp:attachment":[{"href":"https:\/\/comlm.fr\/index.php\/wp-json\/wp\/v2\/media?parent=11268"}],"wp:term":[{"taxonomy":"product_brand","embeddable":true,"href":"https:\/\/comlm.fr\/index.php\/wp-json\/wp\/v2\/product_brand?post=11268"},{"taxonomy":"product_cat","embeddable":true,"href":"https:\/\/comlm.fr\/index.php\/wp-json\/wp\/v2\/product_cat?post=11268"},{"taxonomy":"product_tag","embeddable":true,"href":"https:\/\/comlm.fr\/index.php\/wp-json\/wp\/v2\/product_tag?post=11268"}],"curies":[{"name":"wp","href":"https:\/\/api.w.org\/{rel}","templated":true}]}}