{"id":11263,"date":"2025-04-20T09:58:21","date_gmt":"2025-04-20T07:58:21","guid":{"rendered":"https:\/\/comlm.fr\/?post_type=product&#038;p=11263"},"modified":"2025-04-20T10:02:59","modified_gmt":"2025-04-20T08:02:59","slug":"allen-heath-cq-20b","status":"publish","type":"product","link":"https:\/\/comlm.fr\/index.php\/produit\/allen-heath-cq-20b\/","title":{"rendered":"Allen &#038; Heath CQ-20B"},"content":{"rendered":"<h4><strong>Console son <\/strong><span class=\"base\" data-ui-id=\"page-title-wrapper\">Allen &amp; Heath <\/span><span class=\"base\" data-ui-id=\"page-title-wrapper\">\u00a0CQ-20B<\/span><\/h4>\n<p>La CQ-20B est une console de mixage num\u00e9rique ultracompacte rackable intuitive et efficace, qui pr\u00e9sente 20 canaux g\u00e9r\u00e9s par le puissant circuit de traitement FPGA \u00e0 96 kHz de la marque. Pr\u00e9sent\u00e9e dans un format Stagebox aux dimensions r\u00e9duites permettant de l&#8217;installer sur sc\u00e8ne comme dans une armoire en rack, la CQ-20B repr\u00e9sente la solution id\u00e9ale pour la sc\u00e8ne ou pour l&#8217;int\u00e9gration. Avec son interface WiFi int\u00e9gr\u00e9e, associ\u00e9 aux nombreux outils d&#8217;aide au mixage et aux applications de contr\u00f4le \u00e0 distance, mixez avec la CQ-20B comme vous le souhaitez, d&#8217;o\u00f9 vous voulez.<\/p>\n<h5>Sp\u00e9cifications compl\u00e9mentaires<\/h5>\n<div class=\"product attribute a_specs_complement\">\n<div class=\"value\">&#8211; 16 pr\u00e9amplis micro\/ligne, 8x XLR + 8x combo XLR\/TRS<br \/>\n&#8211; 2 entr\u00e9es ligne st\u00e9r\u00e9o sym\u00e9triques, 4x TRS<br \/>\n&#8211; Sortie principale LR principale, 2x XLR<br \/>\n&#8211; 6x mixage de retours, 6x XLR<br \/>\n&#8211; Sortie ligne st\u00e9r\u00e9o assignable, 2x TRS<br \/>\n&#8211; Sortie casque assignable, 6,35 mm TRS<br \/>\n&#8211; Interface USB-B 24&#215;24<br \/>\n&#8211; Enregistrement\/lecture 24&#215;24 SD<br \/>\n&#8211; Enregistrement\/lecture USB st\u00e9r\u00e9o avec canal d&#8217;entr\u00e9e d\u00e9di\u00e9<br \/>\n&#8211; Lecture st\u00e9r\u00e9o Bluetooth avec canal d&#8217;entr\u00e9e d\u00e9di\u00e9<br \/>\n&#8211; 4 moteurs FX Assist<br \/>\n&#8211; Entr\u00e9e footswitch double<br \/>\n&#8211; Wi-Fi bi-bande 2,4G\/5G AC int\u00e9gr\u00e9 avec s\u00e9lection automatique des canaux<br \/>\n&#8211; Poids et dimensions : 2,6 kg, 372 x 153 x 133 mm<\/div>\n<\/div>\n<p>&nbsp;<\/p>\n","protected":false},"excerpt":{"rendered":"<p>Console son Allen &amp; Heath \u00a0CQ-20B La CQ-20B est une console de mixage num\u00e9rique ultracompacte rackable intuitive et efficace, qui pr\u00e9sente 20 canaux g\u00e9r\u00e9s par le puissant circuit de traitement [&hellip;]<\/p>\n","protected":false},"featured_media":11264,"template":"","meta":[],"product_brand":[],"product_cat":[260,116],"product_tag":[],"class_list":{"0":"post-11263","1":"product","2":"type-product","3":"status-publish","4":"has-post-thumbnail","6":"product_cat-consoles-sonorisation","7":"product_cat-sonorisation","10":"first","11":"instock","12":"taxable","13":"shipping-taxable","14":"product-type-simple"},"aioseo_notices":[],"_links":{"self":[{"href":"https:\/\/comlm.fr\/index.php\/wp-json\/wp\/v2\/product\/11263","targetHints":{"allow":["GET"]}}],"collection":[{"href":"https:\/\/comlm.fr\/index.php\/wp-json\/wp\/v2\/product"}],"about":[{"href":"https:\/\/comlm.fr\/index.php\/wp-json\/wp\/v2\/types\/product"}],"version-history":[{"count":1,"href":"https:\/\/comlm.fr\/index.php\/wp-json\/wp\/v2\/product\/11263\/revisions"}],"predecessor-version":[{"id":11267,"href":"https:\/\/comlm.fr\/index.php\/wp-json\/wp\/v2\/product\/11263\/revisions\/11267"}],"wp:featuredmedia":[{"embeddable":true,"href":"https:\/\/comlm.fr\/index.php\/wp-json\/wp\/v2\/media\/11264"}],"wp:attachment":[{"href":"https:\/\/comlm.fr\/index.php\/wp-json\/wp\/v2\/media?parent=11263"}],"wp:term":[{"taxonomy":"product_brand","embeddable":true,"href":"https:\/\/comlm.fr\/index.php\/wp-json\/wp\/v2\/product_brand?post=11263"},{"taxonomy":"product_cat","embeddable":true,"href":"https:\/\/comlm.fr\/index.php\/wp-json\/wp\/v2\/product_cat?post=11263"},{"taxonomy":"product_tag","embeddable":true,"href":"https:\/\/comlm.fr\/index.php\/wp-json\/wp\/v2\/product_tag?post=11263"}],"curies":[{"name":"wp","href":"https:\/\/api.w.org\/{rel}","templated":true}]}}