{"id":11258,"date":"2025-04-20T09:53:39","date_gmt":"2025-04-20T07:53:39","guid":{"rendered":"https:\/\/comlm.fr\/?post_type=product&#038;p=11258"},"modified":"2025-04-20T09:58:01","modified_gmt":"2025-04-20T07:58:01","slug":"allen-heath-console-numerique-48-canaux-sq-6","status":"publish","type":"product","link":"https:\/\/comlm.fr\/index.php\/produit\/allen-heath-console-numerique-48-canaux-sq-6\/","title":{"rendered":"Allen &#038; Heath Console num\u00e9rique 48 canaux SQ-6"},"content":{"rendered":"<h4><strong>Console son <\/strong><span class=\"base\" data-ui-id=\"page-title-wrapper\">Allen &amp; Heath Console num\u00e9rique 48 canaux SQ-6<\/span><\/h4>\n<h5>Le mixage num\u00e9rique de nouvelle g\u00e9n\u00e9ration par Allen &amp; Heath.<\/h5>\n<h5><strong>Marque pionni\u00e8re dans la conception de consoles de mixage num\u00e9riques aux fonctionnalit\u00e9s et au design innovants, Allen &amp; Heath frappe tr\u00e8s fort avec la nouvelle s\u00e9rie SQ. Ce v\u00e9ritable concentr\u00e9 de technologie h\u00e9rite tout simplement la colossale exp\u00e9rience de la marque dans la mise au point de syst\u00e8mes de mixage de pointe, capables de sonoriser les plus grandes sc\u00e8nes. Avec son design original et son interface travaill\u00e9e dans les moindres d\u00e9tails, la SQ s\u2019impose comme la console du futur.<\/strong><\/h5>\n<h5>Sp\u00e9cifications compl\u00e9mentaires<\/h5>\n<p>Processeur FPGA XCVI 96 kHz issu des c\u00e9l\u00e8bres syst\u00e8mes dLive<br \/>\n&#8211; \u00c9mulations DEEP Ready, simulant fid\u00e8lement des modules standards de l&#8217;industrie (r\u00e9verbe, gated r\u00e9verbe, modulations&#8230;)<br \/>\n&#8211; 48 canaux d&#8217;entr\u00e9es en combinaison avec les bo\u00eetiers de sc\u00e8ne<br \/>\n&#8211; 6 couches pour 144 tranches assignables<br \/>\n&#8211; 16 sorties locales assignables (14 XLR + 2 TRS)<br \/>\n&#8211; 3 matrices st\u00e9r\u00e9o<br \/>\n&#8211; Port I\/O 64 x 64 pour carte optionnelle d\u00e9di\u00e9e : Dante, Waves &#8230;<br \/>\n&#8211; Connecteur etherCon SLink : audio d\u00e9port\u00e9 via protocoles dSnake, DX ou GigaACE (64&#215;64)<br \/>\n&#8211; Compatible avec le rack de sc\u00e8ne DX168 (96 kHz) et les audioracks AR84, AR2412 et AB168 (48 kHz)<br \/>\n&#8211; Sortie casque jack avec contr\u00f4le de niveau d\u00e9di\u00e9<br \/>\n&#8211; 8 groupes de mute et de DCA<br \/>\n&#8211; 8 moteurs d&#8217;effets st\u00e9r\u00e9o avec retours d\u00e9di\u00e9s<br \/>\n&#8211; Traitement des entr\u00e9es : pr\u00e9ampli, passe-haut, \u00e9galiseur param\u00e9trique, gate, compresseur et d\u00e9lai<br \/>\n&#8211; Traitement des sorties : \u00e9galiseur param\u00e9trique, \u00e9galiseur graphique, gate, compresseur et d\u00e9lai<br \/>\n&#8211; Liaison des canaux d&#8217;entr\u00e9es pour les sources st\u00e9r\u00e9o<br \/>\n&#8211; Streaming audio USB 32 x 32 et enregistrement direct sur support USB via SQ-Drive<br \/>\n&#8211; Intercompatible avec une autre SQ via le port SLink ou une carte optionnelle<br \/>\n&#8211; Faders motoris\u00e9s : rappel des sc\u00e8nes et fader flip de l&#8217;\u00e9galiseur graphique<br \/>\n&#8211; 24 afficheurs \u00e0 Led \u00e0 couleur assignable et nom personnalisable pour chaque canal<br \/>\n&#8211; Niveau de tranche chromatique con\u00e7u par Allen &amp; Heath<br \/>\n&#8211; 16 boutons personnalisables (SoftKeys)<br \/>\n&#8211; 4 rotatifs et 4 boutons \u00e0 fonctionnalit\u00e9 param\u00e9trables, avec 4 \u00e9crans Led d\u00e9di\u00e9s<br \/>\n&#8211; Compatible avec les syst\u00e8mes ME<br \/>\n&#8211; M\u00e9langeur automatique de microphones (AMM)<br \/>\n&#8211; Analyseur en temps r\u00e9el 31-bandes<br \/>\n&#8211; Points d&#8217;inserts patchables<br \/>\n&#8211; Copier\/coller\/reset des param\u00e8tres<br \/>\n&#8211; 300 m\u00e9moires de sc\u00e8nes par Show<\/p>\n<p>&nbsp;<\/p>\n","protected":false},"excerpt":{"rendered":"<p>Console son Allen &amp; Heath Console num\u00e9rique 48 canaux SQ-6 Le mixage num\u00e9rique de nouvelle g\u00e9n\u00e9ration par Allen &amp; Heath. Marque pionni\u00e8re dans la conception de consoles de mixage num\u00e9riques [&hellip;]<\/p>\n","protected":false},"featured_media":11259,"template":"","meta":[],"product_brand":[],"product_cat":[260,116],"product_tag":[],"class_list":{"0":"post-11258","1":"product","2":"type-product","3":"status-publish","4":"has-post-thumbnail","6":"product_cat-consoles-sonorisation","7":"product_cat-sonorisation","10":"first","11":"instock","12":"taxable","13":"shipping-taxable","14":"product-type-simple"},"aioseo_notices":[],"_links":{"self":[{"href":"https:\/\/comlm.fr\/index.php\/wp-json\/wp\/v2\/product\/11258","targetHints":{"allow":["GET"]}}],"collection":[{"href":"https:\/\/comlm.fr\/index.php\/wp-json\/wp\/v2\/product"}],"about":[{"href":"https:\/\/comlm.fr\/index.php\/wp-json\/wp\/v2\/types\/product"}],"version-history":[{"count":1,"href":"https:\/\/comlm.fr\/index.php\/wp-json\/wp\/v2\/product\/11258\/revisions"}],"predecessor-version":[{"id":11262,"href":"https:\/\/comlm.fr\/index.php\/wp-json\/wp\/v2\/product\/11258\/revisions\/11262"}],"wp:featuredmedia":[{"embeddable":true,"href":"https:\/\/comlm.fr\/index.php\/wp-json\/wp\/v2\/media\/11259"}],"wp:attachment":[{"href":"https:\/\/comlm.fr\/index.php\/wp-json\/wp\/v2\/media?parent=11258"}],"wp:term":[{"taxonomy":"product_brand","embeddable":true,"href":"https:\/\/comlm.fr\/index.php\/wp-json\/wp\/v2\/product_brand?post=11258"},{"taxonomy":"product_cat","embeddable":true,"href":"https:\/\/comlm.fr\/index.php\/wp-json\/wp\/v2\/product_cat?post=11258"},{"taxonomy":"product_tag","embeddable":true,"href":"https:\/\/comlm.fr\/index.php\/wp-json\/wp\/v2\/product_tag?post=11258"}],"curies":[{"name":"wp","href":"https:\/\/api.w.org\/{rel}","templated":true}]}}