{"id":11254,"date":"2025-04-20T09:38:57","date_gmt":"2025-04-20T07:38:57","guid":{"rendered":"https:\/\/comlm.fr\/?post_type=product&#038;p=11254"},"modified":"2025-04-20T09:49:50","modified_gmt":"2025-04-20T07:49:50","slug":"console-son-midas-m32r-live","status":"publish","type":"product","link":"https:\/\/comlm.fr\/index.php\/produit\/console-son-midas-m32r-live\/","title":{"rendered":"Console son Midas M32R LIVE"},"content":{"rendered":"<h4><strong>Console son Midas M32R LIVE<\/strong><\/h4>\n<p>Alors que le design, le style et la construction de la M32R LIVE feront s\u00fbrement tourner beaucoup de t\u00eates, c&#8217;est le son qui compte<\/p>\n<p>le plus pour les ing\u00e9nieurs et les artistes. Et c\u2019est l\u00e0 que la M32R LIVE brille, en tant que derni\u00e8re d\u2019une longue gamme de<\/p>\n<p>consoles Midas au son immacul\u00e9, elle descend d\u2019une lign\u00e9e c\u00e9l\u00e8bre qui a litt\u00e9ralement \u00e9tabli la norme en mati\u00e8re de conception<\/p>\n<p>\u00e9lectronique et de qualit\u00e9 sonore.<\/p>\n<p>La M32R Live comprend une vaste gamme d&#8217;effets int\u00e9gr\u00e9s, faisant des racks de traitement externes une chose du pass\u00e9.<\/p>\n<p>Le rack Virtual FX comprend 8 moteurs d&#8217;effets de qualit\u00e9 studio v\u00e9ritablement st\u00e9r\u00e9o, chacun assignable n&#8217;importe quel bus de mixage d&#8217;entre, de groupe ou de sortie.<\/p>\n<ul>\n<li>Canaux de traitement d\u2019entr\u00e9e\u00a0: 32 canaux d\u2019entr\u00e9e, 8 canaux auxiliaires, 8 canaux de retour d\u2019effets<\/li>\n<li>Canaux de traitement de sortie\u00a0: 8\/16<\/li>\n<li>16 aux bus, 6 matrices, LRC principal\u00a0: 100<\/li>\n<li>Moteurs d\u2019effets internes (True Stereo \/ Mono)\u00a0: 8\/16<\/li>\n<li>Automatisation interne du spectacle (Cues \/ Snippets structur\u00e9s)\u00a0: 500 \/ 100<\/li>\n<li>Sc\u00e8nes internes de rappel total (y compris les pr\u00e9amplificateurs et les faders)\u00a0: 100<\/li>\n<li>Traitement du signal\u00a0: virgule flottante 40 bits<\/li>\n<li>Conversion A\/N (8 canaux, 96 kHz pr\u00eate)\u00a0: plage dynamique de 114 dB (pond\u00e9r\u00e9e A*)<\/li>\n<li>Conversion N\/A (st\u00e9r\u00e9o, compatible 96 kHz)\u00a0: plage dynamique de 120 dB (pond\u00e9r\u00e9e A*)<\/li>\n<li>Latence d\u2019E\/S (entr\u00e9e \u00e0 sortie de la console)\u00a0: 0,8 ms<\/li>\n<li>Latence r\u00e9seau (Stage Box In &gt; Console &gt; Stage Box Out)\u00a0: 1,1 ms<\/li>\n<li>Pr\u00e9amplificateur de microphone Midas PRO Series (XLR)\u00a0: 32<\/li>\n<li>Entr\u00e9e microphone Talkback (XLR)\u00a0: 1<\/li>\n<li>Entr\u00e9es\/sorties RCA\u00a0: 2<\/li>\n<\/ul>\n<p>&nbsp;<\/p>\n<ul>\n<li>Sorties XLR\u00a0: 16<\/li>\n<li>Sorties monitoring (XLR \/ 1\/4&#8243; TRS sym\u00e9triques)\u00a0: 2<\/li>\n<li>Entr\u00e9es\/sorties auxiliaires (1\/4&#8243; TRS sym\u00e9triques)\u00a0: 6<\/li>\n<li>Sortie casque (1\/4&#8243; TRS)\u00a0: 2 (st\u00e9r\u00e9o)<\/li>\n<li>Sortie num\u00e9rique AES\/EBU (XLR)\u00a0: 1<\/li>\n<li>Ports AES50 (Klark Teknik SuperMAC)\u00a0: 2<\/li>\n<li>Interface de la carte d\u2019extension\u00a0: entr\u00e9e\/sortie audio 32 canaux<\/li>\n<li>Connecteur ULTRANET P-16 (pas d\u2019alimentation)\u00a0: 1<\/li>\n<li>Entr\u00e9es\/sorties MIDI\u00a0: 1<\/li>\n<li>USB Type A (importation\/exportation d\u2019audio et de donn\u00e9es)\u00a0: 1<\/li>\n<li>USB Type B, panneau arri\u00e8re, pour t\u00e9l\u00e9commande\u00a0: 1<\/li>\n<li>Ethernet, RJ45, panneau arri\u00e8re, pour t\u00e9l\u00e9commande\u00a0: 1<\/li>\n<\/ul>\n<p>&nbsp;<\/p>\n<p>&nbsp;<\/p>\n","protected":false},"excerpt":{"rendered":"<p>Console son Midas M32R LIVE Alors que le design, le style et la construction de la M32R LIVE feront s\u00fbrement tourner beaucoup de t\u00eates, c&#8217;est le son qui compte le [&hellip;]<\/p>\n","protected":false},"featured_media":11255,"template":"","meta":[],"product_brand":[],"product_cat":[260,116],"product_tag":[],"class_list":{"0":"post-11254","1":"product","2":"type-product","3":"status-publish","4":"has-post-thumbnail","6":"product_cat-consoles-sonorisation","7":"product_cat-sonorisation","10":"first","11":"instock","12":"taxable","13":"shipping-taxable","14":"product-type-simple"},"aioseo_notices":[],"_links":{"self":[{"href":"https:\/\/comlm.fr\/index.php\/wp-json\/wp\/v2\/product\/11254","targetHints":{"allow":["GET"]}}],"collection":[{"href":"https:\/\/comlm.fr\/index.php\/wp-json\/wp\/v2\/product"}],"about":[{"href":"https:\/\/comlm.fr\/index.php\/wp-json\/wp\/v2\/types\/product"}],"version-history":[{"count":1,"href":"https:\/\/comlm.fr\/index.php\/wp-json\/wp\/v2\/product\/11254\/revisions"}],"predecessor-version":[{"id":11257,"href":"https:\/\/comlm.fr\/index.php\/wp-json\/wp\/v2\/product\/11254\/revisions\/11257"}],"wp:featuredmedia":[{"embeddable":true,"href":"https:\/\/comlm.fr\/index.php\/wp-json\/wp\/v2\/media\/11255"}],"wp:attachment":[{"href":"https:\/\/comlm.fr\/index.php\/wp-json\/wp\/v2\/media?parent=11254"}],"wp:term":[{"taxonomy":"product_brand","embeddable":true,"href":"https:\/\/comlm.fr\/index.php\/wp-json\/wp\/v2\/product_brand?post=11254"},{"taxonomy":"product_cat","embeddable":true,"href":"https:\/\/comlm.fr\/index.php\/wp-json\/wp\/v2\/product_cat?post=11254"},{"taxonomy":"product_tag","embeddable":true,"href":"https:\/\/comlm.fr\/index.php\/wp-json\/wp\/v2\/product_tag?post=11254"}],"curies":[{"name":"wp","href":"https:\/\/api.w.org\/{rel}","templated":true}]}}