{"id":11250,"date":"2025-04-20T09:35:17","date_gmt":"2025-04-20T07:35:17","guid":{"rendered":"https:\/\/comlm.fr\/?post_type=product&#038;p=11250"},"modified":"2025-04-20T09:38:46","modified_gmt":"2025-04-20T07:38:46","slug":"console-son-numerique-avantis-allen-heath","status":"publish","type":"product","link":"https:\/\/comlm.fr\/index.php\/produit\/console-son-numerique-avantis-allen-heath\/","title":{"rendered":"Console Son Num\u00e9rique &#8211; AVANTIS &#8211; ALLEN &#038; HEATH"},"content":{"rendered":"<h4 class=\"post-title blue\">Console Son Num\u00e9rique &#8211; AVANTIS &#8211; ALLEN &amp; HEATH<\/h4>\n<p><span class=\"small\"><strong>Caract\u00e9ristiques\u00a0<\/strong><\/span><\/p>\n<ul>\n<li><span class=\"small\">M\u00e9langeur num\u00e9rique 96 khz \/ 64 canaux \/ 42 bus<\/span><\/li>\n<li><span class=\"small\">Architecture mix enti\u00e8rement configurable<\/span><\/li>\n<li><span class=\"small\">Xcvi core &#8211; coh\u00e9rente latence \/ phase 0,7 ms<\/span><\/li>\n<li><span class=\"small\">Ecrans tactiles doubles full hd avec iu continuit\u00e9<\/span><\/li>\n<li><span class=\"small\">Toutes e \/ s &#8211; \u00e9norme gamme d&#8217;extensions \u00e0 distance<\/span><\/li>\n<li><span class=\"small\">Mise \u00e0 niveau dpack pour un traitement suppl\u00e9mentaire dlive<\/span><\/li>\n<li><span class=\"small\">Ch\u00e2ssis plein m\u00e9tallique super solide et l\u00e9ger<\/span><\/li>\n<li><span class=\"small\">12 emplacements RackExtra FX avec retours st\u00e9r\u00e9o d\u00e9di\u00e9s<\/span><\/li>\n<li><span class=\"small\">144 bandes de faders (24 faders, 6 couches) avec section master d\u00e9di\u00e9e en option<\/span><\/li>\n<li><span class=\"small\">Port SLink pour la connexion aux extensions d&#8217;E \/ S distantes et au syst\u00e8me de mixage personnel ME<\/span><\/li>\n<li><span class=\"small\">12 entr\u00e9es XLR analogiques \/ 12 sorties XLR analogiques<\/span><\/li>\n<li><span class=\"small\">1 entr\u00e9e AES st\u00e9r\u00e9o \/ 2 sorties AES st\u00e9r\u00e9o<\/span><\/li>\n<li><span class=\"small\">2 ports E \/ S, tous deux capables de fonctionner en 128&#215;128 \u00e0 96 kHz &#8211; pour les cartes optionnelles inc. Dante, MADI et gigaACE<\/span><\/li>\n<li><span class=\"small\">16 DCA<\/span><\/li>\n<li><span class=\"small\">Dimensions :\u00a0 917 x 627 x 269 mm<\/span><\/li>\n<li><span class=\"small\">Consommation\u00a0: 26kg<\/span><\/li>\n<\/ul>\n<p>&nbsp;<\/p>\n<p>&nbsp;<\/p>\n","protected":false},"excerpt":{"rendered":"<p>Console Son Num\u00e9rique &#8211; AVANTIS &#8211; ALLEN &amp; HEATH Caract\u00e9ristiques\u00a0 M\u00e9langeur num\u00e9rique 96 khz \/ 64 canaux \/ 42 bus Architecture mix enti\u00e8rement configurable Xcvi core &#8211; coh\u00e9rente latence \/ [&hellip;]<\/p>\n","protected":false},"featured_media":11251,"template":"","meta":[],"product_brand":[],"product_cat":[260,116],"product_tag":[],"class_list":{"0":"post-11250","1":"product","2":"type-product","3":"status-publish","4":"has-post-thumbnail","6":"product_cat-consoles-sonorisation","7":"product_cat-sonorisation","10":"first","11":"instock","12":"taxable","13":"shipping-taxable","14":"product-type-simple"},"aioseo_notices":[],"_links":{"self":[{"href":"https:\/\/comlm.fr\/index.php\/wp-json\/wp\/v2\/product\/11250","targetHints":{"allow":["GET"]}}],"collection":[{"href":"https:\/\/comlm.fr\/index.php\/wp-json\/wp\/v2\/product"}],"about":[{"href":"https:\/\/comlm.fr\/index.php\/wp-json\/wp\/v2\/types\/product"}],"version-history":[{"count":1,"href":"https:\/\/comlm.fr\/index.php\/wp-json\/wp\/v2\/product\/11250\/revisions"}],"predecessor-version":[{"id":11253,"href":"https:\/\/comlm.fr\/index.php\/wp-json\/wp\/v2\/product\/11250\/revisions\/11253"}],"wp:featuredmedia":[{"embeddable":true,"href":"https:\/\/comlm.fr\/index.php\/wp-json\/wp\/v2\/media\/11251"}],"wp:attachment":[{"href":"https:\/\/comlm.fr\/index.php\/wp-json\/wp\/v2\/media?parent=11250"}],"wp:term":[{"taxonomy":"product_brand","embeddable":true,"href":"https:\/\/comlm.fr\/index.php\/wp-json\/wp\/v2\/product_brand?post=11250"},{"taxonomy":"product_cat","embeddable":true,"href":"https:\/\/comlm.fr\/index.php\/wp-json\/wp\/v2\/product_cat?post=11250"},{"taxonomy":"product_tag","embeddable":true,"href":"https:\/\/comlm.fr\/index.php\/wp-json\/wp\/v2\/product_tag?post=11250"}],"curies":[{"name":"wp","href":"https:\/\/api.w.org\/{rel}","templated":true}]}}