{"id":11246,"date":"2025-04-20T09:30:49","date_gmt":"2025-04-20T07:30:49","guid":{"rendered":"https:\/\/comlm.fr\/?post_type=product&#038;p=11246"},"modified":"2025-04-20T09:35:00","modified_gmt":"2025-04-20T07:35:00","slug":"console-son-numerique-o1v96-yamaha","status":"publish","type":"product","link":"https:\/\/comlm.fr\/index.php\/produit\/console-son-numerique-o1v96-yamaha\/","title":{"rendered":"Console Son Num\u00e9rique &#8211; O1V96 &#8211; YAMAHA"},"content":{"rendered":"<h1 class=\"post-title blue\"><span style=\"font-size: 16px;\">Console Son Num\u00e9rique &#8211; O1V96 &#8211; YAMAHA<\/span><\/h1>\n<p><span class=\"small\"><strong>Caract\u00e9ristiques principales<\/strong><\/span><\/p>\n<ul>\n<li><span class=\"small\">Entr\u00e9es micros : 12 avec Pad et Phantom<\/span><\/li>\n<li><span class=\"small\">Entr\u00e9e ligne : 2 st\u00e9r\u00e9o par jack 6\u201935<\/span><\/li>\n<li><span class=\"small\">Effets : 4 internes 96 kHz, 52 effets dont 8 suround<\/span><\/li>\n<li><span class=\"small\">D\u00e9parts auxiliaire : 4 jack 6\u201935 sortie omni<\/span><\/li>\n<li><span class=\"small\">Sortie : 2 x XLR master st\u00e9r\u00e9o<\/span><\/li>\n<\/ul>\n<p><span class=\"small\"><strong>Caract\u00e9ristiques\u00a0<\/strong><\/span><\/p>\n<ul>\n<li><span class=\"small\">Dimensions :\u00a0 436mm x 148mm x 548mm<\/span><\/li>\n<li><span class=\"small\">Consommation\u00a0: 130w<\/span><\/li>\n<li><span class=\"small\">Poids\u00a0: 15kg<\/span><\/li>\n<\/ul>\n<p>&nbsp;<\/p>\n<p>&nbsp;<\/p>\n","protected":false},"excerpt":{"rendered":"<p>Console Son Num\u00e9rique &#8211; O1V96 &#8211; YAMAHA Caract\u00e9ristiques principales Entr\u00e9es micros : 12 avec Pad et Phantom Entr\u00e9e ligne : 2 st\u00e9r\u00e9o par jack 6\u201935 Effets : 4 internes 96 [&hellip;]<\/p>\n","protected":false},"featured_media":11247,"template":"","meta":[],"product_brand":[],"product_cat":[260,116],"product_tag":[],"class_list":{"0":"post-11246","1":"product","2":"type-product","3":"status-publish","4":"has-post-thumbnail","6":"product_cat-consoles-sonorisation","7":"product_cat-sonorisation","10":"first","11":"instock","12":"taxable","13":"shipping-taxable","14":"product-type-simple"},"aioseo_notices":[],"_links":{"self":[{"href":"https:\/\/comlm.fr\/index.php\/wp-json\/wp\/v2\/product\/11246","targetHints":{"allow":["GET"]}}],"collection":[{"href":"https:\/\/comlm.fr\/index.php\/wp-json\/wp\/v2\/product"}],"about":[{"href":"https:\/\/comlm.fr\/index.php\/wp-json\/wp\/v2\/types\/product"}],"version-history":[{"count":1,"href":"https:\/\/comlm.fr\/index.php\/wp-json\/wp\/v2\/product\/11246\/revisions"}],"predecessor-version":[{"id":11249,"href":"https:\/\/comlm.fr\/index.php\/wp-json\/wp\/v2\/product\/11246\/revisions\/11249"}],"wp:featuredmedia":[{"embeddable":true,"href":"https:\/\/comlm.fr\/index.php\/wp-json\/wp\/v2\/media\/11247"}],"wp:attachment":[{"href":"https:\/\/comlm.fr\/index.php\/wp-json\/wp\/v2\/media?parent=11246"}],"wp:term":[{"taxonomy":"product_brand","embeddable":true,"href":"https:\/\/comlm.fr\/index.php\/wp-json\/wp\/v2\/product_brand?post=11246"},{"taxonomy":"product_cat","embeddable":true,"href":"https:\/\/comlm.fr\/index.php\/wp-json\/wp\/v2\/product_cat?post=11246"},{"taxonomy":"product_tag","embeddable":true,"href":"https:\/\/comlm.fr\/index.php\/wp-json\/wp\/v2\/product_tag?post=11246"}],"curies":[{"name":"wp","href":"https:\/\/api.w.org\/{rel}","templated":true}]}}