{"id":11239,"date":"2025-04-20T09:21:25","date_gmt":"2025-04-20T07:21:25","guid":{"rendered":"https:\/\/comlm.fr\/?post_type=product&#038;p=11239"},"modified":"2025-04-20T09:24:49","modified_gmt":"2025-04-20T07:24:49","slug":"console-son-yamaha-mg10xu-4-mono-3-stereo-1-aux","status":"publish","type":"product","link":"https:\/\/comlm.fr\/index.php\/produit\/console-son-yamaha-mg10xu-4-mono-3-stereo-1-aux\/","title":{"rendered":"Console son YAMAHA MG10XU (4 Mono \/ 3 St\u00e9r\u00e9o \/ 1 Aux)"},"content":{"rendered":"<h4>Console son YAMAHA MG10XU (4 Mono \/ 3 St\u00e9r\u00e9o \/ 1 Aux)<\/h4>\n<p><span class=\"small\"><strong>Caract\u00e9ristiques physiques<\/strong><\/span><\/p>\n<ul>\n<li><span class=\"small\">Dimensions :\u00a0 244 mm x 71 mm x 294 mm<br \/>\n<\/span><\/li>\n<li><span class=\"small\">Consommation\u00a0:\u00a0 22.9w<\/span><\/li>\n<li><span class=\"small\">Poids\u00a0: 2.1 Kg<\/span><\/li>\n<li><span class=\"small\"><strong>Caract\u00e9ristiques principales<\/strong><\/span>\n<ul>\n<li><span class=\"small\">Console de mixage 10 canaux<\/span><\/li>\n<li><span class=\"small\">4 entr\u00e9es micro, 10 entr\u00e9es ligne (4 mono + 3 st\u00e9r\u00e9o)<\/span><\/li>\n<li><span class=\"small\">1 bus st\u00e9r\u00e9o<\/span><\/li>\n<li><span class=\"small\">1 Aux (dont FX)<\/span><\/li>\n<li><span class=\"small\">Pr\u00e9amplis micro D-PRE avec circuit Darlington invers\u00e9<\/span><\/li>\n<li><span class=\"small\">4 compresseurs 1-Knob<\/span><\/li>\n<li><span class=\"small\">Multieffet SPX haute qualit\u00e9 24 programmes<\/span><\/li>\n<li><span class=\"small\">Interface audio USB 2 entr\u00e9es\/2 sorties 24bits\/192kHz<\/span><\/li>\n<li><span class=\"small\">Compatible iPad (2 ou ult\u00e9rieur) via le kit de connexion d&#8217;appareil photo iPad d&#8217;Apple<\/span><\/li>\n<li><span class=\"small\">Att\u00e9nuateur PAD sur les entr\u00e9es mono<\/span><\/li>\n<li><span class=\"small\">Alimentation fant\u00f4me +48V<\/span><\/li>\n<li><span class=\"small\">Sorties XLR et Jack sym\u00e9triques<\/span><\/li>\n<li><span class=\"small\">Ch\u00e2ssis m\u00e9tallique r\u00e9sistant<\/span><\/li>\n<\/ul>\n<\/li>\n<\/ul>\n","protected":false},"excerpt":{"rendered":"<p>Console son YAMAHA MG10XU (4 Mono \/ 3 St\u00e9r\u00e9o \/ 1 Aux) Caract\u00e9ristiques physiques Dimensions :\u00a0 244 mm x 71 mm x 294 mm Consommation\u00a0:\u00a0 22.9w Poids\u00a0: 2.1 Kg Caract\u00e9ristiques [&hellip;]<\/p>\n","protected":false},"featured_media":11240,"template":"","meta":[],"product_brand":[],"product_cat":[260,116],"product_tag":[],"class_list":{"0":"post-11239","1":"product","2":"type-product","3":"status-publish","4":"has-post-thumbnail","6":"product_cat-consoles-sonorisation","7":"product_cat-sonorisation","10":"first","11":"instock","12":"taxable","13":"shipping-taxable","14":"product-type-simple"},"aioseo_notices":[],"_links":{"self":[{"href":"https:\/\/comlm.fr\/index.php\/wp-json\/wp\/v2\/product\/11239","targetHints":{"allow":["GET"]}}],"collection":[{"href":"https:\/\/comlm.fr\/index.php\/wp-json\/wp\/v2\/product"}],"about":[{"href":"https:\/\/comlm.fr\/index.php\/wp-json\/wp\/v2\/types\/product"}],"version-history":[{"count":1,"href":"https:\/\/comlm.fr\/index.php\/wp-json\/wp\/v2\/product\/11239\/revisions"}],"predecessor-version":[{"id":11241,"href":"https:\/\/comlm.fr\/index.php\/wp-json\/wp\/v2\/product\/11239\/revisions\/11241"}],"wp:featuredmedia":[{"embeddable":true,"href":"https:\/\/comlm.fr\/index.php\/wp-json\/wp\/v2\/media\/11240"}],"wp:attachment":[{"href":"https:\/\/comlm.fr\/index.php\/wp-json\/wp\/v2\/media?parent=11239"}],"wp:term":[{"taxonomy":"product_brand","embeddable":true,"href":"https:\/\/comlm.fr\/index.php\/wp-json\/wp\/v2\/product_brand?post=11239"},{"taxonomy":"product_cat","embeddable":true,"href":"https:\/\/comlm.fr\/index.php\/wp-json\/wp\/v2\/product_cat?post=11239"},{"taxonomy":"product_tag","embeddable":true,"href":"https:\/\/comlm.fr\/index.php\/wp-json\/wp\/v2\/product_tag?post=11239"}],"curies":[{"name":"wp","href":"https:\/\/api.w.org\/{rel}","templated":true}]}}