{"id":11234,"date":"2025-04-20T09:05:33","date_gmt":"2025-04-20T07:05:33","guid":{"rendered":"https:\/\/comlm.fr\/?post_type=product&#038;p=11234"},"modified":"2025-04-20T09:17:29","modified_gmt":"2025-04-20T07:17:29","slug":"projecteur-ip65-mini-vega-starway","status":"publish","type":"product","link":"https:\/\/comlm.fr\/index.php\/produit\/projecteur-ip65-mini-vega-starway\/","title":{"rendered":"Projecteur IP65 MINI VEGA STARWAY"},"content":{"rendered":"<h4>Projecteur IP65 MINI VEGA STARWAY<\/h4>\n<p>Qu\u2019importe votre fa\u00e7on de l\u2019utiliser, le MINI VEGA deviendra rapidement le partenaire indispensable de vos conceptions lumi\u00e8re, en \u00e9clairement, en effet, en strobe ou en d\u00e9co. MINI VEGA vous apporte la couleur chaude propre aux effets tungst\u00e8ne, tout en boostant votre cr\u00e9ativit\u00e9 gr\u00e2ce aux possibilit\u00e9s infinies de programmation de ses LEDs, arrang\u00e9es en 2 anneaux RVB, int\u00e9rieur et ext\u00e9rieur.<\/p>\n<p>Caract\u00e9ristiques techniques<\/p>\n<p>SOURCE Source Type : 84 x LEDs RGB<\/p>\n<p>12 x LEDs blanc chaud<\/p>\n<p>45 x LEDs blanc chaud + ambre<\/p>\n<p>OPTIQUES<\/p>\n<p>Angle d&#8217;ouverture : 60\u00b0 (beam)<\/p>\n<p>CONTROLE<\/p>\n<p>DMX canaux : 2\/7\/10\/16<\/p>\n<p>DMX mode :<\/p>\n<p>DMX, ma\u00eetre-esclave, auto, manuel<\/p>\n<p>DMX connexion : XLR 5-pin<\/p>\n<p>DIMENSIONS \/ POIDS Dimensions (L x l x H) : 360 x 200 x 340 mm Poids : 3,35 k<\/p>\n","protected":false},"excerpt":{"rendered":"<p>Projecteur IP65 MINI VEGA STARWAY Qu\u2019importe votre fa\u00e7on de l\u2019utiliser, le MINI VEGA deviendra rapidement le partenaire indispensable de vos conceptions lumi\u00e8re, en \u00e9clairement, en effet, en strobe ou en [&hellip;]<\/p>\n","protected":false},"featured_media":11235,"template":"","meta":[],"product_brand":[],"product_cat":[249,232],"product_tag":[],"class_list":{"0":"post-11234","1":"product","2":"type-product","3":"status-publish","4":"has-post-thumbnail","6":"product_cat-decorations","7":"product_cat-eclairage","10":"first","11":"instock","12":"taxable","13":"shipping-taxable","14":"product-type-simple"},"aioseo_notices":[],"_links":{"self":[{"href":"https:\/\/comlm.fr\/index.php\/wp-json\/wp\/v2\/product\/11234","targetHints":{"allow":["GET"]}}],"collection":[{"href":"https:\/\/comlm.fr\/index.php\/wp-json\/wp\/v2\/product"}],"about":[{"href":"https:\/\/comlm.fr\/index.php\/wp-json\/wp\/v2\/types\/product"}],"version-history":[{"count":1,"href":"https:\/\/comlm.fr\/index.php\/wp-json\/wp\/v2\/product\/11234\/revisions"}],"predecessor-version":[{"id":11238,"href":"https:\/\/comlm.fr\/index.php\/wp-json\/wp\/v2\/product\/11234\/revisions\/11238"}],"wp:featuredmedia":[{"embeddable":true,"href":"https:\/\/comlm.fr\/index.php\/wp-json\/wp\/v2\/media\/11235"}],"wp:attachment":[{"href":"https:\/\/comlm.fr\/index.php\/wp-json\/wp\/v2\/media?parent=11234"}],"wp:term":[{"taxonomy":"product_brand","embeddable":true,"href":"https:\/\/comlm.fr\/index.php\/wp-json\/wp\/v2\/product_brand?post=11234"},{"taxonomy":"product_cat","embeddable":true,"href":"https:\/\/comlm.fr\/index.php\/wp-json\/wp\/v2\/product_cat?post=11234"},{"taxonomy":"product_tag","embeddable":true,"href":"https:\/\/comlm.fr\/index.php\/wp-json\/wp\/v2\/product_tag?post=11234"}],"curies":[{"name":"wp","href":"https:\/\/api.w.org\/{rel}","templated":true}]}}