{"id":11213,"date":"2025-04-19T10:21:40","date_gmt":"2025-04-19T08:21:40","guid":{"rendered":"https:\/\/comlm.fr\/?post_type=product&#038;p=11213"},"modified":"2025-04-19T10:24:40","modified_gmt":"2025-04-19T08:24:40","slug":"coffret-elec-noir-p17125t-vers-p1763t-3-p1732t-3-p1732m-9-p1716m","status":"publish","type":"product","link":"https:\/\/comlm.fr\/index.php\/produit\/coffret-elec-noir-p17125t-vers-p1763t-3-p1732t-3-p1732m-9-p1716m\/","title":{"rendered":"Coffret \u00e9lec noir P17125T vers P1763T + 3 P1732T + 3 P1732M + 9 P1716M"},"content":{"rendered":"<h4>Coffret \u00e9lec noir P17125T vers P1763T + 3 P1732T + 3 P1732M + 9 P1716M<\/h4>\n<h3 class=\"DocumentationTitre\">Caract\u00e9ristiques :<\/h3>\n<p class=\"DocumentationParagraphe\">Coffret empilable &#8211; ELEC by La BS<br \/>\nEntr\u00e9e : P17 125A 5p. Sorties : P17 63A 5p, 3 x P17 32A 5p, 3 x P17 32A 3p, 9 x P17 16A 3p. Protec : disj 4P 125A, disj 4P 63A 30mA, disj 4P 32A 30mA, disj P+N 32A 30mA. Plateau \u00e0 roulette M.<\/p>\n<table class=\"StyleTAble\">\n<tbody>\n<tr>\n<td class=\"caracteLibelle\" valign=\"top\"><span class=\"strongitem\">Entr\u00e9e &#8221;In&#8221; Alimentation :\u00a0<\/span><span class=\"CarValue\">P17 125 A T\u00e9trapolaire<\/span><\/td>\n<\/tr>\n<tr>\n<td class=\"caracteLibelle\" valign=\"top\"><span class=\"strongitem\">Sortie &#8221;Out&#8221; Alimentation :\u00a0<\/span><span class=\"CarValue\">P17 16 A Monophas\u00e9 ; P17 32 A Monophas\u00e9 ; P17 32 A T\u00e9trapolaire ; P17 63 A T\u00e9trapolaire<\/span><\/td>\n<\/tr>\n<\/tbody>\n<\/table>\n<table class=\"StyleTAble\">\n<tbody>\n<tr>\n<td><span class=\"strongitem\">Poids (net)<\/span>\u00a0:\u00a040 kg<\/td>\n<\/tr>\n<\/tbody>\n<\/table>\n","protected":false},"excerpt":{"rendered":"<p>Coffret \u00e9lec noir P17125T vers P1763T + 3 P1732T + 3 P1732M + 9 P1716M Caract\u00e9ristiques : Coffret empilable &#8211; ELEC by La BS Entr\u00e9e : P17 125A 5p. Sorties [&hellip;]<\/p>\n","protected":false},"featured_media":11214,"template":"","meta":[],"product_brand":[],"product_cat":[235,233,265,116],"product_tag":[],"class_list":{"0":"post-11213","1":"product","2":"type-product","3":"status-publish","4":"has-post-thumbnail","6":"product_cat-armoire-de-distrib","7":"product_cat-energie","8":"product_cat-peripherique-sonorisation","9":"product_cat-sonorisation","12":"first","13":"instock","14":"taxable","15":"shipping-taxable","16":"product-type-simple"},"aioseo_notices":[],"_links":{"self":[{"href":"https:\/\/comlm.fr\/index.php\/wp-json\/wp\/v2\/product\/11213","targetHints":{"allow":["GET"]}}],"collection":[{"href":"https:\/\/comlm.fr\/index.php\/wp-json\/wp\/v2\/product"}],"about":[{"href":"https:\/\/comlm.fr\/index.php\/wp-json\/wp\/v2\/types\/product"}],"version-history":[{"count":1,"href":"https:\/\/comlm.fr\/index.php\/wp-json\/wp\/v2\/product\/11213\/revisions"}],"predecessor-version":[{"id":11215,"href":"https:\/\/comlm.fr\/index.php\/wp-json\/wp\/v2\/product\/11213\/revisions\/11215"}],"wp:featuredmedia":[{"embeddable":true,"href":"https:\/\/comlm.fr\/index.php\/wp-json\/wp\/v2\/media\/11214"}],"wp:attachment":[{"href":"https:\/\/comlm.fr\/index.php\/wp-json\/wp\/v2\/media?parent=11213"}],"wp:term":[{"taxonomy":"product_brand","embeddable":true,"href":"https:\/\/comlm.fr\/index.php\/wp-json\/wp\/v2\/product_brand?post=11213"},{"taxonomy":"product_cat","embeddable":true,"href":"https:\/\/comlm.fr\/index.php\/wp-json\/wp\/v2\/product_cat?post=11213"},{"taxonomy":"product_tag","embeddable":true,"href":"https:\/\/comlm.fr\/index.php\/wp-json\/wp\/v2\/product_tag?post=11213"}],"curies":[{"name":"wp","href":"https:\/\/api.w.org\/{rel}","templated":true}]}}