{"id":11210,"date":"2025-04-19T10:18:53","date_gmt":"2025-04-19T08:18:53","guid":{"rendered":"https:\/\/comlm.fr\/?post_type=product&#038;p=11210"},"modified":"2025-04-19T10:21:22","modified_gmt":"2025-04-19T08:21:22","slug":"coffret-tetra-32a-equipe-de-6-socles-femelle-10-16a-nf","status":"publish","type":"product","link":"https:\/\/comlm.fr\/index.php\/produit\/coffret-tetra-32a-equipe-de-6-socles-femelle-10-16a-nf\/","title":{"rendered":"Coffret t\u00e9tra 32A \u00e9quip\u00e9 de 6 socles femelle 10\/16A-NF"},"content":{"rendered":"<h4><span id=\"MainPanel_FormViewArticle_LabelDescription\">Coffret t\u00e9tra 32A \u00e9quip\u00e9 de 6 socles femelle 10\/16A-NF<\/span><\/h4>\n<h3 class=\"DocumentationTitre\">Caract\u00e9ristiques :<\/h3>\n<p class=\"DocumentationParagraphe\">C\u00e2ble H07RNF 5G6 fiche m\u00e2le CEE17 3P+N+T 32A 2 m\u00e8tres. 6 socles bleus 10\/16A NF proteges par 6 disjoncteurs 16A, voyant orange pr\u00e9sence tension. Pr\u00e9voir 30mA en amont.<\/p>\n<table class=\"StyleTAble\">\n<tbody>\n<tr>\n<td class=\"caracteLibelle\" valign=\"top\"><span class=\"strongitem\">Entr\u00e9e &#8221;In&#8221; Alimentation :\u00a0<\/span><span class=\"CarValue\">P17 32 A T\u00e9trapolaire<\/span><\/td>\n<\/tr>\n<tr>\n<td class=\"caracteLibelle\" valign=\"top\"><span class=\"strongitem\">Sortie &#8221;Out&#8221; Alimentation :\u00a0<\/span><span class=\"CarValue\">PC 10\/16 A NF<\/span><\/td>\n<\/tr>\n<\/tbody>\n<\/table>\n<table class=\"StyleTAble\">\n<tbody>\n<tr>\n<td><span class=\"strongitem\">Poids (net)<\/span>\u00a0:\u00a05,37 kg<\/td>\n<\/tr>\n<\/tbody>\n<\/table>\n","protected":false},"excerpt":{"rendered":"<p>Coffret t\u00e9tra 32A \u00e9quip\u00e9 de 6 socles femelle 10\/16A-NF Caract\u00e9ristiques : C\u00e2ble H07RNF 5G6 fiche m\u00e2le CEE17 3P+N+T 32A 2 m\u00e8tres. 6 socles bleus 10\/16A NF proteges par 6 disjoncteurs [&hellip;]<\/p>\n","protected":false},"featured_media":11211,"template":"","meta":[],"product_brand":[],"product_cat":[235,233,265,116],"product_tag":[],"class_list":{"0":"post-11210","1":"product","2":"type-product","3":"status-publish","4":"has-post-thumbnail","6":"product_cat-armoire-de-distrib","7":"product_cat-energie","8":"product_cat-peripherique-sonorisation","9":"product_cat-sonorisation","12":"first","13":"instock","14":"taxable","15":"shipping-taxable","16":"product-type-simple"},"aioseo_notices":[],"_links":{"self":[{"href":"https:\/\/comlm.fr\/index.php\/wp-json\/wp\/v2\/product\/11210","targetHints":{"allow":["GET"]}}],"collection":[{"href":"https:\/\/comlm.fr\/index.php\/wp-json\/wp\/v2\/product"}],"about":[{"href":"https:\/\/comlm.fr\/index.php\/wp-json\/wp\/v2\/types\/product"}],"version-history":[{"count":1,"href":"https:\/\/comlm.fr\/index.php\/wp-json\/wp\/v2\/product\/11210\/revisions"}],"predecessor-version":[{"id":11212,"href":"https:\/\/comlm.fr\/index.php\/wp-json\/wp\/v2\/product\/11210\/revisions\/11212"}],"wp:featuredmedia":[{"embeddable":true,"href":"https:\/\/comlm.fr\/index.php\/wp-json\/wp\/v2\/media\/11211"}],"wp:attachment":[{"href":"https:\/\/comlm.fr\/index.php\/wp-json\/wp\/v2\/media?parent=11210"}],"wp:term":[{"taxonomy":"product_brand","embeddable":true,"href":"https:\/\/comlm.fr\/index.php\/wp-json\/wp\/v2\/product_brand?post=11210"},{"taxonomy":"product_cat","embeddable":true,"href":"https:\/\/comlm.fr\/index.php\/wp-json\/wp\/v2\/product_cat?post=11210"},{"taxonomy":"product_tag","embeddable":true,"href":"https:\/\/comlm.fr\/index.php\/wp-json\/wp\/v2\/product_tag?post=11210"}],"curies":[{"name":"wp","href":"https:\/\/api.w.org\/{rel}","templated":true}]}}