{"id":11207,"date":"2025-04-19T10:16:20","date_gmt":"2025-04-19T08:16:20","guid":{"rendered":"https:\/\/comlm.fr\/?post_type=product&#038;p=11207"},"modified":"2025-04-19T10:18:41","modified_gmt":"2025-04-19T08:18:41","slug":"coffret-32a-5p-vers-3-x-32a-mono-avec-interdiff-30ma-pce","status":"publish","type":"product","link":"https:\/\/comlm.fr\/index.php\/produit\/coffret-32a-5p-vers-3-x-32a-mono-avec-interdiff-30ma-pce\/","title":{"rendered":"Coffret 32A 5p vers 3 x 32A mono avec interdiff 30mA PCE"},"content":{"rendered":"<h4><span id=\"MainPanel_FormViewArticle_LabelDescription\">Coffret 32A 5p vers 3 x 32A mono avec interdiff 30mA PCE<\/span><\/h4>\n<h3 class=\"DocumentationTitre\">Caract\u00e9ristiques :<\/h3>\n<p class=\"DocumentationParagraphe\">Alimentation CEE17 32A 3P+N+T 32A. Interrupteur diff\u00e9rentiel 4x40A 30mA. Sorties : 3 socles 32A CEE17 mono prot\u00e9g\u00e9s par 3 disjoncteurs Ph\/N 32A.<\/p>\n<table class=\"StyleTAble\">\n<tbody>\n<tr>\n<td class=\"caracteLibelle\" valign=\"top\"><span class=\"strongitem\">Entr\u00e9e &#8221;In&#8221; Alimentation :\u00a0<\/span><span class=\"CarValue\">P17 32 A T\u00e9trapolaire<\/span><\/td>\n<\/tr>\n<tr>\n<td class=\"caracteLibelle\" valign=\"top\"><span class=\"strongitem\">Sortie &#8221;Out&#8221; Alimentation :\u00a0<\/span><span class=\"CarValue\">3 x P17 32 A Monophas\u00e9<\/span><\/td>\n<\/tr>\n<\/tbody>\n<\/table>\n<table class=\"StyleTAble\">\n<tbody>\n<tr>\n<td><span class=\"strongitem\">Poids (net)<\/span>\u00a0:\u00a02,45<\/td>\n<\/tr>\n<\/tbody>\n<\/table>\n","protected":false},"excerpt":{"rendered":"<p>Coffret 32A 5p vers 3 x 32A mono avec interdiff 30mA PCE Caract\u00e9ristiques : Alimentation CEE17 32A 3P+N+T 32A. Interrupteur diff\u00e9rentiel 4x40A 30mA. Sorties : 3 socles 32A CEE17 mono [&hellip;]<\/p>\n","protected":false},"featured_media":11208,"template":"","meta":[],"product_brand":[],"product_cat":[235,233,265,116],"product_tag":[],"class_list":{"0":"post-11207","1":"product","2":"type-product","3":"status-publish","4":"has-post-thumbnail","6":"product_cat-armoire-de-distrib","7":"product_cat-energie","8":"product_cat-peripherique-sonorisation","9":"product_cat-sonorisation","12":"first","13":"instock","14":"taxable","15":"shipping-taxable","16":"product-type-simple"},"aioseo_notices":[],"_links":{"self":[{"href":"https:\/\/comlm.fr\/index.php\/wp-json\/wp\/v2\/product\/11207","targetHints":{"allow":["GET"]}}],"collection":[{"href":"https:\/\/comlm.fr\/index.php\/wp-json\/wp\/v2\/product"}],"about":[{"href":"https:\/\/comlm.fr\/index.php\/wp-json\/wp\/v2\/types\/product"}],"version-history":[{"count":1,"href":"https:\/\/comlm.fr\/index.php\/wp-json\/wp\/v2\/product\/11207\/revisions"}],"predecessor-version":[{"id":11209,"href":"https:\/\/comlm.fr\/index.php\/wp-json\/wp\/v2\/product\/11207\/revisions\/11209"}],"wp:featuredmedia":[{"embeddable":true,"href":"https:\/\/comlm.fr\/index.php\/wp-json\/wp\/v2\/media\/11208"}],"wp:attachment":[{"href":"https:\/\/comlm.fr\/index.php\/wp-json\/wp\/v2\/media?parent=11207"}],"wp:term":[{"taxonomy":"product_brand","embeddable":true,"href":"https:\/\/comlm.fr\/index.php\/wp-json\/wp\/v2\/product_brand?post=11207"},{"taxonomy":"product_cat","embeddable":true,"href":"https:\/\/comlm.fr\/index.php\/wp-json\/wp\/v2\/product_cat?post=11207"},{"taxonomy":"product_tag","embeddable":true,"href":"https:\/\/comlm.fr\/index.php\/wp-json\/wp\/v2\/product_tag?post=11207"}],"curies":[{"name":"wp","href":"https:\/\/api.w.org\/{rel}","templated":true}]}}