{"id":11204,"date":"2025-04-19T10:13:43","date_gmt":"2025-04-19T08:13:43","guid":{"rendered":"https:\/\/comlm.fr\/?post_type=product&#038;p=11204"},"modified":"2025-04-19T10:16:04","modified_gmt":"2025-04-19T08:16:04","slug":"coffret-electrique-noir-p1763t-vers-2-x-p1732t-avec-disj-diff30ma","status":"publish","type":"product","link":"https:\/\/comlm.fr\/index.php\/produit\/coffret-electrique-noir-p1763t-vers-2-x-p1732t-avec-disj-diff30ma\/","title":{"rendered":"Coffret \u00e9lectrique noir P1763T vers 2 x P1732T avec disj + diff30mA"},"content":{"rendered":"<h4><span id=\"MainPanel_FormViewArticle_LabelDescription\">Coffret \u00e9lectrique noir P1763T vers 2 x P1732T avec disj + diff30mA<\/span><\/h4>\n<h3 class=\"DocumentationTitre\">Caract\u00e9ristiques :<\/h3>\n<p class=\"DocumentationParagraphe\">ELEC by La BS<br \/>\nEntr\u00e9e : embase noire P17 63A 5p. Sorties : 2 embases noires P17 32A 5p. Protection : disjoncteur 4P 63A diff\u00e9rentiel 30 mA, disjoncteur 4P 32A.<\/p>\n<table class=\"StyleTAble\">\n<tbody>\n<tr>\n<td class=\"caracteLibelle\" valign=\"top\"><span class=\"strongitem\">Entr\u00e9e &#8221;In&#8221; Alimentation :\u00a0<\/span><span class=\"CarValue\">P17 63 A T\u00e9trapolaire<\/span><\/td>\n<\/tr>\n<tr>\n<td class=\"caracteLibelle\" valign=\"top\"><span class=\"strongitem\">Sortie &#8221;Out&#8221; Alimentation :\u00a0<\/span><span class=\"CarValue\">P17 32 A T\u00e9trapolaire<\/span><\/td>\n<\/tr>\n<\/tbody>\n<\/table>\n<table class=\"StyleTAble\">\n<tbody>\n<tr>\n<td><span class=\"strongitem\">Poids (net)<\/span>\u00a0:\u00a08,20 kg<\/td>\n<\/tr>\n<\/tbody>\n<\/table>\n","protected":false},"excerpt":{"rendered":"<p>Coffret \u00e9lectrique noir P1763T vers 2 x P1732T avec disj + diff30mA Caract\u00e9ristiques : ELEC by La BS Entr\u00e9e : embase noire P17 63A 5p. Sorties : 2 embases noires [&hellip;]<\/p>\n","protected":false},"featured_media":11205,"template":"","meta":[],"product_brand":[],"product_cat":[235,233,265,116],"product_tag":[],"class_list":{"0":"post-11204","1":"product","2":"type-product","3":"status-publish","4":"has-post-thumbnail","6":"product_cat-armoire-de-distrib","7":"product_cat-energie","8":"product_cat-peripherique-sonorisation","9":"product_cat-sonorisation","12":"first","13":"instock","14":"taxable","15":"shipping-taxable","16":"product-type-simple"},"aioseo_notices":[],"_links":{"self":[{"href":"https:\/\/comlm.fr\/index.php\/wp-json\/wp\/v2\/product\/11204","targetHints":{"allow":["GET"]}}],"collection":[{"href":"https:\/\/comlm.fr\/index.php\/wp-json\/wp\/v2\/product"}],"about":[{"href":"https:\/\/comlm.fr\/index.php\/wp-json\/wp\/v2\/types\/product"}],"version-history":[{"count":1,"href":"https:\/\/comlm.fr\/index.php\/wp-json\/wp\/v2\/product\/11204\/revisions"}],"predecessor-version":[{"id":11206,"href":"https:\/\/comlm.fr\/index.php\/wp-json\/wp\/v2\/product\/11204\/revisions\/11206"}],"wp:featuredmedia":[{"embeddable":true,"href":"https:\/\/comlm.fr\/index.php\/wp-json\/wp\/v2\/media\/11205"}],"wp:attachment":[{"href":"https:\/\/comlm.fr\/index.php\/wp-json\/wp\/v2\/media?parent=11204"}],"wp:term":[{"taxonomy":"product_brand","embeddable":true,"href":"https:\/\/comlm.fr\/index.php\/wp-json\/wp\/v2\/product_brand?post=11204"},{"taxonomy":"product_cat","embeddable":true,"href":"https:\/\/comlm.fr\/index.php\/wp-json\/wp\/v2\/product_cat?post=11204"},{"taxonomy":"product_tag","embeddable":true,"href":"https:\/\/comlm.fr\/index.php\/wp-json\/wp\/v2\/product_tag?post=11204"}],"curies":[{"name":"wp","href":"https:\/\/api.w.org\/{rel}","templated":true}]}}