{"id":11201,"date":"2025-04-19T10:10:59","date_gmt":"2025-04-19T08:10:59","guid":{"rendered":"https:\/\/comlm.fr\/?post_type=product&#038;p=11201"},"modified":"2025-04-19T10:13:03","modified_gmt":"2025-04-19T08:13:03","slug":"coffret-dalim-elect-p17-63a-tetra-version-coffret-empilable","status":"publish","type":"product","link":"https:\/\/comlm.fr\/index.php\/produit\/coffret-dalim-elect-p17-63a-tetra-version-coffret-empilable\/","title":{"rendered":"Coffret d&#8217;alim. \u00e9lect. P17 63A t\u00e9tra &#8211; Version coffret empilable"},"content":{"rendered":"<h4><span id=\"MainPanel_FormViewArticle_LabelDescription\">Coffret d&#8217;alim. \u00e9lect. P17 63A t\u00e9tra &#8211; Version coffret empilable<\/span><\/h4>\n<h3 class=\"DocumentationTitre\">Caract\u00e9ristiques :<\/h3>\n<p class=\"DocumentationParagraphe\">6 PC16A, 2 P17 32A TET, 3 P17 32A M<br \/>\nProtections : 1 disjoncteur 63A t\u00e9tra en t\u00eate, 3 disjoncteurs 16A mono, 3 disjoncteurs 32A mono &amp; 2 diff\u00e9rentiels 32A t\u00e9tra 30mA sur les d\u00e9parts<\/p>\n<table class=\"StyleTAble\">\n<tbody>\n<tr>\n<td class=\"caracteLibelle\" valign=\"top\"><span class=\"strongitem\">Entr\u00e9e &#8221;In&#8221; Alimentation :\u00a0<\/span><span class=\"CarValue\">P17 63 A T\u00e9trapolaire<\/span><\/td>\n<\/tr>\n<tr>\n<td class=\"caracteLibelle\" valign=\"top\"><span class=\"strongitem\">Sortie &#8221;Out&#8221; Alimentation :\u00a0<\/span><span class=\"CarValue\">PC 10\/16 A NF ; P17 32 A Monophas\u00e9 ; P17 32 A T\u00e9trapolaire<\/span><\/td>\n<\/tr>\n<\/tbody>\n<\/table>\n<table class=\"StyleTAble\">\n<tbody>\n<tr>\n<td><span class=\"strongitem\">Poids (net)<\/span>\u00a0:\u00a015,08 kg<\/td>\n<\/tr>\n<\/tbody>\n<\/table>\n","protected":false},"excerpt":{"rendered":"<p>Coffret d&#8217;alim. \u00e9lect. P17 63A t\u00e9tra &#8211; Version coffret empilable Caract\u00e9ristiques : 6 PC16A, 2 P17 32A TET, 3 P17 32A M Protections : 1 disjoncteur 63A t\u00e9tra en t\u00eate, [&hellip;]<\/p>\n","protected":false},"featured_media":11202,"template":"","meta":[],"product_brand":[],"product_cat":[235,233,265,116],"product_tag":[],"class_list":{"0":"post-11201","1":"product","2":"type-product","3":"status-publish","4":"has-post-thumbnail","6":"product_cat-armoire-de-distrib","7":"product_cat-energie","8":"product_cat-peripherique-sonorisation","9":"product_cat-sonorisation","12":"first","13":"instock","14":"taxable","15":"shipping-taxable","16":"product-type-simple"},"aioseo_notices":[],"_links":{"self":[{"href":"https:\/\/comlm.fr\/index.php\/wp-json\/wp\/v2\/product\/11201","targetHints":{"allow":["GET"]}}],"collection":[{"href":"https:\/\/comlm.fr\/index.php\/wp-json\/wp\/v2\/product"}],"about":[{"href":"https:\/\/comlm.fr\/index.php\/wp-json\/wp\/v2\/types\/product"}],"version-history":[{"count":1,"href":"https:\/\/comlm.fr\/index.php\/wp-json\/wp\/v2\/product\/11201\/revisions"}],"predecessor-version":[{"id":11203,"href":"https:\/\/comlm.fr\/index.php\/wp-json\/wp\/v2\/product\/11201\/revisions\/11203"}],"wp:featuredmedia":[{"embeddable":true,"href":"https:\/\/comlm.fr\/index.php\/wp-json\/wp\/v2\/media\/11202"}],"wp:attachment":[{"href":"https:\/\/comlm.fr\/index.php\/wp-json\/wp\/v2\/media?parent=11201"}],"wp:term":[{"taxonomy":"product_brand","embeddable":true,"href":"https:\/\/comlm.fr\/index.php\/wp-json\/wp\/v2\/product_brand?post=11201"},{"taxonomy":"product_cat","embeddable":true,"href":"https:\/\/comlm.fr\/index.php\/wp-json\/wp\/v2\/product_cat?post=11201"},{"taxonomy":"product_tag","embeddable":true,"href":"https:\/\/comlm.fr\/index.php\/wp-json\/wp\/v2\/product_tag?post=11201"}],"curies":[{"name":"wp","href":"https:\/\/api.w.org\/{rel}","templated":true}]}}