{"id":11198,"date":"2025-04-19T10:06:52","date_gmt":"2025-04-19T08:06:52","guid":{"rendered":"https:\/\/comlm.fr\/?post_type=product&#038;p=11198"},"modified":"2025-04-19T10:13:30","modified_gmt":"2025-04-19T08:13:30","slug":"flight-case-de-distribution-electrique-10u-63a-3pnt","status":"publish","type":"product","link":"https:\/\/comlm.fr\/index.php\/produit\/flight-case-de-distribution-electrique-10u-63a-3pnt\/","title":{"rendered":"Flight-case de distribution \u00e9lectrique 10U 63A 3P+N+T"},"content":{"rendered":"<h4><span id=\"MainPanel_FormViewArticle_LabelDescription\">Flight-case de distribution \u00e9lectrique 10U 63A 3P+N+T<\/span><\/h4>\n<h3 class=\"DocumentationTitre\">Caract\u00e9ristiques :<\/h3>\n<p class=\"DocumentationParagraphe\">avec roulettes<br \/>\nSorties : 4 x P17 32A t\u00e9tra, 4 P17 32A mono, 4 P17 16A mono, 6 PC 10\/16A NF<\/p>\n<table class=\"StyleTAble\">\n<tbody>\n<tr>\n<td class=\"caracteLibelle\" valign=\"top\"><span class=\"strongitem\">Entr\u00e9e &#8221;In&#8221; Alimentation :\u00a0<\/span><span class=\"CarValue\">P17 63 A T\u00e9trapolaire<\/span><\/td>\n<\/tr>\n<tr>\n<td class=\"caracteLibelle\" valign=\"top\"><span class=\"strongitem\">Sortie &#8221;Out&#8221; Alimentation :\u00a0<\/span><span class=\"CarValue\">PC 10\/16 A NF ; P17 16 A Monophas\u00e9 ; P17 32 A Monophas\u00e9 ; P17 32 A T\u00e9trapolaire<\/span><\/td>\n<\/tr>\n<\/tbody>\n<\/table>\n<table class=\"StyleTAble\">\n<tbody>\n<tr>\n<td><span class=\"strongitem\">Poids (net)<\/span>\u00a0:\u00a049,93 kg<\/td>\n<\/tr>\n<\/tbody>\n<\/table>\n","protected":false},"excerpt":{"rendered":"<p>Flight-case de distribution \u00e9lectrique 10U 63A 3P+N+T Caract\u00e9ristiques : avec roulettes Sorties : 4 x P17 32A t\u00e9tra, 4 P17 32A mono, 4 P17 16A mono, 6 PC 10\/16A NF [&hellip;]<\/p>\n","protected":false},"featured_media":11199,"template":"","meta":[],"product_brand":[],"product_cat":[235,233,265,116],"product_tag":[],"class_list":{"0":"post-11198","1":"product","2":"type-product","3":"status-publish","4":"has-post-thumbnail","6":"product_cat-armoire-de-distrib","7":"product_cat-energie","8":"product_cat-peripherique-sonorisation","9":"product_cat-sonorisation","12":"first","13":"instock","14":"taxable","15":"shipping-taxable","16":"product-type-simple"},"aioseo_notices":[],"_links":{"self":[{"href":"https:\/\/comlm.fr\/index.php\/wp-json\/wp\/v2\/product\/11198","targetHints":{"allow":["GET"]}}],"collection":[{"href":"https:\/\/comlm.fr\/index.php\/wp-json\/wp\/v2\/product"}],"about":[{"href":"https:\/\/comlm.fr\/index.php\/wp-json\/wp\/v2\/types\/product"}],"version-history":[{"count":1,"href":"https:\/\/comlm.fr\/index.php\/wp-json\/wp\/v2\/product\/11198\/revisions"}],"predecessor-version":[{"id":11200,"href":"https:\/\/comlm.fr\/index.php\/wp-json\/wp\/v2\/product\/11198\/revisions\/11200"}],"wp:featuredmedia":[{"embeddable":true,"href":"https:\/\/comlm.fr\/index.php\/wp-json\/wp\/v2\/media\/11199"}],"wp:attachment":[{"href":"https:\/\/comlm.fr\/index.php\/wp-json\/wp\/v2\/media?parent=11198"}],"wp:term":[{"taxonomy":"product_brand","embeddable":true,"href":"https:\/\/comlm.fr\/index.php\/wp-json\/wp\/v2\/product_brand?post=11198"},{"taxonomy":"product_cat","embeddable":true,"href":"https:\/\/comlm.fr\/index.php\/wp-json\/wp\/v2\/product_cat?post=11198"},{"taxonomy":"product_tag","embeddable":true,"href":"https:\/\/comlm.fr\/index.php\/wp-json\/wp\/v2\/product_tag?post=11198"}],"curies":[{"name":"wp","href":"https:\/\/api.w.org\/{rel}","templated":true}]}}