{"id":11195,"date":"2025-04-19T09:58:54","date_gmt":"2025-04-19T07:58:54","guid":{"rendered":"https:\/\/comlm.fr\/?post_type=product&#038;p=11195"},"modified":"2025-04-19T10:04:50","modified_gmt":"2025-04-19T08:04:50","slug":"boitier-de-presse-drawmer-4x4r","status":"publish","type":"product","link":"https:\/\/comlm.fr\/index.php\/produit\/boitier-de-presse-drawmer-4x4r\/","title":{"rendered":"BOITIER de PRESSE DRAWMER 4X4R"},"content":{"rendered":"<h4 class=\"bg-filter\">BOITIER de PRESSE DRAWMER 4X4R<\/h4>\n<h3 class=\"DocumentationTitre\">Description :<\/h3>\n<p>Distributeur de signal actif rackable 4 entr\u00e9es micro\/ligne et 16 sorties Sa tr\u00e8s haute qualit\u00e9 audio, sa robuste construction et ses multiples sorties en font l\u2018outil id\u00e9al pour une utilisation sur les tourn\u00e9es Live, les th\u00e9\u00e2tres, les conf\u00e9rences de presse, les \u00e9v\u00e9nements sportifs, la sonorisation et l\u2019installation fi xe ou toutes autres situations o\u00f9 une distribution audio de qualit\u00e9 est requise.<\/p>\n<h3 class=\"DocumentationTitre\">Caract\u00e9ristiques :<\/h3>\n<p>\u2022 4 pr\u00e9amplis micro\/ligne de qualit\u00e9 studio chacun fournissant jusqu\u2019\u00e0 66 dB de gain<\/p>\n<p>\u2022 16 sorties audio sym\u00e9tris\u00e9es, chacune avec la possibilit\u00e9 d\u2019\u00eatre \u00e9quip\u00e9es de transformateur d\u2019isolation et de possibilit\u00e9 de cascade. Dimensions : 482 x 44 x 223 mm &#8211; Poids : 2,8 kgs<\/p>\n","protected":false},"excerpt":{"rendered":"<p>BOITIER de PRESSE DRAWMER 4X4R Description : Distributeur de signal actif rackable 4 entr\u00e9es micro\/ligne et 16 sorties Sa tr\u00e8s haute qualit\u00e9 audio, sa robuste construction et ses multiples sorties [&hellip;]<\/p>\n","protected":false},"featured_media":11196,"template":"","meta":[],"product_brand":[],"product_cat":[265,116],"product_tag":[],"class_list":{"0":"post-11195","1":"product","2":"type-product","3":"status-publish","4":"has-post-thumbnail","6":"product_cat-peripherique-sonorisation","7":"product_cat-sonorisation","10":"first","11":"instock","12":"taxable","13":"shipping-taxable","14":"product-type-simple"},"aioseo_notices":[],"_links":{"self":[{"href":"https:\/\/comlm.fr\/index.php\/wp-json\/wp\/v2\/product\/11195","targetHints":{"allow":["GET"]}}],"collection":[{"href":"https:\/\/comlm.fr\/index.php\/wp-json\/wp\/v2\/product"}],"about":[{"href":"https:\/\/comlm.fr\/index.php\/wp-json\/wp\/v2\/types\/product"}],"version-history":[{"count":1,"href":"https:\/\/comlm.fr\/index.php\/wp-json\/wp\/v2\/product\/11195\/revisions"}],"predecessor-version":[{"id":11197,"href":"https:\/\/comlm.fr\/index.php\/wp-json\/wp\/v2\/product\/11195\/revisions\/11197"}],"wp:featuredmedia":[{"embeddable":true,"href":"https:\/\/comlm.fr\/index.php\/wp-json\/wp\/v2\/media\/11196"}],"wp:attachment":[{"href":"https:\/\/comlm.fr\/index.php\/wp-json\/wp\/v2\/media?parent=11195"}],"wp:term":[{"taxonomy":"product_brand","embeddable":true,"href":"https:\/\/comlm.fr\/index.php\/wp-json\/wp\/v2\/product_brand?post=11195"},{"taxonomy":"product_cat","embeddable":true,"href":"https:\/\/comlm.fr\/index.php\/wp-json\/wp\/v2\/product_cat?post=11195"},{"taxonomy":"product_tag","embeddable":true,"href":"https:\/\/comlm.fr\/index.php\/wp-json\/wp\/v2\/product_tag?post=11195"}],"curies":[{"name":"wp","href":"https:\/\/api.w.org\/{rel}","templated":true}]}}