{"id":11190,"date":"2025-04-19T09:53:58","date_gmt":"2025-04-19T07:53:58","guid":{"rendered":"https:\/\/comlm.fr\/?post_type=product&#038;p=11190"},"modified":"2025-04-19T09:58:42","modified_gmt":"2025-04-19T07:58:42","slug":"interface-usb-c-8-in-6-out-scarlett-3rd-gen-8i6-focusrite","status":"publish","type":"product","link":"https:\/\/comlm.fr\/index.php\/produit\/interface-usb-c-8-in-6-out-scarlett-3rd-gen-8i6-focusrite\/","title":{"rendered":"Interface USB-C 8 in 6 out SCARLETT 3rd GEN 8I6 Focusrite"},"content":{"rendered":"<h4><span id=\"MainPanel_FormViewArticle_LabelDescription\">Interface USB-C 8 in 6 out SCARLETT 3rd GEN 8I6 Focusrite<\/span><\/h4>\n<h3 class=\"DocumentationTitre\">Description :<\/h3>\n<p>Le pr\u00e9ampli micro des Scarlett 3e g\u00e9n\u00e9ration est le plus performant \u00e0 ce jour, avec une plage dynamique rehauss\u00e9e et un niveau de bruit encore plus minime pour des enregistrements de qualit\u00e9 professionnelle. Les convertisseurs AN-NA 24 bits\/192 kHz, \u00e0 la pointe de la technologie, poussent vos enregistrements \u00e0 un autre niveau pour un r\u00e9sultat plus clair et plus percutant sur tout le spectre sonore.<\/p>\n<h3 class=\"DocumentationTitre\">Caract\u00e9ristiques :<\/h3>\n<p class=\"DocumentationParagraphe\">Livr\u00e9 avec Ableton Live lite, Pro Tools First, bundle Softube Time and Tone et Focusrite Red Plug-in suite.<\/p>\n<table class=\"StyleTAble\">\n<tbody>\n<tr>\n<td class=\"caracteLibelle\" valign=\"top\"><span class=\"strongitem\">Connecteur(s) en sortie &#8220;Out&#8221; :\u00a0<\/span><span class=\"CarValue\">USB Type C<\/span><\/td>\n<\/tr>\n<tr>\n<td class=\"caracteLibelle\" valign=\"top\"><span class=\"strongitem\">Logiciels inclus :\u00a0<\/span><span class=\"CarValue\">Ableton Live lite, Pro Tools First, bundle Softube Time and Tone et Focusrite Red Plug-in suite<\/span><\/td>\n<\/tr>\n<tr>\n<td class=\"caracteLibelle\" valign=\"top\"><span class=\"strongitem\">Nombre d\u2019entr\u00e9es au total :\u00a0<\/span><span class=\"CarValue\">8<\/span><\/td>\n<\/tr>\n<tr>\n<td class=\"caracteLibelle\" valign=\"top\"><span class=\"strongitem\">Nombre de pr\u00e9amplis micros :\u00a0<\/span><span class=\"CarValue\">2<\/span><\/td>\n<\/tr>\n<tr>\n<td class=\"caracteLibelle\" valign=\"top\"><span class=\"strongitem\">Nombre de sorties au total :\u00a0<\/span><span class=\"CarValue\">6<\/span><\/td>\n<\/tr>\n<\/tbody>\n<\/table>\n<table class=\"StyleTAble\">\n<tbody>\n<tr>\n<td><span class=\"strongitem\">Poids (net)<\/span>\u00a0:\u00a01,59 kg<\/td>\n<\/tr>\n<\/tbody>\n<\/table>\n","protected":false},"excerpt":{"rendered":"<p>Interface USB-C 8 in 6 out SCARLETT 3rd GEN 8I6 Focusrite Description : Le pr\u00e9ampli micro des Scarlett 3e g\u00e9n\u00e9ration est le plus performant \u00e0 ce jour, avec une plage [&hellip;]<\/p>\n","protected":false},"featured_media":11191,"template":"","meta":[],"product_brand":[],"product_cat":[265,116],"product_tag":[],"class_list":{"0":"post-11190","1":"product","2":"type-product","3":"status-publish","4":"has-post-thumbnail","6":"product_cat-peripherique-sonorisation","7":"product_cat-sonorisation","10":"first","11":"instock","12":"taxable","13":"shipping-taxable","14":"product-type-simple"},"aioseo_notices":[],"_links":{"self":[{"href":"https:\/\/comlm.fr\/index.php\/wp-json\/wp\/v2\/product\/11190","targetHints":{"allow":["GET"]}}],"collection":[{"href":"https:\/\/comlm.fr\/index.php\/wp-json\/wp\/v2\/product"}],"about":[{"href":"https:\/\/comlm.fr\/index.php\/wp-json\/wp\/v2\/types\/product"}],"version-history":[{"count":1,"href":"https:\/\/comlm.fr\/index.php\/wp-json\/wp\/v2\/product\/11190\/revisions"}],"predecessor-version":[{"id":11194,"href":"https:\/\/comlm.fr\/index.php\/wp-json\/wp\/v2\/product\/11190\/revisions\/11194"}],"wp:featuredmedia":[{"embeddable":true,"href":"https:\/\/comlm.fr\/index.php\/wp-json\/wp\/v2\/media\/11191"}],"wp:attachment":[{"href":"https:\/\/comlm.fr\/index.php\/wp-json\/wp\/v2\/media?parent=11190"}],"wp:term":[{"taxonomy":"product_brand","embeddable":true,"href":"https:\/\/comlm.fr\/index.php\/wp-json\/wp\/v2\/product_brand?post=11190"},{"taxonomy":"product_cat","embeddable":true,"href":"https:\/\/comlm.fr\/index.php\/wp-json\/wp\/v2\/product_cat?post=11190"},{"taxonomy":"product_tag","embeddable":true,"href":"https:\/\/comlm.fr\/index.php\/wp-json\/wp\/v2\/product_tag?post=11190"}],"curies":[{"name":"wp","href":"https:\/\/api.w.org\/{rel}","templated":true}]}}