{"id":11186,"date":"2025-04-19T09:48:54","date_gmt":"2025-04-19T07:48:54","guid":{"rendered":"https:\/\/comlm.fr\/?post_type=product&#038;p=11186"},"modified":"2025-04-19T09:52:57","modified_gmt":"2025-04-19T07:52:57","slug":"focusrite-scarlett-2i2-4th-gen-2-in-2-out-usb-c","status":"publish","type":"product","link":"https:\/\/comlm.fr\/index.php\/produit\/focusrite-scarlett-2i2-4th-gen-2-in-2-out-usb-c\/","title":{"rendered":"Focusrite Scarlett 2I2 4th Gen &#8211; 2 in 2 out &#8211; USB-C"},"content":{"rendered":"<h4><span id=\"MainPanel_FormViewArticle_LabelDescription\">Focusrite Scarlett 2I2 4th Gen &#8211; 2 in 2 out &#8211; USB-C<\/span><\/h4>\n<h3 class=\"DocumentationTitre\">Description :<\/h3>\n<p>La qualit\u00e9 de vos enregistrements va faire un bond de g\u00e9ant avec la Scarlett 2i2. Deux des pr\u00e9amplis micros les plus pr\u00e9cis de Focusrite, avec un niveau de bruit ultra-faible. Des convertisseurs de tr\u00e8s haute qualit\u00e9, avec une impressionnante plage dynamique de 120 dB, comme sur les mod\u00e8les qui \u00e9quipent les studios professionnels. Des fonctions de r\u00e9glage automatique du gain et de protection contre les \u00e9cr\u00eatages, ainsi que 69 dB de gain analogique, pour ajuster rapidement les niveaux et obtenir \u00e0 chaque fois des prises que vous pourrez utiliser. Un kit d&#8217;enregistrement complet contenant Pro Tools Artist, Ableton Live Lite et notre bundle de logiciels Hitmaker Expansion, avec Auto-Tune Access pour les voix, le Softube Marshall Silver Jubilee 2555 pour la guitare, le synth\u00e9 MASSIVE de Native Instruments, et bien d&#8217;autres choses encore.<\/p>\n<h3 class=\"DocumentationTitre\">Caract\u00e9ristiques :<\/h3>\n<p class=\"DocumentationParagraphe\">2 entr\u00e9es dont 2 pr\u00e9amplis micro et une entr\u00e9e ligne \/ instrument. Sorties sur jack 6,35mm. Alimentation via USB-C. Livr\u00e9 avec Ableton Live lite, Antares Auto-Tune, 3 mois Pro Tools Artist, etc\u2026<\/p>\n<table class=\"StyleTAble\">\n<tbody>\n<tr>\n<td class=\"caracteLibelle\" valign=\"top\"><span class=\"strongitem\">Connecteur(s) en sortie &#8220;Out&#8221; :\u00a0<\/span><span class=\"CarValue\">USB Type C<\/span><\/td>\n<\/tr>\n<tr>\n<td class=\"caracteLibelle\" valign=\"top\"><span class=\"strongitem\">Logiciels inclus :\u00a0<\/span><span class=\"CarValue\">Ableton Live lite, Antares Auto-Tune, 3 mois Pro Tools Artist<\/span><\/td>\n<\/tr>\n<tr>\n<td class=\"caracteLibelle\" valign=\"top\"><span class=\"strongitem\">Nombre d\u2019entr\u00e9es au total :\u00a0<\/span><span class=\"CarValue\">2<\/span><\/td>\n<\/tr>\n<tr>\n<td class=\"caracteLibelle\" valign=\"top\"><span class=\"strongitem\">Nombre de pr\u00e9amplis micros :\u00a0<\/span><span class=\"CarValue\">2<\/span><\/td>\n<\/tr>\n<tr>\n<td class=\"caracteLibelle\" valign=\"top\"><span class=\"strongitem\">Nombre de sorties au total :\u00a0<\/span><span class=\"CarValue\">2<\/span><\/td>\n<\/tr>\n<\/tbody>\n<\/table>\n<table class=\"StyleTAble\">\n<tbody>\n<tr>\n<td><span class=\"strongitem\">Poids (net)<\/span>\u00a0:\u00a0570 g<\/td>\n<\/tr>\n<\/tbody>\n<\/table>\n","protected":false},"excerpt":{"rendered":"<p>Focusrite Scarlett 2I2 4th Gen &#8211; 2 in 2 out &#8211; USB-C Description : La qualit\u00e9 de vos enregistrements va faire un bond de g\u00e9ant avec la Scarlett 2i2. Deux [&hellip;]<\/p>\n","protected":false},"featured_media":11187,"template":"","meta":[],"product_brand":[],"product_cat":[265,116],"product_tag":[],"class_list":{"0":"post-11186","1":"product","2":"type-product","3":"status-publish","4":"has-post-thumbnail","6":"product_cat-peripherique-sonorisation","7":"product_cat-sonorisation","10":"first","11":"instock","12":"taxable","13":"shipping-taxable","14":"product-type-simple"},"aioseo_notices":[],"_links":{"self":[{"href":"https:\/\/comlm.fr\/index.php\/wp-json\/wp\/v2\/product\/11186","targetHints":{"allow":["GET"]}}],"collection":[{"href":"https:\/\/comlm.fr\/index.php\/wp-json\/wp\/v2\/product"}],"about":[{"href":"https:\/\/comlm.fr\/index.php\/wp-json\/wp\/v2\/types\/product"}],"version-history":[{"count":1,"href":"https:\/\/comlm.fr\/index.php\/wp-json\/wp\/v2\/product\/11186\/revisions"}],"predecessor-version":[{"id":11189,"href":"https:\/\/comlm.fr\/index.php\/wp-json\/wp\/v2\/product\/11186\/revisions\/11189"}],"wp:featuredmedia":[{"embeddable":true,"href":"https:\/\/comlm.fr\/index.php\/wp-json\/wp\/v2\/media\/11187"}],"wp:attachment":[{"href":"https:\/\/comlm.fr\/index.php\/wp-json\/wp\/v2\/media?parent=11186"}],"wp:term":[{"taxonomy":"product_brand","embeddable":true,"href":"https:\/\/comlm.fr\/index.php\/wp-json\/wp\/v2\/product_brand?post=11186"},{"taxonomy":"product_cat","embeddable":true,"href":"https:\/\/comlm.fr\/index.php\/wp-json\/wp\/v2\/product_cat?post=11186"},{"taxonomy":"product_tag","embeddable":true,"href":"https:\/\/comlm.fr\/index.php\/wp-json\/wp\/v2\/product_tag?post=11186"}],"curies":[{"name":"wp","href":"https:\/\/api.w.org\/{rel}","templated":true}]}}