{"id":11182,"date":"2025-04-19T09:45:33","date_gmt":"2025-04-19T07:45:33","guid":{"rendered":"https:\/\/comlm.fr\/?post_type=product&#038;p=11182"},"modified":"2025-04-19T09:53:35","modified_gmt":"2025-04-19T07:53:35","slug":"focusrite-scarlett-16i16-4th-gen-16-in-16-out-usb-c","status":"publish","type":"product","link":"https:\/\/comlm.fr\/index.php\/produit\/focusrite-scarlett-16i16-4th-gen-16-in-16-out-usb-c\/","title":{"rendered":"Focusrite Scarlett 16I16 4th Gen &#8211; 16 in 16 out &#8211; USB-C"},"content":{"rendered":"<h4><span id=\"MainPanel_FormViewArticle_LabelDescription\">Focusrite Scarlett 16I16 4th Gen &#8211; 16 in 16 out &#8211; USB-C<\/span><\/h4>\n<h3 class=\"DocumentationTitre\">Description :<\/h3>\n<p>La Scarlett 16i16 reprend les convertisseurs de la gamme professionnelle\u00a0RedNet\u00a0et ses deux pr\u00e9amplis micros de 4e g\u00e9n\u00e9ration offrent pas moins de\u00a069 dB de gain\u00a0pour capturer vos interpr\u00e9tations les plus dynamiques. Les modes\u00a0Auto Gain\u00a0et\u00a0Clip Safe\u00a0se chargent des niveaux sonores pour que vous puissiez pleinement vous concentrer sur vos prises. La Scarlett 16i16 s&#8217;int\u00e8gre aussi parfaitement \u00e0 votre STAN et votre mat\u00e9riel gr\u00e2ce \u00e0 ses nombreuses entr\u00e9es\/sorties analogiques et num\u00e9riques. Vous pourrez donc brancher vos instruments et vos processeurs d&#8217;effets et g\u00e9rer facilement des routages complexes avec le logiciel Focusrite Control 2.<\/p>\n<h3 class=\"DocumentationTitre\">Caract\u00e9ristiques :<\/h3>\n<p class=\"DocumentationParagraphe\">16 entr\u00e9es dont 2 pr\u00e9amplis micro et 2 entr\u00e9es ligne \/ instrument. Sorties sur jack 6,35mm. Alimentation via USB-C. Livr\u00e9 avec Ableton Live lite, Antares Auto-Tune, 3 mois Pro Tools Artist, etc\u2026<\/p>\n<table class=\"StyleTAble\">\n<tbody>\n<tr>\n<td class=\"caracteLibelle\" valign=\"top\"><span class=\"strongitem\">Connecteur(s) en sortie &#8220;Out&#8221; :\u00a0<\/span><span class=\"CarValue\">USB Type C<\/span><\/td>\n<\/tr>\n<tr>\n<td class=\"caracteLibelle\" valign=\"top\"><span class=\"strongitem\">Logiciels inclus :\u00a0<\/span><span class=\"CarValue\">Ableton Live lite, Antares Auto-Tune, 3 mois Pro Tools Artist, etc\u2026<\/span><\/td>\n<\/tr>\n<tr>\n<td class=\"caracteLibelle\" valign=\"top\"><span class=\"strongitem\">Nombre d\u2019entr\u00e9es au total :\u00a0<\/span><span class=\"CarValue\">16<\/span><\/td>\n<\/tr>\n<tr>\n<td class=\"caracteLibelle\" valign=\"top\"><span class=\"strongitem\">Nombre de pr\u00e9amplis micros :\u00a0<\/span><span class=\"CarValue\">2<\/span><\/td>\n<\/tr>\n<tr>\n<td class=\"caracteLibelle\" valign=\"top\"><span class=\"strongitem\">Nombre de sorties au total :\u00a0<\/span><span class=\"CarValue\">16<\/span><\/td>\n<\/tr>\n<\/tbody>\n<\/table>\n<table class=\"StyleTAble\">\n<tbody>\n<tr>\n<td><span class=\"strongitem\">Poids (net)<\/span>\u00a0:\u00a01,25 kg<\/td>\n<\/tr>\n<\/tbody>\n<\/table>\n","protected":false},"excerpt":{"rendered":"<p>Focusrite Scarlett 16I16 4th Gen &#8211; 16 in 16 out &#8211; USB-C Description : La Scarlett 16i16 reprend les convertisseurs de la gamme professionnelle\u00a0RedNet\u00a0et ses deux pr\u00e9amplis micros de 4e [&hellip;]<\/p>\n","protected":false},"featured_media":11183,"template":"","meta":[],"product_brand":[],"product_cat":[265,116],"product_tag":[],"class_list":{"0":"post-11182","1":"product","2":"type-product","3":"status-publish","4":"has-post-thumbnail","6":"product_cat-peripherique-sonorisation","7":"product_cat-sonorisation","10":"first","11":"instock","12":"taxable","13":"shipping-taxable","14":"product-type-simple"},"aioseo_notices":[],"_links":{"self":[{"href":"https:\/\/comlm.fr\/index.php\/wp-json\/wp\/v2\/product\/11182","targetHints":{"allow":["GET"]}}],"collection":[{"href":"https:\/\/comlm.fr\/index.php\/wp-json\/wp\/v2\/product"}],"about":[{"href":"https:\/\/comlm.fr\/index.php\/wp-json\/wp\/v2\/types\/product"}],"version-history":[{"count":1,"href":"https:\/\/comlm.fr\/index.php\/wp-json\/wp\/v2\/product\/11182\/revisions"}],"predecessor-version":[{"id":11185,"href":"https:\/\/comlm.fr\/index.php\/wp-json\/wp\/v2\/product\/11182\/revisions\/11185"}],"wp:featuredmedia":[{"embeddable":true,"href":"https:\/\/comlm.fr\/index.php\/wp-json\/wp\/v2\/media\/11183"}],"wp:attachment":[{"href":"https:\/\/comlm.fr\/index.php\/wp-json\/wp\/v2\/media?parent=11182"}],"wp:term":[{"taxonomy":"product_brand","embeddable":true,"href":"https:\/\/comlm.fr\/index.php\/wp-json\/wp\/v2\/product_brand?post=11182"},{"taxonomy":"product_cat","embeddable":true,"href":"https:\/\/comlm.fr\/index.php\/wp-json\/wp\/v2\/product_cat?post=11182"},{"taxonomy":"product_tag","embeddable":true,"href":"https:\/\/comlm.fr\/index.php\/wp-json\/wp\/v2\/product_tag?post=11182"}],"curies":[{"name":"wp","href":"https:\/\/api.w.org\/{rel}","templated":true}]}}