{"id":11178,"date":"2025-04-19T09:38:48","date_gmt":"2025-04-19T07:38:48","guid":{"rendered":"https:\/\/comlm.fr\/?post_type=product&#038;p=11178"},"modified":"2025-04-19T09:41:58","modified_gmt":"2025-04-19T07:41:58","slug":"micro-main-chant-statique-supercardioide-beta-87a-shure","status":"publish","type":"product","link":"https:\/\/comlm.fr\/index.php\/produit\/micro-main-chant-statique-supercardioide-beta-87a-shure\/","title":{"rendered":"Micro main chant statique supercardio\u00efde BETA 87A SHURE"},"content":{"rendered":"<h4><span id=\"MainPanel_FormViewArticle_LabelDescription\">Micro main chant statique supercardio\u00efde BETA 87A SHURE<\/span><\/h4>\n<h3 class=\"DocumentationTitre\">Description :<\/h3>\n<p>Micro statique haut de gamme permettant de retrouver sur sc\u00e8ne la qualit\u00e9 studio pour la voix. Filtre anti-pop \u00e0 trois niveaux. Bruit propre : 25 dB. Son pr\u00e9cis et chaleureux.<\/p>\n<h3 class=\"DocumentationTitre\">Caract\u00e9ristiques :<\/h3>\n<p class=\"DocumentationParagraphe\">sensibilit\u00e9 : 2 mV\/Pa. SPL Max : 140.5dB<\/p>\n<table class=\"StyleTAble\">\n<tbody>\n<tr>\n<td class=\"caracteLibelle\" valign=\"top\"><span class=\"strongitem\">Directivit\u00e9 du micro :\u00a0<\/span><span class=\"CarValue\">Supercardio\u00efde<\/span><\/td>\n<\/tr>\n<\/tbody>\n<\/table>\n<table class=\"StyleTAble\">\n<tbody>\n<tr>\n<td><span class=\"strongitem\">Poids (net)<\/span>\u00a0:\u00a0575 g<\/td>\n<\/tr>\n<\/tbody>\n<\/table>\n","protected":false},"excerpt":{"rendered":"<p>Micro main chant statique supercardio\u00efde BETA 87A SHURE Description : Micro statique haut de gamme permettant de retrouver sur sc\u00e8ne la qualit\u00e9 studio pour la voix. Filtre anti-pop \u00e0 trois [&hellip;]<\/p>\n","protected":false},"featured_media":11179,"template":"","meta":[],"product_brand":[],"product_cat":[262,116],"product_tag":[],"class_list":{"0":"post-11178","1":"product","2":"type-product","3":"status-publish","4":"has-post-thumbnail","6":"product_cat-microphone","7":"product_cat-sonorisation","10":"first","11":"instock","12":"taxable","13":"shipping-taxable","14":"product-type-simple"},"aioseo_notices":[],"_links":{"self":[{"href":"https:\/\/comlm.fr\/index.php\/wp-json\/wp\/v2\/product\/11178","targetHints":{"allow":["GET"]}}],"collection":[{"href":"https:\/\/comlm.fr\/index.php\/wp-json\/wp\/v2\/product"}],"about":[{"href":"https:\/\/comlm.fr\/index.php\/wp-json\/wp\/v2\/types\/product"}],"version-history":[{"count":1,"href":"https:\/\/comlm.fr\/index.php\/wp-json\/wp\/v2\/product\/11178\/revisions"}],"predecessor-version":[{"id":11181,"href":"https:\/\/comlm.fr\/index.php\/wp-json\/wp\/v2\/product\/11178\/revisions\/11181"}],"wp:featuredmedia":[{"embeddable":true,"href":"https:\/\/comlm.fr\/index.php\/wp-json\/wp\/v2\/media\/11179"}],"wp:attachment":[{"href":"https:\/\/comlm.fr\/index.php\/wp-json\/wp\/v2\/media?parent=11178"}],"wp:term":[{"taxonomy":"product_brand","embeddable":true,"href":"https:\/\/comlm.fr\/index.php\/wp-json\/wp\/v2\/product_brand?post=11178"},{"taxonomy":"product_cat","embeddable":true,"href":"https:\/\/comlm.fr\/index.php\/wp-json\/wp\/v2\/product_cat?post=11178"},{"taxonomy":"product_tag","embeddable":true,"href":"https:\/\/comlm.fr\/index.php\/wp-json\/wp\/v2\/product_tag?post=11178"}],"curies":[{"name":"wp","href":"https:\/\/api.w.org\/{rel}","templated":true}]}}