{"id":11173,"date":"2025-04-19T09:34:49","date_gmt":"2025-04-19T07:34:49","guid":{"rendered":"https:\/\/comlm.fr\/?post_type=product&#038;p=11173"},"modified":"2025-04-19T09:42:27","modified_gmt":"2025-04-19T07:42:27","slug":"camera-tourelle-panasonic-aw-he-130-copy-copy-copy-copy-copy-copy-copy-copy-copy-copy-copy-2-copy-copy-copy-copy-copy-copy-copy-copy-copy-copy-2-copy-copy-copy-copy-2-copy-copy-copy-copy-copy-copy-13","status":"publish","type":"product","link":"https:\/\/comlm.fr\/index.php\/produit\/camera-tourelle-panasonic-aw-he-130-copy-copy-copy-copy-copy-copy-copy-copy-copy-copy-copy-2-copy-copy-copy-copy-copy-copy-copy-copy-copy-copy-2-copy-copy-copy-copy-2-copy-copy-copy-copy-copy-copy-13\/","title":{"rendered":"Micro main chant dynamique supercardio\u00efde BETA 58A SHURE"},"content":{"rendered":"<h4><span id=\"MainPanel_FormViewArticle_LabelDescription\">Micro main chant dynamique supercardio\u00efde BETA 58A SHURE<\/span><\/h4>\n<h3 class=\"DocumentationTitre\">Description :<\/h3>\n<p>Dans la pure tradition du SM58, le BETA58A a \u00e9t\u00e9 sp\u00e9cialement d\u00e9velopp\u00e9 pour la voix. Capsule dynamique. Directivit\u00e9 supercardio\u00efde (gain max. avant larsen). Syst\u00e8me antichoc r\u00e9duisant les bruits de prise en main.<\/p>\n<h3 class=\"DocumentationTitre\">Caract\u00e9ristiques :<\/h3>\n<p class=\"DocumentationParagraphe\">Sensibilit\u00e9 : 2.66mV\/Pa. REF : 50 &#8211; 16000Hz<\/p>\n<table class=\"StyleTAble\">\n<tbody>\n<tr>\n<td class=\"caracteLibelle\" valign=\"top\"><span class=\"strongitem\">Directivit\u00e9 du micro :\u00a0<\/span><span class=\"CarValue\">Supercardio\u00efde<\/span><\/td>\n<\/tr>\n<\/tbody>\n<\/table>\n<table class=\"StyleTAble\">\n<tbody>\n<tr>\n<td><span class=\"strongitem\">Poids (net)<\/span>\u00a0:\u00a0283 g<\/td>\n<td><\/td>\n<\/tr>\n<\/tbody>\n<\/table>\n<div class=\"FPSpecifique\"><\/div>\n","protected":false},"excerpt":{"rendered":"<p>Micro main chant dynamique supercardio\u00efde BETA 58A SHURE Description : Dans la pure tradition du SM58, le BETA58A a \u00e9t\u00e9 sp\u00e9cialement d\u00e9velopp\u00e9 pour la voix. Capsule dynamique. Directivit\u00e9 supercardio\u00efde (gain [&hellip;]<\/p>\n","protected":false},"featured_media":11174,"template":"","meta":[],"product_brand":[],"product_cat":[262,116],"product_tag":[],"class_list":{"0":"post-11173","1":"product","2":"type-product","3":"status-publish","4":"has-post-thumbnail","6":"product_cat-microphone","7":"product_cat-sonorisation","10":"first","11":"instock","12":"taxable","13":"shipping-taxable","14":"product-type-simple"},"aioseo_notices":[],"_links":{"self":[{"href":"https:\/\/comlm.fr\/index.php\/wp-json\/wp\/v2\/product\/11173","targetHints":{"allow":["GET"]}}],"collection":[{"href":"https:\/\/comlm.fr\/index.php\/wp-json\/wp\/v2\/product"}],"about":[{"href":"https:\/\/comlm.fr\/index.php\/wp-json\/wp\/v2\/types\/product"}],"version-history":[{"count":2,"href":"https:\/\/comlm.fr\/index.php\/wp-json\/wp\/v2\/product\/11173\/revisions"}],"predecessor-version":[{"id":11177,"href":"https:\/\/comlm.fr\/index.php\/wp-json\/wp\/v2\/product\/11173\/revisions\/11177"}],"wp:featuredmedia":[{"embeddable":true,"href":"https:\/\/comlm.fr\/index.php\/wp-json\/wp\/v2\/media\/11174"}],"wp:attachment":[{"href":"https:\/\/comlm.fr\/index.php\/wp-json\/wp\/v2\/media?parent=11173"}],"wp:term":[{"taxonomy":"product_brand","embeddable":true,"href":"https:\/\/comlm.fr\/index.php\/wp-json\/wp\/v2\/product_brand?post=11173"},{"taxonomy":"product_cat","embeddable":true,"href":"https:\/\/comlm.fr\/index.php\/wp-json\/wp\/v2\/product_cat?post=11173"},{"taxonomy":"product_tag","embeddable":true,"href":"https:\/\/comlm.fr\/index.php\/wp-json\/wp\/v2\/product_tag?post=11173"}],"curies":[{"name":"wp","href":"https:\/\/api.w.org\/{rel}","templated":true}]}}