{"id":11170,"date":"2025-04-19T09:31:23","date_gmt":"2025-04-19T07:31:23","guid":{"rendered":"https:\/\/comlm.fr\/?post_type=product&#038;p=11170"},"modified":"2025-04-19T09:43:08","modified_gmt":"2025-04-19T07:43:08","slug":"camera-tourelle-panasonic-aw-he-130-copy-copy-copy-copy-copy-copy-copy-copy-copy-copy-copy-2-copy-copy-copy-copy-copy-copy-copy-copy-copy-copy-2-copy-copy-copy-copy-2-copy-copy-copy-copy-copy-copy-12","status":"publish","type":"product","link":"https:\/\/comlm.fr\/index.php\/produit\/camera-tourelle-panasonic-aw-he-130-copy-copy-copy-copy-copy-copy-copy-copy-copy-copy-copy-2-copy-copy-copy-copy-copy-copy-copy-copy-copy-copy-2-copy-copy-copy-copy-2-copy-copy-copy-copy-copy-copy-12\/","title":{"rendered":"Micro de chant dynamique cardio\u00efde dualdyne nickel SHURE"},"content":{"rendered":"<h4><span id=\"MainPanel_FormViewArticle_LabelDescription\">Micro de chant dynamique cardio\u00efde dualdyne nickel SHURE<\/span><\/h4>\n<h3 class=\"DocumentationTitre\">Description :<\/h3>\n<p>Le KSM8 est le fruit de la derni\u00e8re innovation de la marque SHURE : la double capsule Dualdyne. Cette architecture lui permet d\u2019avoir un r\u00e9sultat sonore exceptionnel, tout en \u00e9vitant au maximum les effets de proximit\u00e9. Avoir un son de tr\u00e8s haute qualit\u00e9 en live n\u2019a jamais \u00e9t\u00e9 aussi simple !<\/p>\n<h3 class=\"DocumentationTitre\">Caract\u00e9ristiques :<\/h3>\n<p class=\"DocumentationParagraphe\">Double capsule<br \/>\nREF : 40 &#8211; 16000 Hz. Sensibilit\u00e9 : 1.85 mV\/Pa.<\/p>\n<table class=\"StyleTAble\">\n<tbody>\n<tr>\n<td class=\"caracteLibelle\" valign=\"top\"><span class=\"strongitem\">Directivit\u00e9 du micro :\u00a0<\/span><span class=\"CarValue\">Cardio\u00efde<\/span><\/td>\n<\/tr>\n<\/tbody>\n<\/table>\n<table class=\"StyleTAble\">\n<tbody>\n<tr>\n<td><span class=\"strongitem\">Poids (net)<\/span>\u00a0:\u00a0689 g<\/td>\n<\/tr>\n<\/tbody>\n<\/table>\n","protected":false},"excerpt":{"rendered":"<p>Micro de chant dynamique cardio\u00efde dualdyne nickel SHURE Description : Le KSM8 est le fruit de la derni\u00e8re innovation de la marque SHURE : la double capsule Dualdyne. Cette architecture [&hellip;]<\/p>\n","protected":false},"featured_media":11171,"template":"","meta":[],"product_brand":[],"product_cat":[262,116],"product_tag":[],"class_list":{"0":"post-11170","1":"product","2":"type-product","3":"status-publish","4":"has-post-thumbnail","6":"product_cat-microphone","7":"product_cat-sonorisation","10":"first","11":"instock","12":"taxable","13":"shipping-taxable","14":"product-type-simple"},"aioseo_notices":[],"_links":{"self":[{"href":"https:\/\/comlm.fr\/index.php\/wp-json\/wp\/v2\/product\/11170","targetHints":{"allow":["GET"]}}],"collection":[{"href":"https:\/\/comlm.fr\/index.php\/wp-json\/wp\/v2\/product"}],"about":[{"href":"https:\/\/comlm.fr\/index.php\/wp-json\/wp\/v2\/types\/product"}],"version-history":[{"count":1,"href":"https:\/\/comlm.fr\/index.php\/wp-json\/wp\/v2\/product\/11170\/revisions"}],"predecessor-version":[{"id":11172,"href":"https:\/\/comlm.fr\/index.php\/wp-json\/wp\/v2\/product\/11170\/revisions\/11172"}],"wp:featuredmedia":[{"embeddable":true,"href":"https:\/\/comlm.fr\/index.php\/wp-json\/wp\/v2\/media\/11171"}],"wp:attachment":[{"href":"https:\/\/comlm.fr\/index.php\/wp-json\/wp\/v2\/media?parent=11170"}],"wp:term":[{"taxonomy":"product_brand","embeddable":true,"href":"https:\/\/comlm.fr\/index.php\/wp-json\/wp\/v2\/product_brand?post=11170"},{"taxonomy":"product_cat","embeddable":true,"href":"https:\/\/comlm.fr\/index.php\/wp-json\/wp\/v2\/product_cat?post=11170"},{"taxonomy":"product_tag","embeddable":true,"href":"https:\/\/comlm.fr\/index.php\/wp-json\/wp\/v2\/product_tag?post=11170"}],"curies":[{"name":"wp","href":"https:\/\/api.w.org\/{rel}","templated":true}]}}