{"id":11167,"date":"2025-04-19T09:23:41","date_gmt":"2025-04-19T07:23:41","guid":{"rendered":"https:\/\/comlm.fr\/?post_type=product&#038;p=11167"},"modified":"2025-04-19T09:43:35","modified_gmt":"2025-04-19T07:43:35","slug":"camera-tourelle-panasonic-aw-he-130-copy-copy-copy-copy-copy-copy-copy-copy-copy-copy-copy-2-copy-copy-copy-copy-copy-copy-copy-copy-copy-copy-2-copy-copy-copy-copy-2-copy-copy-copy-copy-copy-copy-11","status":"publish","type":"product","link":"https:\/\/comlm.fr\/index.php\/produit\/camera-tourelle-panasonic-aw-he-130-copy-copy-copy-copy-copy-copy-copy-copy-copy-copy-copy-2-copy-copy-copy-copy-copy-copy-copy-copy-copy-copy-2-copy-copy-copy-copy-2-copy-copy-copy-copy-copy-copy-11\/","title":{"rendered":"Micro de chant dynamique cardio\u00efde Shure NXN8"},"content":{"rendered":"<h4><span id=\"MainPanel_FormViewArticle_LabelDescription\">Micro de chant dynamique cardio\u00efde Shure NXN8<\/span><\/h4>\n<h3 class=\"DocumentationTitre\">Description :<\/h3>\n<p>Parce que l&#8217;innovation ne s&#8217;arr\u00eate jamais, voici le summum de la conception du microphone dynamique pour la voix. Combinant une technologie de pointe pour le traitement du signal audio avec une directivit\u00e9 d&#8217;une lin\u00e9arit\u00e9 exceptionnelle, les microphones dynamiques pour la voix Nexadyne\u2122 permettent de capturer le son de mani\u00e8re fid\u00e8le et d&#8217;\u00eatre confiant sur la qualit\u00e9 sonore restitu\u00e9e chaque soir, peu importe l&#8217;endroit dans lequel ils seront utilis\u00e9s. Tous les microphones de la s\u00e9rie Nexadyne embarquent la nouvelle technologie Revonic \u00e0 deux transducteurs calibr\u00e9s avec pr\u00e9cision qui fonctionnent ensemble pour obtenir des performances optimales : capturer le son souhait\u00e9 et rejeter les sources sonores ind\u00e9sirables.<\/p>\n<h3 id=\"INFOSSUPP\" class=\"DocumentationTitre\">Caract\u00e9ristiques :<\/h3>\n<p class=\"DocumentationParagraphe\">R\u00e9ponse en fr\u00e9quence : 50Hz &#8211; 20kHz. Sensibilit\u00e9 : 2mV\/Pa. Imp\u00e9dance : 300 Ohms. Livr\u00e9 avec \u00e9tui de transport et pince.<\/p>\n<table class=\"StyleTAble\">\n<tbody>\n<tr>\n<td class=\"caracteLibelle\" valign=\"top\"><span class=\"strongitem\">Directivit\u00e9 du micro :\u00a0<\/span><span class=\"CarValue\">Cardio\u00efde<\/span><\/td>\n<\/tr>\n<\/tbody>\n<\/table>\n<table class=\"StyleTAble\">\n<tbody>\n<tr>\n<td><span class=\"strongitem\">Poids (net)<\/span>\u00a0:\u00a0258 g<\/td>\n<td><\/td>\n<\/tr>\n<\/tbody>\n<\/table>\n<div class=\"FPSpecifique\"><\/div>\n<div class=\"FPSpecifique\"><\/div>\n<table class=\"StyleTAble\">\n<tbody>\n<tr>\n<td class=\"caracterDimension\" valign=\"top\"><span class=\"strongitem\">Dimensions (hors emballage) :\u00a0<\/span>Longueur :\u00a0<span class=\"CarValue\">18,5\u00a0<\/span>cm &#8211;\u00a0Diam\u00e8tre :\u00a0<span class=\"CarValue\">4,8\u00a0<\/span>cm<\/td>\n<\/tr>\n<\/tbody>\n<\/table>\n","protected":false},"excerpt":{"rendered":"<p>Micro de chant dynamique cardio\u00efde Shure NXN8 Description : Parce que l&#8217;innovation ne s&#8217;arr\u00eate jamais, voici le summum de la conception du microphone dynamique pour la voix. Combinant une technologie [&hellip;]<\/p>\n","protected":false},"featured_media":11168,"template":"","meta":[],"product_brand":[],"product_cat":[262,116],"product_tag":[],"class_list":{"0":"post-11167","1":"product","2":"type-product","3":"status-publish","4":"has-post-thumbnail","6":"product_cat-microphone","7":"product_cat-sonorisation","10":"first","11":"instock","12":"taxable","13":"shipping-taxable","14":"product-type-simple"},"aioseo_notices":[],"_links":{"self":[{"href":"https:\/\/comlm.fr\/index.php\/wp-json\/wp\/v2\/product\/11167","targetHints":{"allow":["GET"]}}],"collection":[{"href":"https:\/\/comlm.fr\/index.php\/wp-json\/wp\/v2\/product"}],"about":[{"href":"https:\/\/comlm.fr\/index.php\/wp-json\/wp\/v2\/types\/product"}],"version-history":[{"count":1,"href":"https:\/\/comlm.fr\/index.php\/wp-json\/wp\/v2\/product\/11167\/revisions"}],"predecessor-version":[{"id":11169,"href":"https:\/\/comlm.fr\/index.php\/wp-json\/wp\/v2\/product\/11167\/revisions\/11169"}],"wp:featuredmedia":[{"embeddable":true,"href":"https:\/\/comlm.fr\/index.php\/wp-json\/wp\/v2\/media\/11168"}],"wp:attachment":[{"href":"https:\/\/comlm.fr\/index.php\/wp-json\/wp\/v2\/media?parent=11167"}],"wp:term":[{"taxonomy":"product_brand","embeddable":true,"href":"https:\/\/comlm.fr\/index.php\/wp-json\/wp\/v2\/product_brand?post=11167"},{"taxonomy":"product_cat","embeddable":true,"href":"https:\/\/comlm.fr\/index.php\/wp-json\/wp\/v2\/product_cat?post=11167"},{"taxonomy":"product_tag","embeddable":true,"href":"https:\/\/comlm.fr\/index.php\/wp-json\/wp\/v2\/product_tag?post=11167"}],"curies":[{"name":"wp","href":"https:\/\/api.w.org\/{rel}","templated":true}]}}