{"id":11162,"date":"2025-04-19T09:04:53","date_gmt":"2025-04-19T07:04:53","guid":{"rendered":"https:\/\/comlm.fr\/?post_type=product&#038;p=11162"},"modified":"2025-04-19T09:23:23","modified_gmt":"2025-04-19T07:23:23","slug":"camera-tourelle-panasonic-aw-he-130-copy-copy-copy-copy-copy-copy-copy-copy-copy-copy-copy-2-copy-copy-copy-copy-copy-copy-copy-copy-copy-copy-2-copy-copy-copy-copy-2-copy-copy-copy-copy-copy-copy-1-9","status":"publish","type":"product","link":"https:\/\/comlm.fr\/index.php\/produit\/camera-tourelle-panasonic-aw-he-130-copy-copy-copy-copy-copy-copy-copy-copy-copy-copy-copy-2-copy-copy-copy-copy-copy-copy-copy-copy-copy-copy-2-copy-copy-copy-copy-2-copy-copy-copy-copy-copy-copy-1-9\/","title":{"rendered":"hollyland &#8211; Solidcom C1 Full-Duplex Wireless Intercom Headset System"},"content":{"rendered":"<p>Syst\u00e8me intercom Full-Duplex Wireless Intercom &#8211; Headset System<\/p>\n<p>de 4 postes jusqu&#8217;\u00e0 8 postes<\/p>\n<p>Le Hollyland Solidcom C1 est un syst\u00e8me intercom sans fil, en full duplex, qui adopte la technologie avanc\u00e9e DECT 6.0. Cette solution de communication de casque sans fil et autonome pr\u00e9sente une tr\u00e8s bonne clart\u00e9 sonore, fonctionne dans la bande de fr\u00e9quence 1,9 GHz et offre une port\u00e9e de 350m. Sans ceinture ni station de base, il offre une exp\u00e9rience de travail portable et mains libres pour les \u00e9quipes de production multim\u00e9dia.<\/p>\n<ul>\n<li>R\u00e9ponse en fr\u00e9quence large bande 50Hz-7KHz pour un son clair<\/li>\n<li>V\u00e9ritable casque sans fil, pas de porte-cl\u00e9s<\/li>\n<li>168g l\u00e9ger, agr\u00e9able \u00e0 porter toute la journ\u00e9e<\/li>\n<li>Plage de fonctionnement \u00e0 2 voies de 1000 pi<\/li>\n<li>DECT 6.0 pour la stabilit\u00e9 et la s\u00e9curit\u00e9<\/li>\n<li>Appairage instantan\u00e9, facile \u00e0 utiliser<\/li>\n<li>Annulation de l\u2019\u00e9cho acoustique haut de gamme<\/li>\n<li>Piles rechargeables et chargeur inclus<\/li>\n<li>Options de pack de casque 2\/3\/4\/6\/8<\/li>\n<li>Perche de micro haute\/descente pour un contr\u00f4le facile de la parole\/de la sourdine<\/li>\n<\/ul>\n","protected":false},"excerpt":{"rendered":"<p>Syst\u00e8me intercom Full-Duplex Wireless Intercom &#8211; Headset System de 4 postes jusqu&#8217;\u00e0 8 postes Le Hollyland Solidcom C1 est un syst\u00e8me intercom sans fil, en full duplex, qui adopte la [&hellip;]<\/p>\n","protected":false},"featured_media":11163,"template":"","meta":[],"product_brand":[],"product_cat":[263,116],"product_tag":[],"class_list":{"0":"post-11162","1":"product","2":"type-product","3":"status-publish","4":"has-post-thumbnail","6":"product_cat-intercom-talkies","7":"product_cat-sonorisation","10":"first","11":"instock","12":"taxable","13":"shipping-taxable","14":"product-type-simple"},"aioseo_notices":[],"_links":{"self":[{"href":"https:\/\/comlm.fr\/index.php\/wp-json\/wp\/v2\/product\/11162","targetHints":{"allow":["GET"]}}],"collection":[{"href":"https:\/\/comlm.fr\/index.php\/wp-json\/wp\/v2\/product"}],"about":[{"href":"https:\/\/comlm.fr\/index.php\/wp-json\/wp\/v2\/types\/product"}],"version-history":[{"count":2,"href":"https:\/\/comlm.fr\/index.php\/wp-json\/wp\/v2\/product\/11162\/revisions"}],"predecessor-version":[{"id":11166,"href":"https:\/\/comlm.fr\/index.php\/wp-json\/wp\/v2\/product\/11162\/revisions\/11166"}],"wp:featuredmedia":[{"embeddable":true,"href":"https:\/\/comlm.fr\/index.php\/wp-json\/wp\/v2\/media\/11163"}],"wp:attachment":[{"href":"https:\/\/comlm.fr\/index.php\/wp-json\/wp\/v2\/media?parent=11162"}],"wp:term":[{"taxonomy":"product_brand","embeddable":true,"href":"https:\/\/comlm.fr\/index.php\/wp-json\/wp\/v2\/product_brand?post=11162"},{"taxonomy":"product_cat","embeddable":true,"href":"https:\/\/comlm.fr\/index.php\/wp-json\/wp\/v2\/product_cat?post=11162"},{"taxonomy":"product_tag","embeddable":true,"href":"https:\/\/comlm.fr\/index.php\/wp-json\/wp\/v2\/product_tag?post=11162"}],"curies":[{"name":"wp","href":"https:\/\/api.w.org\/{rel}","templated":true}]}}