{"id":11150,"date":"2025-04-18T14:23:19","date_gmt":"2025-04-18T12:23:19","guid":{"rendered":"https:\/\/comlm.fr\/?post_type=product&#038;p=11150"},"modified":"2025-04-18T14:31:04","modified_gmt":"2025-04-18T12:31:04","slug":"camera-tourelle-panasonic-aw-he-130-copy-copy-copy-copy-copy-copy-copy-copy-copy-copy-copy-2-copy-copy-copy-copy-copy-copy-copy-copy-copy-copy-2-copy-copy-copy-copy-2-copy-copy-copy-copy-copy-copy-1-5","status":"publish","type":"product","link":"https:\/\/comlm.fr\/index.php\/produit\/camera-tourelle-panasonic-aw-he-130-copy-copy-copy-copy-copy-copy-copy-copy-copy-copy-copy-2-copy-copy-copy-copy-copy-copy-copy-copy-copy-copy-2-copy-copy-copy-copy-2-copy-copy-copy-copy-copy-copy-1-5\/","title":{"rendered":"Kit micro instrument MCM Neumann &#8211; contrebasse"},"content":{"rendered":"<h4><span id=\"MainPanel_FormViewArticle_LabelDescription\">Kit micro instrument MCM Neumann &#8211; contrebasse<\/span><\/h4>\n<h3 id=\"INFOSSUPP\" class=\"DocumentationTitre\">Caract\u00e9ristiques :<\/h3>\n<p class=\"DocumentationParagraphe\">Kit comprenant capsule KK14, flexible SH150, c\u00e2ble AC31, bonnette WS110, pr\u00e9ampli MCM100, clip MC3, housse de transport semi-rigide.<\/p>\n<table class=\"StyleTAble\">\n<tbody>\n<tr>\n<td class=\"caracteLibelle\" valign=\"top\"><span class=\"strongitem\">Directivit\u00e9 du micro :\u00a0<\/span><span class=\"CarValue\">Cardio\u00efde<\/span><\/td>\n<\/tr>\n<\/tbody>\n<\/table>\n<table class=\"StyleTAble\">\n<tbody>\n<tr>\n<td><span class=\"strongitem\">Poids (net)<\/span>\u00a0:\u00a0614 g<\/td>\n<td><\/td>\n<\/tr>\n<\/tbody>\n<\/table>\n<div class=\"FPSpecifique\"><\/div>\n<div class=\"FPSpecifique\"><\/div>\n<table class=\"StyleTAble\">\n<tbody>\n<tr>\n<td class=\"caracterDimension\" valign=\"top\"><span class=\"strongitem\">Dimensions (hors emballage) :\u00a0<\/span>Longueur :\u00a0<span class=\"CarValue\">32<\/span>\u00a0cm &#8211;\u00a0Largeur :\u00a0<span class=\"CarValue\">15,5\u00a0<\/span>cm &#8211;\u00a0Hauteur\/Epaisseur\/Profondeur :\u00a0<span class=\"CarValue\">4,7\u00a0<\/span>cm<\/td>\n<\/tr>\n<\/tbody>\n<\/table>\n","protected":false},"excerpt":{"rendered":"<p>Kit micro instrument MCM Neumann &#8211; contrebasse Caract\u00e9ristiques : Kit comprenant capsule KK14, flexible SH150, c\u00e2ble AC31, bonnette WS110, pr\u00e9ampli MCM100, clip MC3, housse de transport semi-rigide. Directivit\u00e9 du micro [&hellip;]<\/p>\n","protected":false},"featured_media":11151,"template":"","meta":[],"product_brand":[],"product_cat":[262,116],"product_tag":[],"class_list":{"0":"post-11150","1":"product","2":"type-product","3":"status-publish","4":"has-post-thumbnail","6":"product_cat-microphone","7":"product_cat-sonorisation","10":"first","11":"instock","12":"taxable","13":"shipping-taxable","14":"product-type-simple"},"aioseo_notices":[],"_links":{"self":[{"href":"https:\/\/comlm.fr\/index.php\/wp-json\/wp\/v2\/product\/11150","targetHints":{"allow":["GET"]}}],"collection":[{"href":"https:\/\/comlm.fr\/index.php\/wp-json\/wp\/v2\/product"}],"about":[{"href":"https:\/\/comlm.fr\/index.php\/wp-json\/wp\/v2\/types\/product"}],"version-history":[{"count":1,"href":"https:\/\/comlm.fr\/index.php\/wp-json\/wp\/v2\/product\/11150\/revisions"}],"predecessor-version":[{"id":11152,"href":"https:\/\/comlm.fr\/index.php\/wp-json\/wp\/v2\/product\/11150\/revisions\/11152"}],"wp:featuredmedia":[{"embeddable":true,"href":"https:\/\/comlm.fr\/index.php\/wp-json\/wp\/v2\/media\/11151"}],"wp:attachment":[{"href":"https:\/\/comlm.fr\/index.php\/wp-json\/wp\/v2\/media?parent=11150"}],"wp:term":[{"taxonomy":"product_brand","embeddable":true,"href":"https:\/\/comlm.fr\/index.php\/wp-json\/wp\/v2\/product_brand?post=11150"},{"taxonomy":"product_cat","embeddable":true,"href":"https:\/\/comlm.fr\/index.php\/wp-json\/wp\/v2\/product_cat?post=11150"},{"taxonomy":"product_tag","embeddable":true,"href":"https:\/\/comlm.fr\/index.php\/wp-json\/wp\/v2\/product_tag?post=11150"}],"curies":[{"name":"wp","href":"https:\/\/api.w.org\/{rel}","templated":true}]}}