{"id":11147,"date":"2025-04-18T14:20:02","date_gmt":"2025-04-18T12:20:02","guid":{"rendered":"https:\/\/comlm.fr\/?post_type=product&#038;p=11147"},"modified":"2025-04-18T14:23:06","modified_gmt":"2025-04-18T12:23:06","slug":"camera-tourelle-panasonic-aw-he-130-copy-copy-copy-copy-copy-copy-copy-copy-copy-copy-copy-2-copy-copy-copy-copy-copy-copy-copy-copy-copy-copy-2-copy-copy-copy-copy-2-copy-copy-copy-copy-copy-copy-1-4","status":"publish","type":"product","link":"https:\/\/comlm.fr\/index.php\/produit\/camera-tourelle-panasonic-aw-he-130-copy-copy-copy-copy-copy-copy-copy-copy-copy-copy-copy-2-copy-copy-copy-copy-copy-copy-copy-copy-copy-copy-2-copy-copy-copy-copy-2-copy-copy-copy-copy-copy-copy-1-4\/","title":{"rendered":"Kit de 7 micros batterie en valise + c\u00e2bles + acc PGA DRUM Shure"},"content":{"rendered":"<h4><span id=\"MainPanel_FormViewArticle_LabelDescription\">Kit de 7 micros batterie en valise + c\u00e2bles + acc PGA DRUM Shure<\/span><\/h4>\n<h3 id=\"INFOSSUPP\" class=\"DocumentationTitre\">Caract\u00e9ristiques :<\/h3>\n<p class=\"DocumentationParagraphe\">Kit compos\u00e9 de : &#8211; 1 micro grosse caisse PGA52, 3 micros toms PGA56, 1 micro caisse claire PGA57, 2 micros cymbales PGA81, 3 pinces micro articul\u00e9es A25D, 3 pinces de fixation sur cerclage AP56DM, 7 c<\/p>\n<table class=\"StyleTAble\">\n<tbody>\n<tr>\n<td class=\"caracteLibelle\" valign=\"top\"><span class=\"strongitem\">Nombre de micros :\u00a0<\/span><span class=\"CarValue\">7<\/span><\/td>\n<\/tr>\n<tr>\n<td class=\"caracteLibelle\" valign=\"top\"><span class=\"strongitem\">Directivit\u00e9 du micro :\u00a0<\/span><span class=\"CarValue\">Cardio\u00efde<\/span><\/td>\n<\/tr>\n<\/tbody>\n<\/table>\n<table class=\"StyleTAble\">\n<tbody>\n<tr>\n<td><span class=\"strongitem\">Poids (net)<\/span>\u00a0:\u00a05,62 kg<\/td>\n<\/tr>\n<\/tbody>\n<\/table>\n","protected":false},"excerpt":{"rendered":"<p>Kit de 7 micros batterie en valise + c\u00e2bles + acc PGA DRUM Shure Caract\u00e9ristiques : Kit compos\u00e9 de : &#8211; 1 micro grosse caisse PGA52, 3 micros toms PGA56, [&hellip;]<\/p>\n","protected":false},"featured_media":11148,"template":"","meta":[],"product_brand":[],"product_cat":[262,116],"product_tag":[],"class_list":{"0":"post-11147","1":"product","2":"type-product","3":"status-publish","4":"has-post-thumbnail","6":"product_cat-microphone","7":"product_cat-sonorisation","10":"first","11":"instock","12":"taxable","13":"shipping-taxable","14":"product-type-simple"},"aioseo_notices":[],"_links":{"self":[{"href":"https:\/\/comlm.fr\/index.php\/wp-json\/wp\/v2\/product\/11147","targetHints":{"allow":["GET"]}}],"collection":[{"href":"https:\/\/comlm.fr\/index.php\/wp-json\/wp\/v2\/product"}],"about":[{"href":"https:\/\/comlm.fr\/index.php\/wp-json\/wp\/v2\/types\/product"}],"version-history":[{"count":1,"href":"https:\/\/comlm.fr\/index.php\/wp-json\/wp\/v2\/product\/11147\/revisions"}],"predecessor-version":[{"id":11149,"href":"https:\/\/comlm.fr\/index.php\/wp-json\/wp\/v2\/product\/11147\/revisions\/11149"}],"wp:featuredmedia":[{"embeddable":true,"href":"https:\/\/comlm.fr\/index.php\/wp-json\/wp\/v2\/media\/11148"}],"wp:attachment":[{"href":"https:\/\/comlm.fr\/index.php\/wp-json\/wp\/v2\/media?parent=11147"}],"wp:term":[{"taxonomy":"product_brand","embeddable":true,"href":"https:\/\/comlm.fr\/index.php\/wp-json\/wp\/v2\/product_brand?post=11147"},{"taxonomy":"product_cat","embeddable":true,"href":"https:\/\/comlm.fr\/index.php\/wp-json\/wp\/v2\/product_cat?post=11147"},{"taxonomy":"product_tag","embeddable":true,"href":"https:\/\/comlm.fr\/index.php\/wp-json\/wp\/v2\/product_tag?post=11147"}],"curies":[{"name":"wp","href":"https:\/\/api.w.org\/{rel}","templated":true}]}}