{"id":11135,"date":"2025-04-18T14:09:20","date_gmt":"2025-04-18T12:09:20","guid":{"rendered":"https:\/\/comlm.fr\/?post_type=product&#038;p=11135"},"modified":"2025-04-18T14:13:39","modified_gmt":"2025-04-18T12:13:39","slug":"camera-tourelle-panasonic-aw-he-130-copy-copy-copy-copy-copy-copy-copy-copy-copy-copy-copy-2-copy-copy-copy-copy-copy-copy-copy-copy-copy-copy-2-copy-copy-copy-copy-2-copy-copy-copy-copy-copy-copy-1-2","status":"publish","type":"product","link":"https:\/\/comlm.fr\/index.php\/produit\/camera-tourelle-panasonic-aw-he-130-copy-copy-copy-copy-copy-copy-copy-copy-copy-copy-copy-2-copy-copy-copy-copy-copy-copy-copy-copy-copy-copy-2-copy-copy-copy-copy-2-copy-copy-copy-copy-copy-copy-1-2\/","title":{"rendered":"Micro Shure Super 55 deluxe Vocal"},"content":{"rendered":"<h4>Micro Shure Super 55 deluxe Vocal<\/h4>\n<h3 class=\"a-spacing-mini\">Super 55 Microphone vocal de luxe<\/h3>\n<p>Le microphone vocal Super 55 Deluxe est dot\u00e9 d\u2019un bo\u00eetier moul\u00e9 sous pression chrom\u00e9 satin\u00e9, d\u2019un motif polaire supercardio\u00efde, d\u2019une mousse bleue vibrante et d\u2019une r\u00e9ponse en fr\u00e9quence sur mesure pour des voix et un discours naturels. Le support de support pivotant int\u00e9gr\u00e9 est inclus.<\/p>\n<ul class=\"a-unordered-list a-vertical a-spacing-mini\">\n<li class=\"a-spacing-mini\"><span class=\"a-list-item\">Description du produit : Shure SUPER 55<\/span><\/li>\n<li class=\"a-spacing-mini\"><span class=\"a-list-item\">Type: Studio<\/span><\/li>\n<li class=\"a-spacing-mini\"><span class=\"a-list-item\">Fr\u00e9quence du microphone : 60 &#8211; 17000 Hz<\/span><\/li>\n<li class=\"a-spacing-mini\"><span class=\"a-list-item\">Type de direction de microphone : Super-Cardioid<\/span><\/li>\n<li class=\"a-spacing-mini\"><span class=\"a-list-item\">Connectivit\u00e9 : Avec fil<\/span><\/li>\n<li class=\"a-spacing-mini\"><span class=\"a-list-item\">Couleur : Chrome<\/span><\/li>\n<\/ul>\n","protected":false},"excerpt":{"rendered":"<p>Micro Shure Super 55 deluxe Vocal Super 55 Microphone vocal de luxe Le microphone vocal Super 55 Deluxe est dot\u00e9 d\u2019un bo\u00eetier moul\u00e9 sous pression chrom\u00e9 satin\u00e9, d\u2019un motif polaire [&hellip;]<\/p>\n","protected":false},"featured_media":11136,"template":"","meta":[],"product_brand":[],"product_cat":[262,116],"product_tag":[],"class_list":{"0":"post-11135","1":"product","2":"type-product","3":"status-publish","4":"has-post-thumbnail","6":"product_cat-microphone","7":"product_cat-sonorisation","10":"first","11":"instock","12":"taxable","13":"shipping-taxable","14":"product-type-simple"},"aioseo_notices":[],"_links":{"self":[{"href":"https:\/\/comlm.fr\/index.php\/wp-json\/wp\/v2\/product\/11135","targetHints":{"allow":["GET"]}}],"collection":[{"href":"https:\/\/comlm.fr\/index.php\/wp-json\/wp\/v2\/product"}],"about":[{"href":"https:\/\/comlm.fr\/index.php\/wp-json\/wp\/v2\/types\/product"}],"version-history":[{"count":2,"href":"https:\/\/comlm.fr\/index.php\/wp-json\/wp\/v2\/product\/11135\/revisions"}],"predecessor-version":[{"id":11140,"href":"https:\/\/comlm.fr\/index.php\/wp-json\/wp\/v2\/product\/11135\/revisions\/11140"}],"wp:featuredmedia":[{"embeddable":true,"href":"https:\/\/comlm.fr\/index.php\/wp-json\/wp\/v2\/media\/11136"}],"wp:attachment":[{"href":"https:\/\/comlm.fr\/index.php\/wp-json\/wp\/v2\/media?parent=11135"}],"wp:term":[{"taxonomy":"product_brand","embeddable":true,"href":"https:\/\/comlm.fr\/index.php\/wp-json\/wp\/v2\/product_brand?post=11135"},{"taxonomy":"product_cat","embeddable":true,"href":"https:\/\/comlm.fr\/index.php\/wp-json\/wp\/v2\/product_cat?post=11135"},{"taxonomy":"product_tag","embeddable":true,"href":"https:\/\/comlm.fr\/index.php\/wp-json\/wp\/v2\/product_tag?post=11135"}],"curies":[{"name":"wp","href":"https:\/\/api.w.org\/{rel}","templated":true}]}}