{"id":11132,"date":"2025-04-18T14:02:49","date_gmt":"2025-04-18T12:02:49","guid":{"rendered":"https:\/\/comlm.fr\/?post_type=product&#038;p=11132"},"modified":"2025-04-18T14:09:03","modified_gmt":"2025-04-18T12:09:03","slug":"camera-tourelle-panasonic-aw-he-130-copy-copy-copy-copy-copy-copy-copy-copy-copy-copy-copy-2-copy-copy-copy-copy-copy-copy-copy-copy-copy-copy-2-copy-copy-copy-copy-2-copy-copy-copy-copy-copy-copy-10","status":"publish","type":"product","link":"https:\/\/comlm.fr\/index.php\/produit\/camera-tourelle-panasonic-aw-he-130-copy-copy-copy-copy-copy-copy-copy-copy-copy-copy-copy-2-copy-copy-copy-copy-copy-copy-copy-copy-copy-copy-2-copy-copy-copy-copy-2-copy-copy-copy-copy-copy-copy-10\/","title":{"rendered":"Micro col de cygne embase XLR 45cm sans capsule SHURE"},"content":{"rendered":"<h4><span id=\"MainPanel_FormViewArticle_LabelDescription\">Micro col de cygne embase XLR 45cm sans capsule SHURE<\/span><span id=\"MainPanel_FormViewArticle_LabelDescription\"><\/span><\/h4>\n<h3 class=\"DocumentationTitre\">Description :<\/h3>\n<p>La s\u00e9rie MX400 est une gamme de micros d\u2019installation offrant un tr\u00e8s large choix de mod\u00e8les, que ce soit \u00e0 encastrer ou sur socle de table, afin de r\u00e9pondre \u00e0 tous les besoins d\u2019int\u00e9gration en installation fixe ou d\u2019applications en sonorisation. Cette gamme de micros se destine au broadcast, au th\u00e9\u00e2tre, ainsi qu\u2019\u00e0 la conf\u00e9rence. Tous les mod\u00e8les poss\u00e8dent des capsules interchangeables avec un choix entre les directivit\u00e9s omnidirectionnelle, cardio\u00efde ou supercardio\u00efde. Col-de-cygne avec pr\u00e9ampli XLR3 longueur 45 cm.<\/p>\n","protected":false},"excerpt":{"rendered":"<p>Micro col de cygne embase XLR 45cm sans capsule SHURE Description : La s\u00e9rie MX400 est une gamme de micros d\u2019installation offrant un tr\u00e8s large choix de mod\u00e8les, que ce [&hellip;]<\/p>\n","protected":false},"featured_media":11133,"template":"","meta":[],"product_brand":[],"product_cat":[262,116],"product_tag":[],"class_list":{"0":"post-11132","1":"product","2":"type-product","3":"status-publish","4":"has-post-thumbnail","6":"product_cat-microphone","7":"product_cat-sonorisation","10":"first","11":"instock","12":"taxable","13":"shipping-taxable","14":"product-type-simple"},"aioseo_notices":[],"_links":{"self":[{"href":"https:\/\/comlm.fr\/index.php\/wp-json\/wp\/v2\/product\/11132","targetHints":{"allow":["GET"]}}],"collection":[{"href":"https:\/\/comlm.fr\/index.php\/wp-json\/wp\/v2\/product"}],"about":[{"href":"https:\/\/comlm.fr\/index.php\/wp-json\/wp\/v2\/types\/product"}],"version-history":[{"count":1,"href":"https:\/\/comlm.fr\/index.php\/wp-json\/wp\/v2\/product\/11132\/revisions"}],"predecessor-version":[{"id":11134,"href":"https:\/\/comlm.fr\/index.php\/wp-json\/wp\/v2\/product\/11132\/revisions\/11134"}],"wp:featuredmedia":[{"embeddable":true,"href":"https:\/\/comlm.fr\/index.php\/wp-json\/wp\/v2\/media\/11133"}],"wp:attachment":[{"href":"https:\/\/comlm.fr\/index.php\/wp-json\/wp\/v2\/media?parent=11132"}],"wp:term":[{"taxonomy":"product_brand","embeddable":true,"href":"https:\/\/comlm.fr\/index.php\/wp-json\/wp\/v2\/product_brand?post=11132"},{"taxonomy":"product_cat","embeddable":true,"href":"https:\/\/comlm.fr\/index.php\/wp-json\/wp\/v2\/product_cat?post=11132"},{"taxonomy":"product_tag","embeddable":true,"href":"https:\/\/comlm.fr\/index.php\/wp-json\/wp\/v2\/product_tag?post=11132"}],"curies":[{"name":"wp","href":"https:\/\/api.w.org\/{rel}","templated":true}]}}