{"id":11129,"date":"2025-04-16T00:06:13","date_gmt":"2025-04-15T22:06:13","guid":{"rendered":"https:\/\/comlm.fr\/?post_type=product&#038;p=11129"},"modified":"2025-04-16T00:09:37","modified_gmt":"2025-04-15T22:09:37","slug":"camera-tourelle-panasonic-aw-he-130-copy-copy-copy-copy-copy-copy-copy-copy-copy-copy-copy-2-copy-copy-copy-copy-copy-copy-copy-copy-copy-copy-2-copy-copy-copy-copy-2-copy-copy-copy-copy-copy-copy-c-9","status":"publish","type":"product","link":"https:\/\/comlm.fr\/index.php\/produit\/camera-tourelle-panasonic-aw-he-130-copy-copy-copy-copy-copy-copy-copy-copy-copy-copy-copy-2-copy-copy-copy-copy-copy-copy-copy-copy-copy-copy-2-copy-copy-copy-copy-2-copy-copy-copy-copy-copy-copy-c-9\/","title":{"rendered":"Micro col de cygne \u00e9l\u00e9gant cardio\u00efde 40cm XLR3 Sennheiser"},"content":{"rendered":"<h4><span id=\"MainPanel_FormViewArticle_LabelDescription\">Micro col de cygne \u00e9l\u00e9gant cardio\u00efde 40cm XLR3 Sennheiser<br \/>\n<\/span><\/h4>\n<table class=\"StyleTAble\">\n<tbody>\n<tr>\n<td class=\"caracteLibelle\" valign=\"top\"><span class=\"strongitem\">Directivit\u00e9 du micro :\u00a0<\/span><span class=\"CarValue\">Cardio\u00efde<\/span><\/td>\n<\/tr>\n<tr>\n<td class=\"caracteLibelle\" valign=\"top\"><span class=\"strongitem\">El\u00e9ment micro col de cygne :\u00a0<\/span><span class=\"CarValue\">Micro complet sur XLR<\/span><\/td>\n<\/tr>\n<\/tbody>\n<\/table>\n<table class=\"StyleTAble\">\n<tbody>\n<tr>\n<td><span class=\"strongitem\">Poids (net)<\/span>\u00a0:\u00a0211 g<\/td>\n<\/tr>\n<\/tbody>\n<\/table>\n","protected":false},"excerpt":{"rendered":"<p>Micro col de cygne \u00e9l\u00e9gant cardio\u00efde 40cm XLR3 Sennheiser Directivit\u00e9 du micro :\u00a0Cardio\u00efde El\u00e9ment micro col de cygne :\u00a0Micro complet sur XLR Poids (net)\u00a0:\u00a0211 g<\/p>\n","protected":false},"featured_media":11130,"template":"","meta":[],"product_brand":[],"product_cat":[262,116],"product_tag":[],"class_list":{"0":"post-11129","1":"product","2":"type-product","3":"status-publish","4":"has-post-thumbnail","6":"product_cat-microphone","7":"product_cat-sonorisation","10":"first","11":"instock","12":"taxable","13":"shipping-taxable","14":"product-type-simple"},"aioseo_notices":[],"_links":{"self":[{"href":"https:\/\/comlm.fr\/index.php\/wp-json\/wp\/v2\/product\/11129","targetHints":{"allow":["GET"]}}],"collection":[{"href":"https:\/\/comlm.fr\/index.php\/wp-json\/wp\/v2\/product"}],"about":[{"href":"https:\/\/comlm.fr\/index.php\/wp-json\/wp\/v2\/types\/product"}],"version-history":[{"count":1,"href":"https:\/\/comlm.fr\/index.php\/wp-json\/wp\/v2\/product\/11129\/revisions"}],"predecessor-version":[{"id":11131,"href":"https:\/\/comlm.fr\/index.php\/wp-json\/wp\/v2\/product\/11129\/revisions\/11131"}],"wp:featuredmedia":[{"embeddable":true,"href":"https:\/\/comlm.fr\/index.php\/wp-json\/wp\/v2\/media\/11130"}],"wp:attachment":[{"href":"https:\/\/comlm.fr\/index.php\/wp-json\/wp\/v2\/media?parent=11129"}],"wp:term":[{"taxonomy":"product_brand","embeddable":true,"href":"https:\/\/comlm.fr\/index.php\/wp-json\/wp\/v2\/product_brand?post=11129"},{"taxonomy":"product_cat","embeddable":true,"href":"https:\/\/comlm.fr\/index.php\/wp-json\/wp\/v2\/product_cat?post=11129"},{"taxonomy":"product_tag","embeddable":true,"href":"https:\/\/comlm.fr\/index.php\/wp-json\/wp\/v2\/product_tag?post=11129"}],"curies":[{"name":"wp","href":"https:\/\/api.w.org\/{rel}","templated":true}]}}