{"id":11121,"date":"2025-04-15T23:52:36","date_gmt":"2025-04-15T21:52:36","guid":{"rendered":"https:\/\/comlm.fr\/?post_type=product&#038;p=11121"},"modified":"2025-04-15T23:57:40","modified_gmt":"2025-04-15T21:57:40","slug":"camera-tourelle-panasonic-aw-he-130-copy-copy-copy-copy-copy-copy-copy-copy-copy-copy-copy-2-copy-copy-copy-copy-copy-copy-copy-copy-copy-copy-2-copy-copy-copy-copy-2-copy-copy-copy-copy-copy-copy-c-7","status":"publish","type":"product","link":"https:\/\/comlm.fr\/index.php\/produit\/camera-tourelle-panasonic-aw-he-130-copy-copy-copy-copy-copy-copy-copy-copy-copy-copy-copy-2-copy-copy-copy-copy-copy-copy-copy-copy-copy-copy-2-copy-copy-copy-copy-2-copy-copy-copy-copy-copy-copy-c-7\/","title":{"rendered":"Lecteur rackable USB \/ BT \/ DAB+ MP-100DBT DAP DAP AUD"},"content":{"rendered":"<h4>Lecteur rackable USB \/ BT \/ DAB+ MP-100DBT DAP DAP AUD<\/h4>\n<div class=\"FPSpecifique\">Le lecteur MP-100DBT de DAP est un lecteur multim\u00e9dia polyvalent avec DAB+, radio FM, Bluetooth 4.2 et lecteur MP3 .<\/div>\n<p class=\"DocumentationParagraphe\">Prise en charge de DAB+, radio FM, USB\/MP3 et Bluetooth 4.2. Prise jack 3,5 mm, XLR\/micro mixte, USB-A et 4 entr\u00e9es RCA. T\u00e9l\u00e9commande IR incluse.<\/p>\n<table class=\"StyleTAble\">\n<tbody>\n<tr>\n<td class=\"caracteLibelle\" valign=\"top\"><span class=\"strongitem\">Source de lecture :\u00a0<\/span><span class=\"CarValue\">Bluetooth ; Radios internet ; Tuner AM\/FM ; port USB<\/span><\/td>\n<\/tr>\n<\/tbody>\n<\/table>\n<table class=\"StyleTAble\">\n<tbody>\n<tr>\n<td><span class=\"strongitem\">Poids (net)<\/span>\u00a0:\u00a01,50 kg<\/td>\n<td><\/td>\n<\/tr>\n<\/tbody>\n<\/table>\n<div class=\"FPSpecifique\"><\/div>\n<div class=\"FPSpecifique\"><\/div>\n<table class=\"StyleTAble\">\n<tbody>\n<tr>\n<td class=\"caracterDimension\" valign=\"top\"><span class=\"strongitem\">Dimensions (hors emballage) :\u00a0<\/span>Longueur :\u00a0<span class=\"CarValue\">48,3\u00a0<\/span>cm &#8211;\u00a0Largeur :\u00a0<span class=\"CarValue\">10,4\u00a0<\/span>cm &#8211;\u00a0Hauteur\/Epaisseur\/Profondeur :\u00a0<span class=\"CarValue\">4,4\u00a0<\/span>cm<\/td>\n<\/tr>\n<\/tbody>\n<\/table>\n","protected":false},"excerpt":{"rendered":"<p>Lecteur rackable USB \/ BT \/ DAB+ MP-100DBT DAP DAP AUD Le lecteur MP-100DBT de DAP est un lecteur multim\u00e9dia polyvalent avec DAB+, radio FM, Bluetooth 4.2 et lecteur MP3 [&hellip;]<\/p>\n","protected":false},"featured_media":11122,"template":"","meta":[],"product_brand":[],"product_cat":[265,116],"product_tag":[],"class_list":{"0":"post-11121","1":"product","2":"type-product","3":"status-publish","4":"has-post-thumbnail","6":"product_cat-peripherique-sonorisation","7":"product_cat-sonorisation","10":"first","11":"instock","12":"taxable","13":"shipping-taxable","14":"product-type-simple"},"aioseo_notices":[],"_links":{"self":[{"href":"https:\/\/comlm.fr\/index.php\/wp-json\/wp\/v2\/product\/11121","targetHints":{"allow":["GET"]}}],"collection":[{"href":"https:\/\/comlm.fr\/index.php\/wp-json\/wp\/v2\/product"}],"about":[{"href":"https:\/\/comlm.fr\/index.php\/wp-json\/wp\/v2\/types\/product"}],"version-history":[{"count":1,"href":"https:\/\/comlm.fr\/index.php\/wp-json\/wp\/v2\/product\/11121\/revisions"}],"predecessor-version":[{"id":11124,"href":"https:\/\/comlm.fr\/index.php\/wp-json\/wp\/v2\/product\/11121\/revisions\/11124"}],"wp:featuredmedia":[{"embeddable":true,"href":"https:\/\/comlm.fr\/index.php\/wp-json\/wp\/v2\/media\/11122"}],"wp:attachment":[{"href":"https:\/\/comlm.fr\/index.php\/wp-json\/wp\/v2\/media?parent=11121"}],"wp:term":[{"taxonomy":"product_brand","embeddable":true,"href":"https:\/\/comlm.fr\/index.php\/wp-json\/wp\/v2\/product_brand?post=11121"},{"taxonomy":"product_cat","embeddable":true,"href":"https:\/\/comlm.fr\/index.php\/wp-json\/wp\/v2\/product_cat?post=11121"},{"taxonomy":"product_tag","embeddable":true,"href":"https:\/\/comlm.fr\/index.php\/wp-json\/wp\/v2\/product_tag?post=11121"}],"curies":[{"name":"wp","href":"https:\/\/api.w.org\/{rel}","templated":true}]}}