{"id":11116,"date":"2025-04-15T23:44:20","date_gmt":"2025-04-15T21:44:20","guid":{"rendered":"https:\/\/comlm.fr\/?post_type=product&#038;p=11116"},"modified":"2025-04-15T23:50:22","modified_gmt":"2025-04-15T21:50:22","slug":"camera-tourelle-panasonic-aw-he-130-copy-copy-copy-copy-copy-copy-copy-copy-copy-copy-copy-2-copy-copy-copy-copy-copy-copy-copy-copy-copy-copy-2-copy-copy-copy-copy-2-copy-copy-copy-copy-copy-copy-c-6","status":"publish","type":"product","link":"https:\/\/comlm.fr\/index.php\/produit\/camera-tourelle-panasonic-aw-he-130-copy-copy-copy-copy-copy-copy-copy-copy-copy-copy-copy-2-copy-copy-copy-copy-copy-copy-copy-copy-copy-copy-2-copy-copy-copy-copy-2-copy-copy-copy-copy-copy-copy-c-6\/","title":{"rendered":"Micro serre-t\u00eate DPA Core by DPA 4488 cardio\u00efde &#8211; beige"},"content":{"rendered":"<h4><span id=\"MainPanel_FormViewArticle_LabelDescription\">Micro serre-t\u00eate DPA Core by DPA 4488 cardio\u00efde &#8211; beige<\/span><\/h4>\n<p>Le micro serre-t\u00eate 4488 combine la capsule l\u00e9gendaire du 4088 Core by DPA et l&#8217;armature ultra l\u00e9g\u00e8re et confortable du subminiature 6066.<\/p>\n<p class=\"DocumentationParagraphe\">Connecteur Microdot<br \/>\nQualit\u00e9 et dynamique am\u00e9lior\u00e9es, \u00e9tanche \u00e0 l&#8217;eau et \u00e0 la sueur, certifi\u00e9 IP58, sensibilit\u00e9 : 6mV\/Pa, 144dB max. R\u00e9glage longueur perchette et largeur du casque.<\/p>\n<table class=\"StyleTAble\">\n<tbody>\n<tr>\n<td class=\"caracteLibelle\" valign=\"top\"><span class=\"strongitem\">Directivit\u00e9 du micro :\u00a0<\/span><span class=\"CarValue\">Cardio\u00efde<\/span><\/td>\n<\/tr>\n<\/tbody>\n<\/table>\n<table class=\"StyleTAble\">\n<tbody>\n<tr>\n<td><span class=\"strongitem\">Poids (net)<\/span>\u00a0:\u00a012 g<\/td>\n<td><\/td>\n<\/tr>\n<\/tbody>\n<\/table>\n<div class=\"FPSpecifique\"><\/div>\n<div class=\"FPSpecifique\"><\/div>\n<table class=\"StyleTAble\">\n<tbody>\n<tr>\n<td class=\"caracterDimension\" valign=\"top\"><span class=\"strongitem\">Dimensions (hors emballage) :\u00a0<\/span>Longueur :\u00a0<span class=\"CarValue\">22<\/span>\u00a0cm &#8211;\u00a0Largeur :\u00a0<span class=\"CarValue\">22<\/span>\u00a0cm &#8211;\u00a0Hauteur\/Epaisseur\/Profondeur :\u00a0<span class=\"CarValue\">5,5\u00a0<\/span>cm<\/td>\n<\/tr>\n<\/tbody>\n<\/table>\n","protected":false},"excerpt":{"rendered":"<p>Micro serre-t\u00eate DPA Core by DPA 4488 cardio\u00efde &#8211; beige Le micro serre-t\u00eate 4488 combine la capsule l\u00e9gendaire du 4088 Core by DPA et l&#8217;armature ultra l\u00e9g\u00e8re et confortable du [&hellip;]<\/p>\n","protected":false},"featured_media":11117,"template":"","meta":[],"product_brand":[],"product_cat":[262,116],"product_tag":[],"class_list":{"0":"post-11116","1":"product","2":"type-product","3":"status-publish","4":"has-post-thumbnail","6":"product_cat-microphone","7":"product_cat-sonorisation","10":"first","11":"instock","12":"taxable","13":"shipping-taxable","14":"product-type-simple"},"aioseo_notices":[],"_links":{"self":[{"href":"https:\/\/comlm.fr\/index.php\/wp-json\/wp\/v2\/product\/11116","targetHints":{"allow":["GET"]}}],"collection":[{"href":"https:\/\/comlm.fr\/index.php\/wp-json\/wp\/v2\/product"}],"about":[{"href":"https:\/\/comlm.fr\/index.php\/wp-json\/wp\/v2\/types\/product"}],"version-history":[{"count":1,"href":"https:\/\/comlm.fr\/index.php\/wp-json\/wp\/v2\/product\/11116\/revisions"}],"predecessor-version":[{"id":11120,"href":"https:\/\/comlm.fr\/index.php\/wp-json\/wp\/v2\/product\/11116\/revisions\/11120"}],"wp:featuredmedia":[{"embeddable":true,"href":"https:\/\/comlm.fr\/index.php\/wp-json\/wp\/v2\/media\/11117"}],"wp:attachment":[{"href":"https:\/\/comlm.fr\/index.php\/wp-json\/wp\/v2\/media?parent=11116"}],"wp:term":[{"taxonomy":"product_brand","embeddable":true,"href":"https:\/\/comlm.fr\/index.php\/wp-json\/wp\/v2\/product_brand?post=11116"},{"taxonomy":"product_cat","embeddable":true,"href":"https:\/\/comlm.fr\/index.php\/wp-json\/wp\/v2\/product_cat?post=11116"},{"taxonomy":"product_tag","embeddable":true,"href":"https:\/\/comlm.fr\/index.php\/wp-json\/wp\/v2\/product_tag?post=11116"}],"curies":[{"name":"wp","href":"https:\/\/api.w.org\/{rel}","templated":true}]}}