{"id":11094,"date":"2025-04-15T23:09:31","date_gmt":"2025-04-15T21:09:31","guid":{"rendered":"https:\/\/comlm.fr\/?post_type=product&#038;p=11094"},"modified":"2025-04-15T23:16:05","modified_gmt":"2025-04-15T21:16:05","slug":"camera-tourelle-panasonic-aw-he-130-copy-copy-copy-copy-copy-copy-copy-copy-copy-copy-copy-2-copy-copy-copy-copy-copy-copy-copy-copy-copy-copy-2-copy-copy-copy-copy-2-copy-copy-copy-copy-copy-copy","status":"publish","type":"product","link":"https:\/\/comlm.fr\/index.php\/produit\/camera-tourelle-panasonic-aw-he-130-copy-copy-copy-copy-copy-copy-copy-copy-copy-copy-copy-2-copy-copy-copy-copy-copy-copy-copy-copy-copy-copy-2-copy-copy-copy-copy-2-copy-copy-copy-copy-copy-copy\/","title":{"rendered":"Console  Chamsys MagicQ MQ50 &#8211; 8 univers DMX"},"content":{"rendered":"<p>Console Chamsys MagicQ MQ50 &#8211; 8 univers DMX<\/p>\n<p class=\"DocumentationParagraphe\">4 sorties directes DMX 5 pts<br \/>\nEcran tactile 10,1&#8221; + port HDMI pour \u00e9cran externe non fourni. 8 encodeurs param\u00e9trables, 10 faders. Wifi int\u00e9gr\u00e9 pour un contr\u00f4le \u00e0 distance via MagicQ remote app.<\/p>\n<p>MagicQ MQ50 fait partie de la nouvelle g\u00e9n\u00e9ration de consoles compactes, id\u00e9ales pour les salles de petite et moyenne taille. Le MQ50 dispose d&#8217;un \u00e9cran multi-touch de 10,1 pouces et de dix lectures compl\u00e8tes de Cue Stack dans un format compact.<\/p>\n<table class=\"StyleTAble\">\n<tbody>\n<tr>\n<td class=\"caracteLibelle\" valign=\"top\"><span class=\"strongitem\">Nombre de canaux :\u00a0<\/span><span class=\"CarValue\">4\u00a0096<\/span><\/td>\n<\/tr>\n<\/tbody>\n<\/table>\n<table class=\"StyleTAble\">\n<tbody>\n<tr>\n<td><span class=\"strongitem\">Poids (net)<\/span>\u00a0:\u00a07 kg<\/td>\n<td><\/td>\n<\/tr>\n<\/tbody>\n<\/table>\n<div class=\"FPSpecifique\"><\/div>\n<div class=\"FPSpecifique\"><\/div>\n<table class=\"StyleTAble\">\n<tbody>\n<tr>\n<td class=\"caracterDimension\" valign=\"top\"><span class=\"strongitem\">Dimensions (hors emballage) :\u00a0<\/span>Longueur :\u00a0<span class=\"CarValue\">52,5\u00a0<\/span>cm &#8211;\u00a0Largeur :\u00a0<span class=\"CarValue\">35<\/span>\u00a0cm &#8211;\u00a0Hauteur\/Epaisseur\/Profondeur :\u00a0<span class=\"CarValue\">6<\/span>\u00a0cm<\/td>\n<\/tr>\n<\/tbody>\n<\/table>\n","protected":false},"excerpt":{"rendered":"<p>Console Chamsys MagicQ MQ50 &#8211; 8 univers DMX 4 sorties directes DMX 5 pts Ecran tactile 10,1&#8221; + port HDMI pour \u00e9cran externe non fourni. 8 encodeurs param\u00e9trables, 10 faders. [&hellip;]<\/p>\n","protected":false},"featured_media":11095,"template":"","meta":[],"product_brand":[],"product_cat":[248,232],"product_tag":[],"class_list":{"0":"post-11094","1":"product","2":"type-product","3":"status-publish","4":"has-post-thumbnail","6":"product_cat-consoles","7":"product_cat-eclairage","10":"first","11":"instock","12":"taxable","13":"shipping-taxable","14":"product-type-simple"},"aioseo_notices":[],"_links":{"self":[{"href":"https:\/\/comlm.fr\/index.php\/wp-json\/wp\/v2\/product\/11094","targetHints":{"allow":["GET"]}}],"collection":[{"href":"https:\/\/comlm.fr\/index.php\/wp-json\/wp\/v2\/product"}],"about":[{"href":"https:\/\/comlm.fr\/index.php\/wp-json\/wp\/v2\/types\/product"}],"version-history":[{"count":1,"href":"https:\/\/comlm.fr\/index.php\/wp-json\/wp\/v2\/product\/11094\/revisions"}],"predecessor-version":[{"id":11098,"href":"https:\/\/comlm.fr\/index.php\/wp-json\/wp\/v2\/product\/11094\/revisions\/11098"}],"wp:featuredmedia":[{"embeddable":true,"href":"https:\/\/comlm.fr\/index.php\/wp-json\/wp\/v2\/media\/11095"}],"wp:attachment":[{"href":"https:\/\/comlm.fr\/index.php\/wp-json\/wp\/v2\/media?parent=11094"}],"wp:term":[{"taxonomy":"product_brand","embeddable":true,"href":"https:\/\/comlm.fr\/index.php\/wp-json\/wp\/v2\/product_brand?post=11094"},{"taxonomy":"product_cat","embeddable":true,"href":"https:\/\/comlm.fr\/index.php\/wp-json\/wp\/v2\/product_cat?post=11094"},{"taxonomy":"product_tag","embeddable":true,"href":"https:\/\/comlm.fr\/index.php\/wp-json\/wp\/v2\/product_tag?post=11094"}],"curies":[{"name":"wp","href":"https:\/\/api.w.org\/{rel}","templated":true}]}}