{"id":11085,"date":"2025-04-15T22:48:20","date_gmt":"2025-04-15T20:48:20","guid":{"rendered":"https:\/\/comlm.fr\/?post_type=product&#038;p=11085"},"modified":"2025-04-15T22:51:46","modified_gmt":"2025-04-15T20:51:46","slug":"camera-tourelle-panasonic-aw-he-130-copy-copy-copy-copy-copy-copy-copy-copy-copy-copy-copy-2-copy-copy-copy-copy-copy-copy-copy-copy-copy-copy-2-copy-copy-copy-copy-2-copy-copy-copy","status":"publish","type":"product","link":"https:\/\/comlm.fr\/index.php\/produit\/camera-tourelle-panasonic-aw-he-130-copy-copy-copy-copy-copy-copy-copy-copy-copy-copy-copy-2-copy-copy-copy-copy-copy-copy-copy-copy-copy-copy-2-copy-copy-copy-copy-2-copy-copy-copy\/","title":{"rendered":"AYRTON NANDOBEAM S6"},"content":{"rendered":"<h4>Projecteur NANDOBEAM S6 AYRTON<\/h4>\n<div id=\"tab-description\" class=\"panel entry-content\">\n<p>Projecteur asservi Wash (bord de faisceau d\u00e9fini) \u00e0 LED RGBW avec pilotage par zones (3 anneaux et centre)<\/p>\n<p>Le NANDOBEAM S6 est une lyre v\u00e9loce, \u00e9quip\u00e9e d&#8217;un zoom 8\u00b0 \u00e0 40\u00b0.<br \/>\nVous pourrez avec ce projecteur disposer du zoom et de la colorim\u00e9trie d&#8217;un projecteur Wash, ainsi que du bord de faisceau quasi net, comme un Beam !<br \/>\nSi vous aimez le pilotage par anneaux ainsi que la sortie du faisceau unifi\u00e9e (malgr\u00e9 une source multileds) alors vous aimez d\u00e9j\u00e0 le NANDOBEAM S6.<\/p>\n<p>&#8211; Source lumineuse : 37x LED RGBW (6500K) OSRAM 15W, 9 250 Lumens, dur\u00e9e de vie d&#8217;environ 50 000 heures<\/p>\n<p><u>Contr\u00f4le<\/u><br \/>\n&#8211; 17, 20 ou 32 canaux DMX<br \/>\n&#8211; RDM, ArtNet<br \/>\n&#8211; Afficheur LCD couleur assorti de 6 touches sensitives<br \/>\n&#8211; 10 programmes de 64 pas maximum (dans la limite de 250 pas totaux) enregistrables via le panneau de contr\u00f4le ou capture de DMX externe<br \/>\n&#8211; Programmes enregistr\u00e9s d\u00e9clenchables via un canal DMX d\u00e9di\u00e9 de la charte<br \/>\n&#8211; Mode Master\/Slave<br \/>\n&#8211; Diagnostic machine int\u00e9gr\u00e9 pour entretien facilit\u00e9<\/p>\n<\/div>\n","protected":false},"excerpt":{"rendered":"<p>Projecteur NANDOBEAM S6 AYRTON Projecteur asservi Wash (bord de faisceau d\u00e9fini) \u00e0 LED RGBW avec pilotage par zones (3 anneaux et centre) Le NANDOBEAM S6 est une lyre v\u00e9loce, \u00e9quip\u00e9e [&hellip;]<\/p>\n","protected":false},"featured_media":11086,"template":"","meta":[],"product_brand":[],"product_cat":[247,232,251],"product_tag":[],"class_list":{"0":"post-11085","1":"product","2":"type-product","3":"status-publish","4":"has-post-thumbnail","6":"product_cat-asservis","7":"product_cat-eclairage","8":"product_cat-effets","11":"first","12":"instock","13":"taxable","14":"shipping-taxable","15":"product-type-simple"},"aioseo_notices":[],"_links":{"self":[{"href":"https:\/\/comlm.fr\/index.php\/wp-json\/wp\/v2\/product\/11085","targetHints":{"allow":["GET"]}}],"collection":[{"href":"https:\/\/comlm.fr\/index.php\/wp-json\/wp\/v2\/product"}],"about":[{"href":"https:\/\/comlm.fr\/index.php\/wp-json\/wp\/v2\/types\/product"}],"version-history":[{"count":1,"href":"https:\/\/comlm.fr\/index.php\/wp-json\/wp\/v2\/product\/11085\/revisions"}],"predecessor-version":[{"id":11087,"href":"https:\/\/comlm.fr\/index.php\/wp-json\/wp\/v2\/product\/11085\/revisions\/11087"}],"wp:featuredmedia":[{"embeddable":true,"href":"https:\/\/comlm.fr\/index.php\/wp-json\/wp\/v2\/media\/11086"}],"wp:attachment":[{"href":"https:\/\/comlm.fr\/index.php\/wp-json\/wp\/v2\/media?parent=11085"}],"wp:term":[{"taxonomy":"product_brand","embeddable":true,"href":"https:\/\/comlm.fr\/index.php\/wp-json\/wp\/v2\/product_brand?post=11085"},{"taxonomy":"product_cat","embeddable":true,"href":"https:\/\/comlm.fr\/index.php\/wp-json\/wp\/v2\/product_cat?post=11085"},{"taxonomy":"product_tag","embeddable":true,"href":"https:\/\/comlm.fr\/index.php\/wp-json\/wp\/v2\/product_tag?post=11085"}],"curies":[{"name":"wp","href":"https:\/\/api.w.org\/{rel}","templated":true}]}}