{"id":11079,"date":"2025-04-15T22:40:38","date_gmt":"2025-04-15T20:40:38","guid":{"rendered":"https:\/\/comlm.fr\/?post_type=product&#038;p=11079"},"modified":"2025-04-15T22:46:35","modified_gmt":"2025-04-15T20:46:35","slug":"camera-tourelle-panasonic-aw-he-130-copy-copy-copy-copy-copy-copy-copy-copy-copy-copy-copy-2-copy-copy-copy-copy-copy-copy-copy-copy-copy-copy-2-copy-copy-copy-copy-2-copy-copy","status":"publish","type":"product","link":"https:\/\/comlm.fr\/index.php\/produit\/camera-tourelle-panasonic-aw-he-130-copy-copy-copy-copy-copy-copy-copy-copy-copy-copy-copy-2-copy-copy-copy-copy-copy-copy-copy-copy-copy-copy-2-copy-copy-copy-copy-2-copy-copy\/","title":{"rendered":"AYRTON DIABLO S"},"content":{"rendered":"<h4>Projecteur AYRTON DIABLO S<\/h4>\n<div id=\"tab-description\" class=\"panel entry-content\">\n<h3>Diablo S, est une lyre source Led de 300 W avec couteaux, polyvalente et l ultra-compact.<\/h3>\n<p>&nbsp;<\/p>\n<p>Type de source\u00a0: LED blanches 7000 K<\/p>\n<p><strong>Source lumineuse\u00a0:<\/strong><\/p>\n<p>Flux lumineux en sortie d\u2019optique 19 000 lumens \u00e0 7000 K<br \/>\nFlux lumineux de la source 26 500 lumens \u00e0 8000 K<br \/>\nIRC &gt; 70<br \/>\nSource LED sans scintillement, adapt\u00e9e aux applications t\u00e9l\u00e9visuelles<\/p>\n<p><strong>Optique :<\/strong><\/p>\n<p>Zoom lin\u00e9aire motoris\u00e9 de 7\u00b0 \u00e0 53\u00b0<\/p>\n<p>Banc optique de 13 lentilles avec un ratio de 7,5:1<br \/>\nLentille frontale de 119 mm<\/p>\n<p><u><br \/>\n<\/u><strong>Mouvements :<\/strong><br \/>\nPAN 540\u00b0 et TILT 270\u00b0<br \/>\nR\u00e9solution en 8 et 16 bits<br \/>\nPositionnement extr\u00eamement pr\u00e9cis et mouvement lent tr\u00e8s fluide gr\u00e2ce aux moteurs micropas haute pr\u00e9cision<br \/>\nRepositionnement automatique<\/p>\n<p><strong>Couleurs :<\/strong><br \/>\nTridrichromie CMY<br \/>\nCTO variable<br \/>\nRoue de 7 couleurs satur\u00e9es<\/p>\n<p><strong>Gobos :<\/strong><br \/>\n1 roue de 7 gobos verres haute d\u00e9finition\u00a0indexables et rotatifs<\/p>\n<\/div>\n","protected":false},"excerpt":{"rendered":"<p>Projecteur AYRTON DIABLO S Diablo S, est une lyre source Led de 300 W avec couteaux, polyvalente et l ultra-compact. &nbsp; Type de source\u00a0: LED blanches 7000 K Source lumineuse\u00a0: [&hellip;]<\/p>\n","protected":false},"featured_media":11080,"template":"","meta":[],"product_brand":[],"product_cat":[247,232,251],"product_tag":[],"class_list":{"0":"post-11079","1":"product","2":"type-product","3":"status-publish","4":"has-post-thumbnail","6":"product_cat-asservis","7":"product_cat-eclairage","8":"product_cat-effets","11":"first","12":"instock","13":"taxable","14":"shipping-taxable","15":"product-type-simple"},"aioseo_notices":[],"_links":{"self":[{"href":"https:\/\/comlm.fr\/index.php\/wp-json\/wp\/v2\/product\/11079","targetHints":{"allow":["GET"]}}],"collection":[{"href":"https:\/\/comlm.fr\/index.php\/wp-json\/wp\/v2\/product"}],"about":[{"href":"https:\/\/comlm.fr\/index.php\/wp-json\/wp\/v2\/types\/product"}],"version-history":[{"count":1,"href":"https:\/\/comlm.fr\/index.php\/wp-json\/wp\/v2\/product\/11079\/revisions"}],"predecessor-version":[{"id":11084,"href":"https:\/\/comlm.fr\/index.php\/wp-json\/wp\/v2\/product\/11079\/revisions\/11084"}],"wp:featuredmedia":[{"embeddable":true,"href":"https:\/\/comlm.fr\/index.php\/wp-json\/wp\/v2\/media\/11080"}],"wp:attachment":[{"href":"https:\/\/comlm.fr\/index.php\/wp-json\/wp\/v2\/media?parent=11079"}],"wp:term":[{"taxonomy":"product_brand","embeddable":true,"href":"https:\/\/comlm.fr\/index.php\/wp-json\/wp\/v2\/product_brand?post=11079"},{"taxonomy":"product_cat","embeddable":true,"href":"https:\/\/comlm.fr\/index.php\/wp-json\/wp\/v2\/product_cat?post=11079"},{"taxonomy":"product_tag","embeddable":true,"href":"https:\/\/comlm.fr\/index.php\/wp-json\/wp\/v2\/product_tag?post=11079"}],"curies":[{"name":"wp","href":"https:\/\/api.w.org\/{rel}","templated":true}]}}