{"id":11076,"date":"2025-04-15T22:36:43","date_gmt":"2025-04-15T20:36:43","guid":{"rendered":"https:\/\/comlm.fr\/?post_type=product&#038;p=11076"},"modified":"2025-04-15T22:39:40","modified_gmt":"2025-04-15T20:39:40","slug":"camera-tourelle-panasonic-aw-he-130-copy-copy-copy-copy-copy-copy-copy-copy-copy-copy-copy-2-copy-copy-copy-copy-copy-copy-copy-copy-copy-copy-2-copy-copy-copy-copy-2-copy","status":"publish","type":"product","link":"https:\/\/comlm.fr\/index.php\/produit\/camera-tourelle-panasonic-aw-he-130-copy-copy-copy-copy-copy-copy-copy-copy-copy-copy-copy-2-copy-copy-copy-copy-copy-copy-copy-copy-copy-copy-2-copy-copy-copy-copy-2-copy\/","title":{"rendered":"MARTIN MAC AURA"},"content":{"rendered":"<h4>Projecteur MARTIN MAC AURA<\/h4>\n<ul class=\"tabs clearfix\">\n<li class=\"description_tab active\"><strong><a href=\"https:\/\/aucop.com\/produit\/eclairage\/projecteurs-asservis\/projecteur-martin-mac-aura\/#tab-description\">Description<\/a><\/strong><\/li>\n<\/ul>\n<div id=\"tab-description\" class=\"panel entry-content\">\n<ul>\n<li>Projecteur lyre Wash \u00e0 LED avec Zoom<\/li>\n<li>G\u00e9n\u00e9rateur d\u2019effets int\u00e9gr\u00e9 + effet visuel AURA, mouvements rapides<\/li>\n<li>Flux lumineux : 3850 lm<\/li>\n<li>Zoom de 11\u00b0 \u00e0 58\u00b0<\/li>\n<li>Effet \u00ab Roue de couleur \u00bb \u00e9lectronique : 33 LED de couleurs + blanc<\/li>\n<li>M\u00e9lange de couleurs RVB<\/li>\n<li>2 Modes : 14\/25 canaux<\/li>\n<li>Protocoles : DMX 512 \/ RDM<\/li>\n<li>Connectique : XLR5<\/li>\n<li>Alimentation : Powercon<\/li>\n<li>IP20<\/li>\n<li>Consommation : 228W \u00e0 230V 50Hz<\/li>\n<li>Dimensions : L302 x P302 x P360 mm (t\u00eate droite)<\/li>\n<li>Poids : 5,6 Kg<\/li>\n<li>Conditionnement : Flight-case de 6 pi\u00e8ces<\/li>\n<\/ul>\n<\/div>\n","protected":false},"excerpt":{"rendered":"<p>Projecteur MARTIN MAC AURA Description Projecteur lyre Wash \u00e0 LED avec Zoom G\u00e9n\u00e9rateur d\u2019effets int\u00e9gr\u00e9 + effet visuel AURA, mouvements rapides Flux lumineux : 3850 lm Zoom de 11\u00b0 \u00e0 [&hellip;]<\/p>\n","protected":false},"featured_media":11077,"template":"","meta":[],"product_brand":[],"product_cat":[247,232,251],"product_tag":[],"class_list":{"0":"post-11076","1":"product","2":"type-product","3":"status-publish","4":"has-post-thumbnail","6":"product_cat-asservis","7":"product_cat-eclairage","8":"product_cat-effets","11":"first","12":"instock","13":"taxable","14":"shipping-taxable","15":"product-type-simple"},"aioseo_notices":[],"_links":{"self":[{"href":"https:\/\/comlm.fr\/index.php\/wp-json\/wp\/v2\/product\/11076","targetHints":{"allow":["GET"]}}],"collection":[{"href":"https:\/\/comlm.fr\/index.php\/wp-json\/wp\/v2\/product"}],"about":[{"href":"https:\/\/comlm.fr\/index.php\/wp-json\/wp\/v2\/types\/product"}],"version-history":[{"count":1,"href":"https:\/\/comlm.fr\/index.php\/wp-json\/wp\/v2\/product\/11076\/revisions"}],"predecessor-version":[{"id":11078,"href":"https:\/\/comlm.fr\/index.php\/wp-json\/wp\/v2\/product\/11076\/revisions\/11078"}],"wp:featuredmedia":[{"embeddable":true,"href":"https:\/\/comlm.fr\/index.php\/wp-json\/wp\/v2\/media\/11077"}],"wp:attachment":[{"href":"https:\/\/comlm.fr\/index.php\/wp-json\/wp\/v2\/media?parent=11076"}],"wp:term":[{"taxonomy":"product_brand","embeddable":true,"href":"https:\/\/comlm.fr\/index.php\/wp-json\/wp\/v2\/product_brand?post=11076"},{"taxonomy":"product_cat","embeddable":true,"href":"https:\/\/comlm.fr\/index.php\/wp-json\/wp\/v2\/product_cat?post=11076"},{"taxonomy":"product_tag","embeddable":true,"href":"https:\/\/comlm.fr\/index.php\/wp-json\/wp\/v2\/product_tag?post=11076"}],"curies":[{"name":"wp","href":"https:\/\/api.w.org\/{rel}","templated":true}]}}