{"id":11072,"date":"2025-04-15T22:31:53","date_gmt":"2025-04-15T20:31:53","guid":{"rendered":"https:\/\/comlm.fr\/?post_type=product&#038;p=11072"},"modified":"2025-04-15T22:34:55","modified_gmt":"2025-04-15T20:34:55","slug":"camera-tourelle-panasonic-aw-he-130-copy-copy-copy-copy-copy-copy-copy-copy-copy-copy-copy-2-copy-copy-copy-copy-copy-copy-copy-copy-copy-copy-2-copy-copy-copy-copy-2","status":"publish","type":"product","link":"https:\/\/comlm.fr\/index.php\/produit\/camera-tourelle-panasonic-aw-he-130-copy-copy-copy-copy-copy-copy-copy-copy-copy-copy-copy-2-copy-copy-copy-copy-copy-copy-copy-copy-copy-copy-2-copy-copy-copy-copy-2\/","title":{"rendered":"CHAUVET INTIMIDATOR SPOT LED 250"},"content":{"rendered":"<h4>Projecteur <strong>CHAUVET INTIMIDATOR SPOT LED 250<\/strong><\/h4>\n<p>Projecteur lyre \u00e0 LED 50W<br \/>\nFlux lumineux : 5 970 lm \u00e0 2 m<br \/>\nRoue de gobos : 7 gobos rotatifs<br \/>\nGobos : \u00d8 ext. 24 mm, \u00d8 image 20 mm, Ep. max. 1.1 mm<br \/>\nRoue de couleurs : 8+ Blanc avec duo de couleurs possible<br \/>\nStrobe : 0 \u2013 20Hz<br \/>\nR\u00e9agit aux dynamiques musicales<br \/>\nAngle d\u2019ouverture : 17\u00b0<br \/>\nPan : 540\u00b0, Tilt : 270\u00b0<br \/>\n2 Modes : 8\/13 canaux DMX<br \/>\nProtocole : DMX512<br \/>\nConnectique : XLR3<br \/>\nConsommation : 157W \u00e0 230V 50Hz<br \/>\nDimensions : L236 x P205 x H287 mm<br \/>\nPoids : 5,7 Kg<br \/>\nConditionnement : Flight-case de 4 pi\u00e8ces<\/p>\n","protected":false},"excerpt":{"rendered":"<p>Projecteur CHAUVET INTIMIDATOR SPOT LED 250 Projecteur lyre \u00e0 LED 50W Flux lumineux : 5 970 lm \u00e0 2 m Roue de gobos : 7 gobos rotatifs Gobos : \u00d8 [&hellip;]<\/p>\n","protected":false},"featured_media":11073,"template":"","meta":[],"product_brand":[],"product_cat":[247,232,251],"product_tag":[],"class_list":{"0":"post-11072","1":"product","2":"type-product","3":"status-publish","4":"has-post-thumbnail","6":"product_cat-asservis","7":"product_cat-eclairage","8":"product_cat-effets","11":"first","12":"instock","13":"taxable","14":"shipping-taxable","15":"product-type-simple"},"aioseo_notices":[],"_links":{"self":[{"href":"https:\/\/comlm.fr\/index.php\/wp-json\/wp\/v2\/product\/11072","targetHints":{"allow":["GET"]}}],"collection":[{"href":"https:\/\/comlm.fr\/index.php\/wp-json\/wp\/v2\/product"}],"about":[{"href":"https:\/\/comlm.fr\/index.php\/wp-json\/wp\/v2\/types\/product"}],"version-history":[{"count":1,"href":"https:\/\/comlm.fr\/index.php\/wp-json\/wp\/v2\/product\/11072\/revisions"}],"predecessor-version":[{"id":11075,"href":"https:\/\/comlm.fr\/index.php\/wp-json\/wp\/v2\/product\/11072\/revisions\/11075"}],"wp:featuredmedia":[{"embeddable":true,"href":"https:\/\/comlm.fr\/index.php\/wp-json\/wp\/v2\/media\/11073"}],"wp:attachment":[{"href":"https:\/\/comlm.fr\/index.php\/wp-json\/wp\/v2\/media?parent=11072"}],"wp:term":[{"taxonomy":"product_brand","embeddable":true,"href":"https:\/\/comlm.fr\/index.php\/wp-json\/wp\/v2\/product_brand?post=11072"},{"taxonomy":"product_cat","embeddable":true,"href":"https:\/\/comlm.fr\/index.php\/wp-json\/wp\/v2\/product_cat?post=11072"},{"taxonomy":"product_tag","embeddable":true,"href":"https:\/\/comlm.fr\/index.php\/wp-json\/wp\/v2\/product_tag?post=11072"}],"curies":[{"name":"wp","href":"https:\/\/api.w.org\/{rel}","templated":true}]}}