{"id":11065,"date":"2025-04-15T22:20:12","date_gmt":"2025-04-15T20:20:12","guid":{"rendered":"https:\/\/comlm.fr\/?post_type=product&#038;p=11065"},"modified":"2025-04-15T22:25:49","modified_gmt":"2025-04-15T20:25:49","slug":"camera-tourelle-panasonic-aw-he-130-copy-copy-copy-copy-copy-copy-copy-copy-copy-copy-copy-2-copy-copy-copy-copy-copy-copy-copy-copy-copy-copy-2-copy-copy-copy-copy","status":"publish","type":"product","link":"https:\/\/comlm.fr\/index.php\/produit\/camera-tourelle-panasonic-aw-he-130-copy-copy-copy-copy-copy-copy-copy-copy-copy-copy-copy-2-copy-copy-copy-copy-copy-copy-copy-copy-copy-copy-2-copy-copy-copy-copy\/","title":{"rendered":"EFFETS SPECIAUX SPARKJET U1 \u2013 OXO"},"content":{"rendered":"<h4>EFFETS SPECIAUX SPARKJET U1 \u2013 OXO<\/h4>\n<ul>\n<li>\n<h3><strong>Machine \u00e0 \u00e9tincelles froides \u2013 \u00ab\u00a0la waow box\u00a0\u00bb<br \/>\n<\/strong><\/h3>\n<p>Contr\u00f4le DMX \/ W-DMX \/ T\u00e9l\u00e9commande filaire (c\u00e2ble de 10 m\u00e8tres)<br \/>\nCanaux de contr\u00f4le DMX 1 CH<br \/>\nTemps de chauffe: 7 minutes<br \/>\nIP Degr\u00e9 IP20<br \/>\nTemp\u00e9rature de fonctionnement 0-40\u00b0c sans condensation<br \/>\nTension 240 VAC, 50Hz<br \/>\nConsommation: max 700W<br \/>\nDimensions: 20 x 20 x 26 cm<br \/>\nPoids: 7,8 kg<\/li>\n<\/ul>\n","protected":false},"excerpt":{"rendered":"<p>EFFETS SPECIAUX SPARKJET U1 \u2013 OXO Machine \u00e0 \u00e9tincelles froides \u2013 \u00ab\u00a0la waow box\u00a0\u00bb Contr\u00f4le DMX \/ W-DMX \/ T\u00e9l\u00e9commande filaire (c\u00e2ble de 10 m\u00e8tres) Canaux de contr\u00f4le DMX 1 [&hellip;]<\/p>\n","protected":false},"featured_media":11066,"template":"","meta":[],"product_brand":[],"product_cat":[249,232,251],"product_tag":[],"class_list":{"0":"post-11065","1":"product","2":"type-product","3":"status-publish","4":"has-post-thumbnail","6":"product_cat-decorations","7":"product_cat-eclairage","8":"product_cat-effets","11":"first","12":"instock","13":"taxable","14":"shipping-taxable","15":"product-type-simple"},"aioseo_notices":[],"_links":{"self":[{"href":"https:\/\/comlm.fr\/index.php\/wp-json\/wp\/v2\/product\/11065","targetHints":{"allow":["GET"]}}],"collection":[{"href":"https:\/\/comlm.fr\/index.php\/wp-json\/wp\/v2\/product"}],"about":[{"href":"https:\/\/comlm.fr\/index.php\/wp-json\/wp\/v2\/types\/product"}],"version-history":[{"count":1,"href":"https:\/\/comlm.fr\/index.php\/wp-json\/wp\/v2\/product\/11065\/revisions"}],"predecessor-version":[{"id":11068,"href":"https:\/\/comlm.fr\/index.php\/wp-json\/wp\/v2\/product\/11065\/revisions\/11068"}],"wp:featuredmedia":[{"embeddable":true,"href":"https:\/\/comlm.fr\/index.php\/wp-json\/wp\/v2\/media\/11066"}],"wp:attachment":[{"href":"https:\/\/comlm.fr\/index.php\/wp-json\/wp\/v2\/media?parent=11065"}],"wp:term":[{"taxonomy":"product_brand","embeddable":true,"href":"https:\/\/comlm.fr\/index.php\/wp-json\/wp\/v2\/product_brand?post=11065"},{"taxonomy":"product_cat","embeddable":true,"href":"https:\/\/comlm.fr\/index.php\/wp-json\/wp\/v2\/product_cat?post=11065"},{"taxonomy":"product_tag","embeddable":true,"href":"https:\/\/comlm.fr\/index.php\/wp-json\/wp\/v2\/product_tag?post=11065"}],"curies":[{"name":"wp","href":"https:\/\/api.w.org\/{rel}","templated":true}]}}