{"id":11055,"date":"2025-04-15T22:05:15","date_gmt":"2025-04-15T20:05:15","guid":{"rendered":"https:\/\/comlm.fr\/?post_type=product&#038;p=11055"},"modified":"2025-04-15T22:18:44","modified_gmt":"2025-04-15T20:18:44","slug":"camera-tourelle-panasonic-aw-he-130-copy-copy-copy-copy-copy-copy-copy-copy-copy-copy-copy-2-copy-copy-copy-copy-copy-copy-copy-copy-copy-copy-2-copy-copy","status":"publish","type":"product","link":"https:\/\/comlm.fr\/index.php\/produit\/camera-tourelle-panasonic-aw-he-130-copy-copy-copy-copy-copy-copy-copy-copy-copy-copy-copy-2-copy-copy-copy-copy-copy-copy-copy-copy-copy-copy-2-copy-copy\/","title":{"rendered":"Projecteur P1 RETRO LED PORTMAN P1"},"content":{"rendered":"<h4>Projecteur D\u00e9co\u00a0 P1 RETRO LED PORTMAN P1<\/h4>\n<h4>Le Projecteur P1 RETRO\u00a0 est l\u2019outil id\u00e9al de d\u00e9coration sc\u00e9nique<\/h4>\n<p>l<\/p>\n<ul>\n<li>7 canaux DMX en version halog\u00e8ne<\/li>\n<li>Gradateur et \u00e9lectronique embarqu\u00e9es<\/li>\n<li>Connectique : XLR3 et XLR5<\/li>\n<li>Afficheur graphique<\/li>\n<li>Installation facile sur tr\u00e9pied ou suspendu<\/li>\n<li>Temp\u00e9rature de couleur : Halog\u00e8ne 2900 K<\/li>\n<li>Alimentation : 230 V, 50\/60 Hz<\/li>\n<li>Poids : 12,5 kg<\/li>\n<li>Dimensions : 85 x 99 x 17 cm<\/li>\n<\/ul>\n","protected":false},"excerpt":{"rendered":"<p>Projecteur D\u00e9co\u00a0 P1 RETRO LED PORTMAN P1 Le Projecteur P1 RETRO\u00a0 est l\u2019outil id\u00e9al de d\u00e9coration sc\u00e9nique l 7 canaux DMX en version halog\u00e8ne Gradateur et \u00e9lectronique embarqu\u00e9es Connectique : [&hellip;]<\/p>\n","protected":false},"featured_media":11056,"template":"","meta":[],"product_brand":[],"product_cat":[249,232],"product_tag":[],"class_list":{"0":"post-11055","1":"product","2":"type-product","3":"status-publish","4":"has-post-thumbnail","6":"product_cat-decorations","7":"product_cat-eclairage","10":"first","11":"instock","12":"taxable","13":"shipping-taxable","14":"product-type-simple"},"aioseo_notices":[],"_links":{"self":[{"href":"https:\/\/comlm.fr\/index.php\/wp-json\/wp\/v2\/product\/11055","targetHints":{"allow":["GET"]}}],"collection":[{"href":"https:\/\/comlm.fr\/index.php\/wp-json\/wp\/v2\/product"}],"about":[{"href":"https:\/\/comlm.fr\/index.php\/wp-json\/wp\/v2\/types\/product"}],"version-history":[{"count":2,"href":"https:\/\/comlm.fr\/index.php\/wp-json\/wp\/v2\/product\/11055\/revisions"}],"predecessor-version":[{"id":11064,"href":"https:\/\/comlm.fr\/index.php\/wp-json\/wp\/v2\/product\/11055\/revisions\/11064"}],"wp:featuredmedia":[{"embeddable":true,"href":"https:\/\/comlm.fr\/index.php\/wp-json\/wp\/v2\/media\/11056"}],"wp:attachment":[{"href":"https:\/\/comlm.fr\/index.php\/wp-json\/wp\/v2\/media?parent=11055"}],"wp:term":[{"taxonomy":"product_brand","embeddable":true,"href":"https:\/\/comlm.fr\/index.php\/wp-json\/wp\/v2\/product_brand?post=11055"},{"taxonomy":"product_cat","embeddable":true,"href":"https:\/\/comlm.fr\/index.php\/wp-json\/wp\/v2\/product_cat?post=11055"},{"taxonomy":"product_tag","embeddable":true,"href":"https:\/\/comlm.fr\/index.php\/wp-json\/wp\/v2\/product_tag?post=11055"}],"curies":[{"name":"wp","href":"https:\/\/api.w.org\/{rel}","templated":true}]}}