{"id":11049,"date":"2025-04-15T20:43:38","date_gmt":"2025-04-15T18:43:38","guid":{"rendered":"https:\/\/comlm.fr\/?post_type=product&#038;p=11049"},"modified":"2025-04-15T20:48:45","modified_gmt":"2025-04-15T18:48:45","slug":"camera-tourelle-panasonic-aw-he-130-copy-copy-copy-copy-copy-copy-copy-copy-copy-copy-copy-2-copy-copy-copy-copy-copy-copy-copy-copy-copy-copy-2-copy","status":"publish","type":"product","link":"https:\/\/comlm.fr\/index.php\/produit\/camera-tourelle-panasonic-aw-he-130-copy-copy-copy-copy-copy-copy-copy-copy-copy-copy-copy-2-copy-copy-copy-copy-copy-copy-copy-copy-copy-copy-2-copy\/","title":{"rendered":"Enceinte Portable sur batterie RACER120 Evo"},"content":{"rendered":"<h4>Enceinte sur batterie RACER120 Evo + 2 micros HF main<\/h4>\n<p>Enceinte portable de 10 pouces 120 W RMS sur batterie avec<\/p>\n<p>lecteur USB\/SD\/BT 5.0 + talkover + effet<\/p>\n<p>+ Design exclusif<br \/>\n+ Grande autonomie<br \/>\n+ Lecteur Bluetooth\u00ae 5.0<br \/>\n+ St\u00e9r\u00e9o sans fil Bluetooth\u00ae TWS<br \/>\n+ Slot in pour l\u2019int\u00e9gration d\u2019un module r\u00e9cepteur Micro UHF (optionnel)<br \/>\n+ Micro UHF (optionnel)<br \/>\n+ UHF diversity<br \/>\n+ Talkover sur tous les micros<br \/>\n+ Effet de type Room<br \/>\n+ USB DC5V 2A pour la charge de votre smartphone<br \/>\n+ Compatible avec Go-Hand, GoLava, GoHead &amp; Go-Body<\/p>\n<p>Lecteur de clef USB et carte SD, r\u00e9cepteur Bluetooth\u00ae 5.0 int\u00e9gr\u00e9<br \/>\n\u2022 Livr\u00e9 avec t\u00e9l\u00e9commande infra rouge<br \/>\n\u2022 Dimensions en mm : 560 x 360 x 303<br \/>\n\u2022 Poids net avec batteries : 17,5 kg<br \/>\n\u2022 2 emplacements pour l\u2019int\u00e9gration d\u2019un module r\u00e9cepteur Micro UHF<\/p>\n<p>&nbsp;<\/p>\n","protected":false},"excerpt":{"rendered":"<p>Enceinte sur batterie RACER120 Evo + 2 micros HF main Enceinte portable de 10 pouces 120 W RMS sur batterie avec lecteur USB\/SD\/BT 5.0 + talkover + effet + Design [&hellip;]<\/p>\n","protected":false},"featured_media":11050,"template":"","meta":[],"product_brand":[],"product_cat":[261,116],"product_tag":[],"class_list":{"0":"post-11049","1":"product","2":"type-product","3":"status-publish","4":"has-post-thumbnail","6":"product_cat-diffusion","7":"product_cat-sonorisation","10":"first","11":"instock","12":"taxable","13":"shipping-taxable","14":"product-type-simple"},"aioseo_notices":[],"_links":{"self":[{"href":"https:\/\/comlm.fr\/index.php\/wp-json\/wp\/v2\/product\/11049","targetHints":{"allow":["GET"]}}],"collection":[{"href":"https:\/\/comlm.fr\/index.php\/wp-json\/wp\/v2\/product"}],"about":[{"href":"https:\/\/comlm.fr\/index.php\/wp-json\/wp\/v2\/types\/product"}],"version-history":[{"count":1,"href":"https:\/\/comlm.fr\/index.php\/wp-json\/wp\/v2\/product\/11049\/revisions"}],"predecessor-version":[{"id":11053,"href":"https:\/\/comlm.fr\/index.php\/wp-json\/wp\/v2\/product\/11049\/revisions\/11053"}],"wp:featuredmedia":[{"embeddable":true,"href":"https:\/\/comlm.fr\/index.php\/wp-json\/wp\/v2\/media\/11050"}],"wp:attachment":[{"href":"https:\/\/comlm.fr\/index.php\/wp-json\/wp\/v2\/media?parent=11049"}],"wp:term":[{"taxonomy":"product_brand","embeddable":true,"href":"https:\/\/comlm.fr\/index.php\/wp-json\/wp\/v2\/product_brand?post=11049"},{"taxonomy":"product_cat","embeddable":true,"href":"https:\/\/comlm.fr\/index.php\/wp-json\/wp\/v2\/product_cat?post=11049"},{"taxonomy":"product_tag","embeddable":true,"href":"https:\/\/comlm.fr\/index.php\/wp-json\/wp\/v2\/product_tag?post=11049"}],"curies":[{"name":"wp","href":"https:\/\/api.w.org\/{rel}","templated":true}]}}