{"id":11044,"date":"2025-04-15T20:37:15","date_gmt":"2025-04-15T18:37:15","guid":{"rendered":"https:\/\/comlm.fr\/?post_type=product&#038;p=11044"},"modified":"2025-04-15T20:41:33","modified_gmt":"2025-04-15T18:41:33","slug":"camera-tourelle-panasonic-aw-he-130-copy-copy-copy-copy-copy-copy-copy-copy-copy-copy-copy-2-copy-copy-copy-copy-copy-copy-copy-copy-copy-copy-2","status":"publish","type":"product","link":"https:\/\/comlm.fr\/index.php\/produit\/camera-tourelle-panasonic-aw-he-130-copy-copy-copy-copy-copy-copy-copy-copy-copy-copy-copy-2-copy-copy-copy-copy-copy-copy-copy-copy-copy-copy-2\/","title":{"rendered":"Enceinte MOJO1200LINEevo"},"content":{"rendered":"<h4>Enceinte MOJO1200LINEEevo<\/h4>\n<p>Syst\u00e8me actif \u2013 600 W RMS avec DSP et Bluetooth TWS.<\/p>\n<p><strong>Diffusion large<br \/>\n<\/strong>L\u2019orientation ma\u00eetris\u00e9e des 6\u00a0haut-parleurs de la colonne permet d\u2019obtenir une dispersion de 120\u00b0 \u00e0 l\u2019horizontale et de 20\u00b0 \u00e0 la verticale.<br \/>\nCette diffusion asym\u00e9trique permet d\u2019\u00e9viter les ph\u00e9nom\u00e8nes de r\u00e9flexion et donc d\u2019optimiser le rendu m\u00eame dans les configurations difficiles.<\/p>\n<p><b>Colonne<\/b><br \/>\n\u2022 Puissance : 180W RMS \u2013 360W max<br \/>\n\u2022 Imp\u00e9dance nominale : 6 Ohms<br \/>\n\u2022 Boomer : 6 x 3 pouces<br \/>\n\u2022 Tweeter : 1 x 1 pouce<br \/>\n\u2022 Dispersion : 120\u00b0 x 30\u00b0 (HxV)<br \/>\n\u2022 Connecteur : Insert dans le caisson<br \/>\n\u2022 Dimensions : 103 x 750 x 100 mm x 2<br \/>\n\u2022 Poids net : Colonne : 3,75 kg \/ Spacer : 2,10 kg<\/p>\n<p>&nbsp;<\/p>\n<p><b>Caisson<\/b><br \/>\n\u2022 Puissance : 250W RMS \u2013 500W max<br \/>\n\u2022 Imp\u00e9dance nominale : 4 Ohms<br \/>\n\u2022 Boomer : 1 x 10 pouces<br \/>\n\u2022 Dimensions : 389 x 626 x 626 mm<br \/>\n\u2022 Poids net : 21,8 kg<\/p>\n<p><b>Ensemble<\/b><br \/>\n\u2022 R\u00e9ponse en fr\u00e9quence 38 \u2013 18 000Hz<br \/>\n\u2022 SPL max. (@1m) 122 dB<\/p>\n<p><b>Amplification<\/b><br \/>\n\u2022 Etage basses : 1 x 300W RMS \/ 600W Max<br \/>\n\u2022 Etage mid\/high 1 x 300W RMS \/ 600W Max<\/p>\n<p>&nbsp;<\/p>\n<p>&nbsp;<\/p>\n","protected":false},"excerpt":{"rendered":"<p>Enceinte MOJO1200LINEEevo Syst\u00e8me actif \u2013 600 W RMS avec DSP et Bluetooth TWS. Diffusion large L\u2019orientation ma\u00eetris\u00e9e des 6\u00a0haut-parleurs de la colonne permet d\u2019obtenir une dispersion de 120\u00b0 \u00e0 l\u2019horizontale [&hellip;]<\/p>\n","protected":false},"featured_media":11045,"template":"","meta":[],"product_brand":[],"product_cat":[261,116],"product_tag":[],"class_list":{"0":"post-11044","1":"product","2":"type-product","3":"status-publish","4":"has-post-thumbnail","6":"product_cat-diffusion","7":"product_cat-sonorisation","10":"first","11":"instock","12":"taxable","13":"shipping-taxable","14":"product-type-simple"},"aioseo_notices":[],"_links":{"self":[{"href":"https:\/\/comlm.fr\/index.php\/wp-json\/wp\/v2\/product\/11044","targetHints":{"allow":["GET"]}}],"collection":[{"href":"https:\/\/comlm.fr\/index.php\/wp-json\/wp\/v2\/product"}],"about":[{"href":"https:\/\/comlm.fr\/index.php\/wp-json\/wp\/v2\/types\/product"}],"version-history":[{"count":1,"href":"https:\/\/comlm.fr\/index.php\/wp-json\/wp\/v2\/product\/11044\/revisions"}],"predecessor-version":[{"id":11048,"href":"https:\/\/comlm.fr\/index.php\/wp-json\/wp\/v2\/product\/11044\/revisions\/11048"}],"wp:featuredmedia":[{"embeddable":true,"href":"https:\/\/comlm.fr\/index.php\/wp-json\/wp\/v2\/media\/11045"}],"wp:attachment":[{"href":"https:\/\/comlm.fr\/index.php\/wp-json\/wp\/v2\/media?parent=11044"}],"wp:term":[{"taxonomy":"product_brand","embeddable":true,"href":"https:\/\/comlm.fr\/index.php\/wp-json\/wp\/v2\/product_brand?post=11044"},{"taxonomy":"product_cat","embeddable":true,"href":"https:\/\/comlm.fr\/index.php\/wp-json\/wp\/v2\/product_cat?post=11044"},{"taxonomy":"product_tag","embeddable":true,"href":"https:\/\/comlm.fr\/index.php\/wp-json\/wp\/v2\/product_tag?post=11044"}],"curies":[{"name":"wp","href":"https:\/\/api.w.org\/{rel}","templated":true}]}}