{"id":11035,"date":"2025-04-15T20:24:20","date_gmt":"2025-04-15T18:24:20","guid":{"rendered":"https:\/\/comlm.fr\/?post_type=product&#038;p=11035"},"modified":"2025-04-15T20:31:30","modified_gmt":"2025-04-15T18:31:30","slug":"camera-tourelle-panasonic-aw-he-130-copy-copy-copy-copy-copy-copy-copy-copy-copy-copy-copy-2-copy-copy-copy-copy-copy-copy-copy-copy-copy","status":"publish","type":"product","link":"https:\/\/comlm.fr\/index.php\/produit\/camera-tourelle-panasonic-aw-he-130-copy-copy-copy-copy-copy-copy-copy-copy-copy-copy-copy-2-copy-copy-copy-copy-copy-copy-copy-copy-copy\/","title":{"rendered":"Enceinte MOJO500LineTWS"},"content":{"rendered":"<h4>Enceinte MOJO500LineTWS<\/h4>\n<p>Syst\u00e8me actif \u2013 250 W RMS avec DSP et Bluetooth TWS.<\/p>\n<p><strong>Diffusion large<br \/>\n<\/strong>L\u2019orientation ma\u00eetris\u00e9e des 6\u00a0haut-parleurs de la colonne permet d\u2019obtenir une dispersion de 120\u00b0 \u00e0 l\u2019horizontale et de 20\u00b0 \u00e0 la verticale.<br \/>\nCette diffusion asym\u00e9trique permet d\u2019\u00e9viter les ph\u00e9nom\u00e8nes de r\u00e9flexion et donc d\u2019optimiser le rendu m\u00eame dans les configurations difficiles.<\/p>\n<p><strong>Colonne<br \/>\n<\/strong>\u2022 Puissance : 100 W RMS \u2013 200 W max<br \/>\n\u2022 R\u00e9ponse en fr\u00e9quence\u00a0: 180\u00a0Hz \u2014 20KHz<br \/>\n\u2022 SPL max. (@1 m) : 116 dB<br \/>\n\u2022 Imp\u00e9dance nominale : 4 Ohms<br \/>\n\u2022 Haut-parleur\u00a0: 6 x 2,75\u00a0pouces large bande<br \/>\n\u2022 Dispersion\u00a0: 120\u00b0 x 20\u00b0 (HxV)<br \/>\n\u2022 Connecteur\u00a0: int\u00e9gr\u00e9 dans la base<br \/>\n\u2022 Dimensions\u00a0: (80 x 80 x 830\u00a0mm) x2<br \/>\n\u2022 Poids net\u00a0: 2,45\u00a0kg + 1,20\u00a0kg = 3,65\u00a0kg<\/p>\n<p>&nbsp;<\/p>\n<p><strong>Caisson<br \/>\n<\/strong>\u2022 Puissance : 150 W RMS \u2013 300 W max<br \/>\n\u2022 R\u00e9ponse en fr\u00e9quence\u00a0: 50 \u2013 200\u00a0Hz<br \/>\n\u2022 SPL max. (@1m)\u00a0: 116\u00a0dB<br \/>\n\u2022 Imp\u00e9dance nominale\u00a0: 4\u00a0Ohms<br \/>\n\u2022 Boomer\u00a0: 8\u00a0pouces<br \/>\n\u2022 Dimensions\u00a0: 340 x 430 x 400\u00a0mm<br \/>\n\u2022 Poids net\u00a0: 11\u00a0kg<\/p>\n<p>&nbsp;<\/p>\n<p>&nbsp;<\/p>\n","protected":false},"excerpt":{"rendered":"<p>Enceinte MOJO500LineTWS Syst\u00e8me actif \u2013 250 W RMS avec DSP et Bluetooth TWS. Diffusion large L\u2019orientation ma\u00eetris\u00e9e des 6\u00a0haut-parleurs de la colonne permet d\u2019obtenir une dispersion de 120\u00b0 \u00e0 l\u2019horizontale [&hellip;]<\/p>\n","protected":false},"featured_media":11036,"template":"","meta":[],"product_brand":[],"product_cat":[261,116],"product_tag":[],"class_list":{"0":"post-11035","1":"product","2":"type-product","3":"status-publish","4":"has-post-thumbnail","6":"product_cat-diffusion","7":"product_cat-sonorisation","10":"first","11":"instock","12":"taxable","13":"shipping-taxable","14":"product-type-simple"},"aioseo_notices":[],"_links":{"self":[{"href":"https:\/\/comlm.fr\/index.php\/wp-json\/wp\/v2\/product\/11035","targetHints":{"allow":["GET"]}}],"collection":[{"href":"https:\/\/comlm.fr\/index.php\/wp-json\/wp\/v2\/product"}],"about":[{"href":"https:\/\/comlm.fr\/index.php\/wp-json\/wp\/v2\/types\/product"}],"version-history":[{"count":1,"href":"https:\/\/comlm.fr\/index.php\/wp-json\/wp\/v2\/product\/11035\/revisions"}],"predecessor-version":[{"id":11039,"href":"https:\/\/comlm.fr\/index.php\/wp-json\/wp\/v2\/product\/11035\/revisions\/11039"}],"wp:featuredmedia":[{"embeddable":true,"href":"https:\/\/comlm.fr\/index.php\/wp-json\/wp\/v2\/media\/11036"}],"wp:attachment":[{"href":"https:\/\/comlm.fr\/index.php\/wp-json\/wp\/v2\/media?parent=11035"}],"wp:term":[{"taxonomy":"product_brand","embeddable":true,"href":"https:\/\/comlm.fr\/index.php\/wp-json\/wp\/v2\/product_brand?post=11035"},{"taxonomy":"product_cat","embeddable":true,"href":"https:\/\/comlm.fr\/index.php\/wp-json\/wp\/v2\/product_cat?post=11035"},{"taxonomy":"product_tag","embeddable":true,"href":"https:\/\/comlm.fr\/index.php\/wp-json\/wp\/v2\/product_tag?post=11035"}],"curies":[{"name":"wp","href":"https:\/\/api.w.org\/{rel}","templated":true}]}}