{"id":11027,"date":"2025-04-15T20:14:48","date_gmt":"2025-04-15T18:14:48","guid":{"rendered":"https:\/\/comlm.fr\/?post_type=product&#038;p=11027"},"modified":"2025-04-15T20:19:03","modified_gmt":"2025-04-15T18:19:03","slug":"camera-tourelle-panasonic-aw-he-130-copy-copy-copy-copy-copy-copy-copy-copy-copy-copy-copy-2-copy-copy-copy-copy-copy-copy-copy","status":"publish","type":"product","link":"https:\/\/comlm.fr\/index.php\/produit\/camera-tourelle-panasonic-aw-he-130-copy-copy-copy-copy-copy-copy-copy-copy-copy-copy-copy-2-copy-copy-copy-copy-copy-copy-copy\/","title":{"rendered":"Enceinte L-ACOUSTICS KARA"},"content":{"rendered":"<h4><strong>Enceinte <\/strong>L-ACOUSTICS KARA<\/h4>\n<p>Enceinte d\u2019array 2 voies actives<br \/>\nRecommand\u00e9e pour les petits concerts, festivals et les congr\u00e8s<br \/>\nDirectivit\u00e9 horizontale sym\u00e9trique : 110\u00b0<br \/>\nDirectivit\u00e9 verticale en fonction du nb d\u2019enceintes et de la courbure de la ligne source<br \/>\nR\u00e9ponse en fr\u00e9quence : 55 Hz \u2013 20 KHz<br \/>\nRMS long terme admissible LF: 450 W<br \/>\nHF: 80 W<br \/>\nNiveau SPL max : 139 dB<br \/>\nContr\u00f4leur amplifi\u00e9 d\u00e9di\u00e9 LA8<br \/>\nRenfort Sub-grave : SB18<br \/>\nConnecteurs : 2 embases Speakon\u00ae<br \/>\n4 points<br \/>\nFinition : brun gris<br \/>\nDimensions : L730 x H\/h 250\/164 x P482 mm<br \/>\nPoids : 26 kg<br \/>\nConditionnement : 1 flight-case de 3 pi\u00e8ces<\/p>\n<p><strong> Description<\/strong><br \/>\nPassive 2-way WST enclosure amplified by LA4X \/ LA8 \/ LA12X<\/p>\n<p>Niveau SPL max1 139 dB (preset [KARA])<\/p>\n<p>Nominal directivity Horizontal: 100\u00b0<\/p>\n<p>Imp\u00e9dance nominale : LF = 8 ohms, HF = 8 ohms<\/p>\n<p>Accrochage2 Acier haute r\u00e9sistance, certifi\u00e9 pour 24 KARA<\/p>\n<p>Poids (net) : 26 kg\u00a0 57.2 lbs<\/p>\n<p>&nbsp;<\/p>\n<p>&nbsp;<\/p>\n","protected":false},"excerpt":{"rendered":"<p>Enceinte L-ACOUSTICS KARA Enceinte d\u2019array 2 voies actives Recommand\u00e9e pour les petits concerts, festivals et les congr\u00e8s Directivit\u00e9 horizontale sym\u00e9trique : 110\u00b0 Directivit\u00e9 verticale en fonction du nb d\u2019enceintes et [&hellip;]<\/p>\n","protected":false},"featured_media":11028,"template":"","meta":[],"product_brand":[],"product_cat":[261,116],"product_tag":[],"class_list":{"0":"post-11027","1":"product","2":"type-product","3":"status-publish","4":"has-post-thumbnail","6":"product_cat-diffusion","7":"product_cat-sonorisation","10":"first","11":"instock","12":"taxable","13":"shipping-taxable","14":"product-type-simple"},"aioseo_notices":[],"_links":{"self":[{"href":"https:\/\/comlm.fr\/index.php\/wp-json\/wp\/v2\/product\/11027","targetHints":{"allow":["GET"]}}],"collection":[{"href":"https:\/\/comlm.fr\/index.php\/wp-json\/wp\/v2\/product"}],"about":[{"href":"https:\/\/comlm.fr\/index.php\/wp-json\/wp\/v2\/types\/product"}],"version-history":[{"count":1,"href":"https:\/\/comlm.fr\/index.php\/wp-json\/wp\/v2\/product\/11027\/revisions"}],"predecessor-version":[{"id":11029,"href":"https:\/\/comlm.fr\/index.php\/wp-json\/wp\/v2\/product\/11027\/revisions\/11029"}],"wp:featuredmedia":[{"embeddable":true,"href":"https:\/\/comlm.fr\/index.php\/wp-json\/wp\/v2\/media\/11028"}],"wp:attachment":[{"href":"https:\/\/comlm.fr\/index.php\/wp-json\/wp\/v2\/media?parent=11027"}],"wp:term":[{"taxonomy":"product_brand","embeddable":true,"href":"https:\/\/comlm.fr\/index.php\/wp-json\/wp\/v2\/product_brand?post=11027"},{"taxonomy":"product_cat","embeddable":true,"href":"https:\/\/comlm.fr\/index.php\/wp-json\/wp\/v2\/product_cat?post=11027"},{"taxonomy":"product_tag","embeddable":true,"href":"https:\/\/comlm.fr\/index.php\/wp-json\/wp\/v2\/product_tag?post=11027"}],"curies":[{"name":"wp","href":"https:\/\/api.w.org\/{rel}","templated":true}]}}