{"id":11023,"date":"2025-04-15T20:07:54","date_gmt":"2025-04-15T18:07:54","guid":{"rendered":"https:\/\/comlm.fr\/?post_type=product&#038;p=11023"},"modified":"2025-04-15T20:14:09","modified_gmt":"2025-04-15T18:14:09","slug":"camera-tourelle-panasonic-aw-he-130-copy-copy-copy-copy-copy-copy-copy-copy-copy-copy-copy-2-copy-copy-copy-copy-copy-copy","status":"publish","type":"product","link":"https:\/\/comlm.fr\/index.php\/produit\/camera-tourelle-panasonic-aw-he-130-copy-copy-copy-copy-copy-copy-copy-copy-copy-copy-copy-2-copy-copy-copy-copy-copy-copy\/","title":{"rendered":"Enceinte L-ACOUSTICS KIVA II"},"content":{"rendered":"<h4><strong>Enceinte <\/strong>L-ACOUSTICS\u00a0 KIVA II<\/h4>\n<p>Enceinte d\u2019array 2 voies passives<br \/>\nRecommand\u00e9e pour les petits concerts, festivals et les congr\u00e8s<br \/>\nUltra-compacte et l\u00e9g\u00e8re<br \/>\nCouverture horizontale 100\u00b0 homog\u00e8ne (K grill)<br \/>\nAngle vertical inter-\u00e9l\u00e9ments maximum de 15\u00b0<br \/>\nR\u00e9ponse en fr\u00e9quence : 70 Hz \u2013 20 kHz<br \/>\nRessources d\u2019amplification optimis\u00e9es (16 ohms)<br \/>\nNiveau SPL max : 138 dB (+ 6 dB SPL vs. Kiva)<br \/>\nContr\u00f4leur amplifi\u00e9 : LA4X \/ LA8<br \/>\nRenfort Sub-grave : SB15m<br \/>\nConnecteurs : 2 embases Speakon\u00ae 4 points<br \/>\nFinition : brun gris<br \/>\nDimensions : L525 x H\/h 202\/104 x P357 mm<br \/>\nPoids : 14 kg<br \/>\nConditionnement : 1 flight-case de 4 pi\u00e8ces<\/p>\n<p><strong> Description<\/strong><br \/>\nPassive 2-way WST enclosure amplified by LA4X \/ LA8 \/ LA12X<\/p>\n<p>Maximum SPL1 138 dB ([Kiva II])<\/p>\n<p>Nominal directivity Horizontal: 100\u00b0<\/p>\n<p>Imp\u00e9dance nominale 16 \u03a9<\/p>\n<p>Flush fitting 3-point rigging system<\/p>\n<p>Poids (net)\u00a0 \u00a0 \u00a0 \u00a0 14 kg \/ 31 lb<\/p>\n<p>&nbsp;<\/p>\n<p>&nbsp;<\/p>\n","protected":false},"excerpt":{"rendered":"<p>Enceinte L-ACOUSTICS\u00a0 KIVA II Enceinte d\u2019array 2 voies passives Recommand\u00e9e pour les petits concerts, festivals et les congr\u00e8s Ultra-compacte et l\u00e9g\u00e8re Couverture horizontale 100\u00b0 homog\u00e8ne (K grill) Angle vertical inter-\u00e9l\u00e9ments [&hellip;]<\/p>\n","protected":false},"featured_media":11024,"template":"","meta":[],"product_brand":[],"product_cat":[261,116],"product_tag":[],"class_list":{"0":"post-11023","1":"product","2":"type-product","3":"status-publish","4":"has-post-thumbnail","6":"product_cat-diffusion","7":"product_cat-sonorisation","10":"first","11":"instock","12":"taxable","13":"shipping-taxable","14":"product-type-simple"},"aioseo_notices":[],"_links":{"self":[{"href":"https:\/\/comlm.fr\/index.php\/wp-json\/wp\/v2\/product\/11023","targetHints":{"allow":["GET"]}}],"collection":[{"href":"https:\/\/comlm.fr\/index.php\/wp-json\/wp\/v2\/product"}],"about":[{"href":"https:\/\/comlm.fr\/index.php\/wp-json\/wp\/v2\/types\/product"}],"version-history":[{"count":1,"href":"https:\/\/comlm.fr\/index.php\/wp-json\/wp\/v2\/product\/11023\/revisions"}],"predecessor-version":[{"id":11025,"href":"https:\/\/comlm.fr\/index.php\/wp-json\/wp\/v2\/product\/11023\/revisions\/11025"}],"wp:featuredmedia":[{"embeddable":true,"href":"https:\/\/comlm.fr\/index.php\/wp-json\/wp\/v2\/media\/11024"}],"wp:attachment":[{"href":"https:\/\/comlm.fr\/index.php\/wp-json\/wp\/v2\/media?parent=11023"}],"wp:term":[{"taxonomy":"product_brand","embeddable":true,"href":"https:\/\/comlm.fr\/index.php\/wp-json\/wp\/v2\/product_brand?post=11023"},{"taxonomy":"product_cat","embeddable":true,"href":"https:\/\/comlm.fr\/index.php\/wp-json\/wp\/v2\/product_cat?post=11023"},{"taxonomy":"product_tag","embeddable":true,"href":"https:\/\/comlm.fr\/index.php\/wp-json\/wp\/v2\/product_tag?post=11023"}],"curies":[{"name":"wp","href":"https:\/\/api.w.org\/{rel}","templated":true}]}}