{"id":11017,"date":"2025-04-15T19:58:42","date_gmt":"2025-04-15T17:58:42","guid":{"rendered":"https:\/\/comlm.fr\/?post_type=product&#038;p=11017"},"modified":"2025-04-15T20:01:28","modified_gmt":"2025-04-15T18:01:28","slug":"camera-tourelle-panasonic-aw-he-130-copy-copy-copy-copy-copy-copy-copy-copy-copy-copy-copy-2-copy-copy-copy-copy","status":"publish","type":"product","link":"https:\/\/comlm.fr\/index.php\/produit\/camera-tourelle-panasonic-aw-he-130-copy-copy-copy-copy-copy-copy-copy-copy-copy-copy-copy-2-copy-copy-copy-copy\/","title":{"rendered":"Enceinte L-ACOUSTICS SB 15P SUB"},"content":{"rendered":"<h4><strong>Enceinte <\/strong>L-ACOUSTICS\u00a0 SB 15P SUB<\/h4>\n<p><strong>Description<\/strong><\/p>\n<p>Sub-grave amplifi\u00e9<br \/>\nRecommand\u00e9 pour les enceintes coaxiales amplifi\u00e9es 108P<br \/>\nAdapt\u00e9 au monitoring de concert et les syst\u00e8mes distribu\u00e9s<br \/>\nLimite basse fr\u00e9quence : 50 Hz<br \/>\nNiveau SPL max : 131 dB<br \/>\nConnecteurs : 2 x XLR cabl\u00e9s en parall\u00e8le, 2 x PowerCon\u00ae 120 ou 230 V<br \/>\nFinition : brun gris<br \/>\nDimensions : H440 x L520 x P520 mm<br \/>\nPoids : 36 Kg<\/p>\n<p>&nbsp;<\/p>\n","protected":false},"excerpt":{"rendered":"<p>Enceinte L-ACOUSTICS\u00a0 SB 15P SUB Description Sub-grave amplifi\u00e9 Recommand\u00e9 pour les enceintes coaxiales amplifi\u00e9es 108P Adapt\u00e9 au monitoring de concert et les syst\u00e8mes distribu\u00e9s Limite basse fr\u00e9quence : 50 Hz [&hellip;]<\/p>\n","protected":false},"featured_media":11018,"template":"","meta":[],"product_brand":[],"product_cat":[261,116],"product_tag":[],"class_list":{"0":"post-11017","1":"product","2":"type-product","3":"status-publish","4":"has-post-thumbnail","6":"product_cat-diffusion","7":"product_cat-sonorisation","10":"first","11":"instock","12":"taxable","13":"shipping-taxable","14":"product-type-simple"},"aioseo_notices":[],"_links":{"self":[{"href":"https:\/\/comlm.fr\/index.php\/wp-json\/wp\/v2\/product\/11017","targetHints":{"allow":["GET"]}}],"collection":[{"href":"https:\/\/comlm.fr\/index.php\/wp-json\/wp\/v2\/product"}],"about":[{"href":"https:\/\/comlm.fr\/index.php\/wp-json\/wp\/v2\/types\/product"}],"version-history":[{"count":1,"href":"https:\/\/comlm.fr\/index.php\/wp-json\/wp\/v2\/product\/11017\/revisions"}],"predecessor-version":[{"id":11019,"href":"https:\/\/comlm.fr\/index.php\/wp-json\/wp\/v2\/product\/11017\/revisions\/11019"}],"wp:featuredmedia":[{"embeddable":true,"href":"https:\/\/comlm.fr\/index.php\/wp-json\/wp\/v2\/media\/11018"}],"wp:attachment":[{"href":"https:\/\/comlm.fr\/index.php\/wp-json\/wp\/v2\/media?parent=11017"}],"wp:term":[{"taxonomy":"product_brand","embeddable":true,"href":"https:\/\/comlm.fr\/index.php\/wp-json\/wp\/v2\/product_brand?post=11017"},{"taxonomy":"product_cat","embeddable":true,"href":"https:\/\/comlm.fr\/index.php\/wp-json\/wp\/v2\/product_cat?post=11017"},{"taxonomy":"product_tag","embeddable":true,"href":"https:\/\/comlm.fr\/index.php\/wp-json\/wp\/v2\/product_tag?post=11017"}],"curies":[{"name":"wp","href":"https:\/\/api.w.org\/{rel}","templated":true}]}}